{"id":119874,"date":"2024-01-04T00:00:00","date_gmt":"2024-01-03T23:00:00","guid":{"rendered":"https:\/\/gpl-love.com\/fr\/produit\/cerato-multipurpose-elementor-woocommerce-theme\/"},"modified":"2026-03-20T22:58:14","modified_gmt":"2026-03-20T21:58:14","slug":"cerato-multipurpose-elementor-woocommerce-theme","status":"publish","type":"product","link":"https:\/\/gpl-love.com\/fr\/produit\/cerato-multipurpose-elementor-woocommerce-theme\/","title":{"rendered":"Cerato Multipurpose Elementor WooCommerce Theme 2.2.18"},"content":{"rendered":"<h3>Cerato Multipurpose Elementor WooCommerce Theme Traits<\/h3>\n<p>Le th\u00e8me Cerato Multipurpose Elementor WooCommerce est un th\u00e8me WordPress de pointe et adaptable qui est parfait pour g\u00e9n\u00e9rer des magasins en ligne, des blogs, des portefeuilles et des sites Web d&rsquo;entreprise. B\u00e9n\u00e9ficiant d&rsquo;un design convivial et de fonctionnalit\u00e9s robustes, Cerato vous permet de fa\u00e7onner votre site Web sans effort, sans n\u00e9cessiter aucune connaissance du codage. Il s&rsquo;int\u00e8gre parfaitement \u00e0 Elementor, un constructeur de pages tr\u00e8s recherch\u00e9 sur le march\u00e9. De plus, il est enti\u00e8rement optimis\u00e9 pour WooCommerce, vous accordant la possibilit\u00e9 d&rsquo;\u00e9tablir sans effort une boutique en ligne et de commencer la vente de vos produits ou services. Cerato propose une pl\u00e9thore de mod\u00e8les pr\u00e9alables, de widgets et d&rsquo;\u00e9l\u00e9ments, facilitant la cr\u00e9ation d&rsquo;un site Web poli et frappant. De plus, il priorise la vitesse et l&rsquo;optimisation du r\u00e9f\u00e9rencement, garantissant que votre site Web fonctionne rapidement et atteint un classement plus \u00e9lev\u00e9 sur les moteurs de recherche. Avec Cerato, vous avez la capacit\u00e9 de cr\u00e9er un site Web qui est in\u00e9gal\u00e9 dans le caract\u00e8re unique, la fonctionnalit\u00e9 et l&rsquo;attrait visuel, le tout sans compromettre les performances.<\/p>\n<ul>\n<li>Enti\u00e8rement compatible avec Elementor et WooCommerce<\/li>\n<li>Plus de 25 pages pr\u00e9-con\u00e7ues au choix<\/li>\n<li>Fonctionnalit\u00e9 de d\u00e9monstration d&rsquo;installation en un clic<\/li>\n<li>Design r\u00e9actif et adapt\u00e9 \u00e0 mobile<\/li>\n<li>Personnalisation facile avec le g\u00e9n\u00e9rateur de pages glisser-d\u00e9poser<\/li>\n<li>Les styles d&rsquo;en-t\u00eate et de pied de page \u00e0 choisir<\/li>\n<li>SEO optimis\u00e9 pour un meilleur classement des moteurs de recherche<\/li>\n<li>Widgets et shortcodes personnalis\u00e9s avanc\u00e9s<\/li>\n<li>Compatibilit\u00e9 entre les navigateurs<\/li>\n<li>Vitesse de chargement rapide et code propre<\/li>\n<li>Mises \u00e0 jour gratuites \u00e0 vie et documentation approfondie<\/li>\n<\/ul>\n","protected":false},"excerpt":{"rendered":"<p>D\u00e9couvrez la polyvalence et la sophistication du th\u00e8me Cerato Multipurpose Elementor WooCommerce. Cette solution innovante est con\u00e7ue pour r\u00e9volutionner votre plate-forme de commerce \u00e9lectronique, apportant une exp\u00e9rience utilisateur unique et transparente. Avec sa compatibilit\u00e9 Elementor, vous pouvez profiter de la construction de sites sans effort, vous permettant de personnaliser votre site Web \u00e0 votre guise. Le th\u00e8me est polyvalent, ce qui en fait un choix parfait pour tout type de boutique en ligne. Le th\u00e8me Cerato est \u00e9galement compatible avec WooCommerce, transformant votre site en une puissante boutique en ligne. Sa conception r\u00e9active garantit que votre site Web a fi\u00e8re allure sur n&rsquo;importe quel appareil. Am\u00e9liorez votre pr\u00e9sence de commerce \u00e9lectronique avec le th\u00e8me WooCommerce Cerato Multipurpose Elementor.<\/p>\n","protected":false},"featured_media":143370,"comment_status":"open","ping_status":"open","template":"","meta":[],"product_brand":[2433],"product_cat":[1238,1851,1212],"product_tag":[1366],"class_list":{"0":"post-119874","1":"product","2":"type-product","3":"status-publish","4":"has-post-thumbnail","6":"product_brand-themeforest","7":"product_cat-commerce-electronique-themes","8":"product_cat-entreprise-commerce-electronique-themes","9":"product_cat-themes","10":"product_tag-themeforest","11":"member-discount","12":"discount-restricted","14":"first","15":"instock","16":"sale","17":"downloadable","18":"virtual","19":"sold-individually","20":"purchasable","21":"product-type-simple"},"_links":{"self":[{"href":"https:\/\/gpl-love.com\/fr\/wp-json\/wp\/v2\/product\/119874","targetHints":{"allow":["GET"]}}],"collection":[{"href":"https:\/\/gpl-love.com\/fr\/wp-json\/wp\/v2\/product"}],"about":[{"href":"https:\/\/gpl-love.com\/fr\/wp-json\/wp\/v2\/types\/product"}],"replies":[{"embeddable":true,"href":"https:\/\/gpl-love.com\/fr\/wp-json\/wp\/v2\/comments?post=119874"}],"wp:featuredmedia":[{"embeddable":true,"href":"https:\/\/gpl-love.com\/fr\/wp-json\/wp\/v2\/media\/143370"}],"wp:attachment":[{"href":"https:\/\/gpl-love.com\/fr\/wp-json\/wp\/v2\/media?parent=119874"}],"wp:term":[{"taxonomy":"product_brand","embeddable":true,"href":"https:\/\/gpl-love.com\/fr\/wp-json\/wp\/v2\/product_brand?post=119874"},{"taxonomy":"product_cat","embeddable":true,"href":"https:\/\/gpl-love.com\/fr\/wp-json\/wp\/v2\/product_cat?post=119874"},{"taxonomy":"product_tag","embeddable":true,"href":"https:\/\/gpl-love.com\/fr\/wp-json\/wp\/v2\/product_tag?post=119874"}],"curies":[{"name":"wp","href":"https:\/\/api.w.org\/{rel}","templated":true}]}}