{"id":119872,"date":"2025-10-29T00:00:00","date_gmt":"2025-10-28T23:00:00","guid":{"rendered":"https:\/\/gpl-love.com\/fr\/produit\/cena-store-multipurpose-woocommerce-wordpress-theme\/"},"modified":"2026-03-20T22:58:12","modified_gmt":"2026-03-20T21:58:12","slug":"cena-store-multipurpose-woocommerce-wordpress-theme","status":"publish","type":"product","link":"https:\/\/gpl-love.com\/fr\/produit\/cena-store-multipurpose-woocommerce-wordpress-theme\/","title":{"rendered":"Cena Store Multipurpose WooCommerce WordPress Theme 2.11.32"},"content":{"rendered":"<h3>Cena Store Multipurpose WooCommerce WordPress Theme Traits<\/h3>\n<p>Le th\u00e8me WordPress WooCommerce de Cena Store se pr\u00e9sente comme une solution louable et bien adapt\u00e9e \u00e0 ceux qui cherchent \u00e0 \u00e9tablir un point de vente en ligne sophistiqu\u00e9 et poli. Avec son vaste r\u00e9pertoire de fonctionnalit\u00e9s de personnalisation, ce th\u00e8me permet aux utilisateurs de fa\u00e7onner une exp\u00e9rience d&rsquo;achat unique et captivante pour leur pr\u00e9cieux client\u00e8le. B\u00e9n\u00e9ficiant d&rsquo;un design contemporain et adaptable, le magasin en question d\u00e9gagera un air de qualit\u00e9 quel que soit l&rsquo;appareil sur lequel il est accessible. De plus, le th\u00e8me WOOCommerce WOOCommerce de Cena Store s&rsquo;int\u00e8gre de mani\u00e8re transparente \u00e0 WooCommerce, donnant ainsi \u00e0 ses utilisateurs une pl\u00e9thore de fonctionnalit\u00e9s de commerce \u00e9lectronique robustes, y compris, mais sans s&rsquo;y limiter, les pages de produits, les caddies et les m\u00e9canismes de caisse. Que la marchandise soit tangible ou intangible, ce th\u00e8me fournit tous les outils et ressources n\u00e9cessaires indispensables \u00e0 la cr\u00e9ation d&rsquo;un emporium en ligne florissant.<\/p>\n<ul>\n<li>Conception personnalisable pour les magasins de commerce \u00e9lectronique \u00e0 l&rsquo;aide de WooCommerce<\/li>\n<li>Plusieurs dispositions pr\u00e9d\u00e9finies au choix<\/li>\n<li>Page Builder pour une personnalisation facile<\/li>\n<li>Conception enti\u00e8rement r\u00e9active pour les utilisateurs de mobiles et de tablettes<\/li>\n<li>Mega menu pour une navigation am\u00e9lior\u00e9e<\/li>\n<li>Processus de paiement rapide et facile pour les clients<\/li>\n<li>Int\u00e9gration avec des passerelles de paiement populaires comme Stripe et PayPal<\/li>\n<li>SEO optimis\u00e9 pour un meilleur classement des moteurs de recherche<\/li>\n<li>Acc\u00e8s \u00e0 une biblioth\u00e8que de plugins et de widgets premium<\/li>\n<li>Support client 24\/7 et documentation inclus<\/li>\n<\/ul>\n","protected":false},"excerpt":{"rendered":"<p>Pr\u00e9sentation de Cena Store, un th\u00e8me WordPress WooCommerce polyvalent, parfait pour tous les types de d\u00e9taillants en ligne. Avec une interface facile \u00e0 utiliser, ce th\u00e8me est con\u00e7u pour rationaliser vos op\u00e9rations de commerce \u00e9lectronique, ce qui en fait le choix id\u00e9al pour les entreprises qui cherchent \u00e0 \u00e9tablir une forte pr\u00e9sence en ligne. Le th\u00e8me est pleinement r\u00e9actif, assurant une exp\u00e9rience de visualisation et d&rsquo;interaction optimale sur une gamme d&rsquo;appareils. Cena Store est construite en pensant au r\u00e9f\u00e9rencement, aidant votre entreprise \u00e0 se classement \u00e9lev\u00e9 sur les r\u00e9sultats des moteurs de recherche. Il offre \u00e9galement des options de personnalisation approfondies, vous permettant d&rsquo;adapter votre site Web \u00e0 refl\u00e9ter votre identit\u00e9 de marque. L&rsquo;une des fonctionnalit\u00e9s remarquables est son int\u00e9gration avec WooCommerce, une plate-forme de commerce \u00e9lectronique de premier plan, offrant une exp\u00e9rience d&rsquo;achat transparente \u00e0 vos clients. Avec Cena Store, vous pouvez \u00e9galement tirer parti des fonctionnalit\u00e9s avanc\u00e9es telles que la vue rapide du produit, le menu Mega et les filtres de produit pour am\u00e9liorer l&rsquo;exp\u00e9rience utilisateur. B\u00e9n\u00e9ficiez des mises \u00e0 jour r\u00e9guli\u00e8res et du support d\u00e9di\u00e9 pour maintenir votre boutique en ligne en douceur. Investissez dans le th\u00e8me WordPress de Cena Store d\u00e8s aujourd&rsquo;hui et amenez votre boutique en ligne \u00e0 de nouveaux sommets.<\/p>\n","protected":false},"featured_media":143368,"comment_status":"open","ping_status":"open","template":"","meta":[],"product_brand":[2433],"product_cat":[1238,1851,1212],"product_tag":[1366],"class_list":{"0":"post-119872","1":"product","2":"type-product","3":"status-publish","4":"has-post-thumbnail","6":"product_brand-themeforest","7":"product_cat-commerce-electronique-themes","8":"product_cat-entreprise-commerce-electronique-themes","9":"product_cat-themes","10":"product_tag-themeforest","11":"member-discount","12":"discount-restricted","14":"first","15":"instock","16":"sale","17":"downloadable","18":"virtual","19":"sold-individually","20":"purchasable","21":"product-type-simple"},"_links":{"self":[{"href":"https:\/\/gpl-love.com\/fr\/wp-json\/wp\/v2\/product\/119872","targetHints":{"allow":["GET"]}}],"collection":[{"href":"https:\/\/gpl-love.com\/fr\/wp-json\/wp\/v2\/product"}],"about":[{"href":"https:\/\/gpl-love.com\/fr\/wp-json\/wp\/v2\/types\/product"}],"replies":[{"embeddable":true,"href":"https:\/\/gpl-love.com\/fr\/wp-json\/wp\/v2\/comments?post=119872"}],"wp:featuredmedia":[{"embeddable":true,"href":"https:\/\/gpl-love.com\/fr\/wp-json\/wp\/v2\/media\/143368"}],"wp:attachment":[{"href":"https:\/\/gpl-love.com\/fr\/wp-json\/wp\/v2\/media?parent=119872"}],"wp:term":[{"taxonomy":"product_brand","embeddable":true,"href":"https:\/\/gpl-love.com\/fr\/wp-json\/wp\/v2\/product_brand?post=119872"},{"taxonomy":"product_cat","embeddable":true,"href":"https:\/\/gpl-love.com\/fr\/wp-json\/wp\/v2\/product_cat?post=119872"},{"taxonomy":"product_tag","embeddable":true,"href":"https:\/\/gpl-love.com\/fr\/wp-json\/wp\/v2\/product_tag?post=119872"}],"curies":[{"name":"wp","href":"https:\/\/api.w.org\/{rel}","templated":true}]}}