{"id":119870,"date":"2026-03-26T00:00:00","date_gmt":"2026-03-25T23:00:00","guid":{"rendered":"https:\/\/gpl-love.com\/fr\/produit\/cartflows-pro\/"},"modified":"2026-03-26T23:30:13","modified_gmt":"2026-03-26T22:30:13","slug":"cartflows-pro","status":"publish","type":"product","link":"https:\/\/gpl-love.com\/fr\/produit\/cartflows-pro\/","title":{"rendered":"CartFlows Pro 2.2.4"},"content":{"rendered":"<h3>CartFlows Pro Traits<\/h3>\n<p>Cartflows Pro, un plugin WordPress tr\u00e8s robuste, donne aux utilisateurs la possibilit\u00e9 de construire sans effort des entonnoirs de vente visuellement impressionnants tout en optimisant les taux de conversion. Gr\u00e2ce \u00e0 son interface de glisser-d\u00e9poser par les utilisateurs, les individus peuvent sans effort en modelant des pages de paiement personnalis\u00e9es, des offres de bosse de commande, des ventes de ventes, descendants et une myriade d&rsquo;autres \u00e9l\u00e9ments. De plus, Cartflows Pro s&rsquo;int\u00e8gre de mani\u00e8re transparente aux passerelles de paiement pro\u00e9minentes telles que Stripe et PayPal, permettant des transactions lisses et rationalis\u00e9es. De plus, les utilisateurs peuvent profiter de nombreuses fonctionnalit\u00e9s d&rsquo;analyse et de rapports, les permettant de surveiller et d&rsquo;\u00e9valuer m\u00e9ticuleusement leurs performances de vente. Non seulement cela, mais le plugin propose \u00e9galement une vaste s\u00e9lection de mod\u00e8les et de dispositions pr\u00e9-con\u00e7us, r\u00e9duisant le temps et les efforts n\u00e9cessaires pour cr\u00e9er des entonnoirs de vente convaincants et lucratifs \u00e0 quelques minutes. Peu importe que l&rsquo;on soit propri\u00e9taire d&rsquo;un site Web de commerce \u00e9lectronique, marketing ou entrepreneur, Cartflows Pro est la solution in\u00e9gal\u00e9e pour construire des entonnoirs de vente tr\u00e8s efficaces qui maximisent le potentiel de revenus.<\/p>\n<ul>\n<li>Un plugin WordPress puissant et convivial pour cr\u00e9er des entonnoirs de vente \u00e9lev\u00e9s<\/li>\n<li>Offre une gamme de mod\u00e8les pr\u00e9fabriqu\u00e9s et d&rsquo;\u00e9l\u00e9ments personnalisables pour concevoir vos propres entonnoirs<\/li>\n<li>S&rsquo;int\u00e8gre aux passerelles de marketing par e-mail et de paiement populaires pour les processus de vente rationalis\u00e9s<\/li>\n<li>Comprend des fonctionnalit\u00e9s avanc\u00e9es comme les tests A \/ B, la liaison dynamique et la logique conditionnelle pour une flexibilit\u00e9 et une optimisation maximales<\/li>\n<li>Fournit des analyses d\u00e9taill\u00e9es et des rapports pour suivre les mesures de performance cl\u00e9s et prendre des d\u00e9cisions bas\u00e9es sur les donn\u00e9es<\/li>\n<li>Offre des services de support de premier ordre et des tutoriels utiles pour vous assurer de tirer le meilleur parti du produit<\/li>\n<li>Con\u00e7u avec l&rsquo;optimisation SEO et mobile \u00e0 l&rsquo;esprit, garantissant que vos entonnoirs sont tr\u00e8s bien en train<\/li>\n<li>Livr\u00e9 avec une garantie de remboursement de 30 jours pour assurer votre satisfaction totale \u00e0 l&rsquo;\u00e9gard du produit.<\/li>\n<\/ul>\n","protected":false},"excerpt":{"rendered":"<p>Lib\u00e9rez le plein potentiel de votre entreprise en ligne avec Cartflows Pro! Ce plugin WordPress premium est con\u00e7u pour maximiser les taux de conversion de votre site Web, rationaliser vos entonnoirs de vente et optimiser votre processus de paiement. Avec son interface conviviale, vous pouvez facilement cr\u00e9er des pages de destination \u00e9lev\u00e9es, des ventes de vente et des pages \u00e0 la baisse. Profitez de nos bosses de commande en un clic pour augmenter consid\u00e9rablement votre valeur de transaction moyenne. Avec Cartflows Pro, vous pouvez \u00e9galement offrir \u00e0 vos clients une exp\u00e9rience de paiement sans couture et sans friction avec ses champs personnalisables. De plus, vous pouvez suivre vos performances avec notre fonctionnalit\u00e9 Advanced Analytics. Passez \u00e0 Cartflows Pro Now et d\u00e9verrouillez un monde de possibilit\u00e9s pour votre entreprise en ligne!<\/p>\n","protected":false},"featured_media":143362,"comment_status":"open","ping_status":"open","template":"","meta":[],"product_brand":[2488],"product_cat":[1182,1200,1181],"product_tag":[1229],"class_list":{"0":"post-119870","1":"product","2":"type-product","3":"status-publish","4":"has-post-thumbnail","6":"product_brand-cartflows","7":"product_cat-commerce-electronique-plugins","8":"product_cat-commercialisation","9":"product_cat-plugins","10":"product_tag-cartflows","11":"member-discount","12":"discount-restricted","14":"first","15":"instock","16":"sale","17":"downloadable","18":"virtual","19":"sold-individually","20":"purchasable","21":"product-type-simple"},"_links":{"self":[{"href":"https:\/\/gpl-love.com\/fr\/wp-json\/wp\/v2\/product\/119870","targetHints":{"allow":["GET"]}}],"collection":[{"href":"https:\/\/gpl-love.com\/fr\/wp-json\/wp\/v2\/product"}],"about":[{"href":"https:\/\/gpl-love.com\/fr\/wp-json\/wp\/v2\/types\/product"}],"replies":[{"embeddable":true,"href":"https:\/\/gpl-love.com\/fr\/wp-json\/wp\/v2\/comments?post=119870"}],"wp:featuredmedia":[{"embeddable":true,"href":"https:\/\/gpl-love.com\/fr\/wp-json\/wp\/v2\/media\/143362"}],"wp:attachment":[{"href":"https:\/\/gpl-love.com\/fr\/wp-json\/wp\/v2\/media?parent=119870"}],"wp:term":[{"taxonomy":"product_brand","embeddable":true,"href":"https:\/\/gpl-love.com\/fr\/wp-json\/wp\/v2\/product_brand?post=119870"},{"taxonomy":"product_cat","embeddable":true,"href":"https:\/\/gpl-love.com\/fr\/wp-json\/wp\/v2\/product_cat?post=119870"},{"taxonomy":"product_tag","embeddable":true,"href":"https:\/\/gpl-love.com\/fr\/wp-json\/wp\/v2\/product_tag?post=119870"}],"curies":[{"name":"wp","href":"https:\/\/api.w.org\/{rel}","templated":true}]}}