{"id":119868,"date":"2024-10-22T00:00:00","date_gmt":"2024-10-21T22:00:00","guid":{"rendered":"https:\/\/gpl-love.com\/fr\/produit\/calendarista-premium-edition-wordpress-appointment-booking-system\/"},"modified":"2026-03-20T22:57:53","modified_gmt":"2026-03-20T21:57:53","slug":"calendarista-premium-edition-wordpress-appointment-booking-systems","status":"publish","type":"product","link":"https:\/\/gpl-love.com\/fr\/produit\/calendarista-premium-edition-wordpress-appointment-booking-systems\/","title":{"rendered":"Calendarista Premium Edition WordPress appointment booking System 16.0.6"},"content":{"rendered":"<h3>Calendarista Premium Edition WordPress appointment booking System Traits<\/h3>\n<p>La CalendaRta Premium Edition est un syst\u00e8me de r\u00e9servation de rendez-vous complexe pour WordPress, qui donne aux utilisateurs la possibilit\u00e9 d&rsquo;administrer sans effort leurs rendez-vous, r\u00e9servations et r\u00e9servations en ligne. Dans ce syst\u00e8me se trouve une pl\u00e9thore de fonctionnalit\u00e9s avanc\u00e9es, telles que l&rsquo;inclusion de plusieurs fournisseurs de services, un livre et une bo\u00eete \u00e0 outils de gestion des calendriers, une vitrine de disponibilit\u00e9 en temps r\u00e9el et un formulaire de r\u00e9servation personnalisable. De plus, ce syst\u00e8me de r\u00e9servation s&rsquo;int\u00e8gre parfaitement aux passerelles de paiement renomm\u00e9es comme PayPal et Stripe, facilitant ainsi l&rsquo;acceptation des paiements en ligne pour les utilisateurs. B\u00e9n\u00e9ficiant d&rsquo;une interface conviviale et d&rsquo;une vaste gamme d&rsquo;options de personnalisation, ce syst\u00e8me permet une couture facile pour r\u00e9pondre aux besoins sp\u00e9cifiques de votre entreprise ou de votre marque. Gr\u00e2ce \u00e0 l&rsquo;utilisation de l&rsquo;\u00e9dition Calendarista Premium, les entreprises peuvent rationaliser leur proc\u00e9dure de r\u00e9servation et offrir \u00e0 leur client\u00e8le une exp\u00e9rience sans tracas, entra\u00eenant une efficacit\u00e9, une productivit\u00e9 et une satisfaction de la client\u00e8le accrue.<\/p>\n<ul>\n<li>Active la r\u00e9servation de rendez-vous en ligne pour les entreprises et les organisations<\/li>\n<li>Int\u00e9gre parfaitement les sites Web WordPress<\/li>\n<li>Offre une gamme d&rsquo;options de planification, y compris la dur\u00e9e du service, la disponibilit\u00e9 et les prix<\/li>\n<li>Fournit une gestion de rendez-vous flexible avec des fonctionnalit\u00e9s telles que les rappels par e-mail, les confirmations et les annulations<\/li>\n<li>Permet aux clients de planifier des rendez-vous directement sur le site Web sans avoir besoin d&rsquo;une r\u00e9servation manuelle<\/li>\n<li>Permet aux entreprises de sp\u00e9cifier les param\u00e8tres de rendez-vous pour r\u00e9pondre aux besoins op\u00e9rationnels<\/li>\n<li>Prend en charge plusieurs prestataires de services et emplacements, ce qui le rend id\u00e9al pour les entreprises avec plusieurs employ\u00e9s ou sites<\/li>\n<li>Offre des capacit\u00e9s avanc\u00e9es de rapports et d&rsquo;analyse pour suivre les r\u00e9servations de rendez-vous et le comportement du client<\/li>\n<li>Fournit des options de marque personnalisables pour correspondre aux th\u00e8mes commerciaux et aux sch\u00e9mas de couleurs<\/li>\n<li>Offre une interface propre et conviviale pour les entreprises et les clients.<\/li>\n<\/ul>\n","protected":false},"excerpt":{"rendered":"<p>Calendarista Premium Edition est un puissant syst\u00e8me de r\u00e9servation de rendez-vous WordPress con\u00e7u pour rationaliser votre processus de r\u00e9servation et de planification en ligne. Cette solution innovante fournit aux entreprises une plate-forme centralis\u00e9e qui rend la gestion de rendez-vous sans tracas. Avec ses fonctionnalit\u00e9s robustes et polyvalentes, vous pouvez facilement planifier des rendez-vous, accepter les r\u00e9servations en ligne et g\u00e9rer votre calendrier avec facilit\u00e9 et efficacit\u00e9.<\/p>\n<p>Notamment, Calendarista Premium Edition int\u00e8gre des fonctionnalit\u00e9s avanc\u00e9es, garantissant une exp\u00e9rience de r\u00e9servation transparente pour vos clients. Il propose plusieurs modes de r\u00e9servation &#8211; r\u00e9servations simples, multiples et d&rsquo;\u00e9poque &#8211; r\u00e9pondant ainsi \u00e0 diverses exigences commerciales. De plus, le syst\u00e8me prend en charge une gamme de passerelles de paiement pour les transactions s\u00e9curis\u00e9es et pratiques, y compris PayPal, Stripe et 2Checkout.<\/p>\n<p>De plus, le syst\u00e8me est \u00e9quip\u00e9 d&rsquo;un tableau de bord intuitif et convivial qui permet une navigation et un contr\u00f4le faciles. Il fournit \u00e9galement des notifications et des rappels en temps r\u00e9el, vous en tirant au courant de tous vos rendez-vous. La flexibilit\u00e9 du syst\u00e8me lui permet de personnaliser pour r\u00e9pondre \u00e0 vos besoins commerciaux sp\u00e9cifiques, ce qui en fait un choix id\u00e9al pour les entreprises de toutes tailles et types<\/p>\n","protected":false},"featured_media":143347,"comment_status":"open","ping_status":"closed","template":"","meta":[],"product_brand":[2435],"product_cat":[1189,1181,1186],"product_tag":[1231],"class_list":{"0":"post-119868","1":"product","2":"type-product","3":"status-publish","4":"has-post-thumbnail","6":"product_brand-codecanyon","7":"product_cat-personnalisation","8":"product_cat-plugins","9":"product_cat-wordpress-plugins","10":"product_tag-codecanyon","11":"member-discount","12":"discount-restricted","14":"first","15":"instock","16":"sale","17":"downloadable","18":"virtual","19":"sold-individually","20":"purchasable","21":"product-type-simple"},"_links":{"self":[{"href":"https:\/\/gpl-love.com\/fr\/wp-json\/wp\/v2\/product\/119868","targetHints":{"allow":["GET"]}}],"collection":[{"href":"https:\/\/gpl-love.com\/fr\/wp-json\/wp\/v2\/product"}],"about":[{"href":"https:\/\/gpl-love.com\/fr\/wp-json\/wp\/v2\/types\/product"}],"replies":[{"embeddable":true,"href":"https:\/\/gpl-love.com\/fr\/wp-json\/wp\/v2\/comments?post=119868"}],"wp:featuredmedia":[{"embeddable":true,"href":"https:\/\/gpl-love.com\/fr\/wp-json\/wp\/v2\/media\/143347"}],"wp:attachment":[{"href":"https:\/\/gpl-love.com\/fr\/wp-json\/wp\/v2\/media?parent=119868"}],"wp:term":[{"taxonomy":"product_brand","embeddable":true,"href":"https:\/\/gpl-love.com\/fr\/wp-json\/wp\/v2\/product_brand?post=119868"},{"taxonomy":"product_cat","embeddable":true,"href":"https:\/\/gpl-love.com\/fr\/wp-json\/wp\/v2\/product_cat?post=119868"},{"taxonomy":"product_tag","embeddable":true,"href":"https:\/\/gpl-love.com\/fr\/wp-json\/wp\/v2\/product_tag?post=119868"}],"curies":[{"name":"wp","href":"https:\/\/api.w.org\/{rel}","templated":true}]}}