{"id":119864,"date":"2025-01-28T00:00:00","date_gmt":"2025-01-27T23:00:00","guid":{"rendered":"https:\/\/gpl-love.com\/fr\/produit\/brooklyn-creative-multipurpose-responsive-wordpress-theme\/"},"modified":"2026-03-20T22:57:32","modified_gmt":"2026-03-20T21:57:32","slug":"brooklyn-creative-multipurpose-responsive-wordpress-theme","status":"publish","type":"product","link":"https:\/\/gpl-love.com\/fr\/produit\/brooklyn-creative-multipurpose-responsive-wordpress-theme\/","title":{"rendered":"Brooklyn Creative Multipurpose Responsive WordPress Theme 4.9.9.5"},"content":{"rendered":"<h3>Brooklyn Creative Multipurpose Responsive WordPress Theme Traits<\/h3>\n<p>Le th\u00e8me WordPress r\u00e9actif multipurpose Brooklyn Creative est une solution compl\u00e8te et globale qui r\u00e9pond aux besoins des concepteurs Web et des d\u00e9veloppeurs qui aspirent \u00e0 fa\u00e7onner un site Web visuellement captivant pour leurs clients ou pour une utilisation personnelle. Ce th\u00e8me particulier se vante d&rsquo;une conception de pointe et polie qui est enti\u00e8rement adaptable et r\u00e9active, ce qui en fait un choix id\u00e9al pour la compatibilit\u00e9 avec n&rsquo;importe quel appareil ou dimension d&rsquo;\u00e9cran. L&rsquo;inclusion du constructeur de pages Visual Composer, connu pour ses capacit\u00e9s robustes, permet aux utilisateurs de forger sans effort des dispositions et des conceptions personnalis\u00e9es sans n\u00e9cessiter de prouesses de codage. De plus, le th\u00e8me de Brooklyn englobe un r\u00e9pertoire diversifi\u00e9 de dispositions pr\u00e9-con\u00e7ues, garantissant que le processus de fa\u00e7onner un site Web esth\u00e9tique est acc\u00e9l\u00e9r\u00e9 et sans tracas. Augmenter sa polyvalence, ce th\u00e8me est regroup\u00e9 avec un formidable gamme de plugins, y compris le curseur et le lideur de couches tr\u00e8s acclam\u00e9s, qui accordent aux utilisateurs la possibilit\u00e9 d&rsquo;impr\u00e9gner leurs sites Web avec des fonctionnalit\u00e9s accrues. En r\u00e9sum\u00e9, le th\u00e8me WordPress r\u00e9actif multipurpose de Brooklyn Creative est une alternative v\u00e9ritablement mall\u00e9able et conviviale qui r\u00e9pond aux pr\u00e9f\u00e9rences et aux exigences des personnes cherchant \u00e0 fabriquer un site Web vraiment remarquable.<\/p>\n<ul>\n<li>Th\u00e8me polyvalent adapt\u00e9 \u00e0 un large \u00e9ventail de sites Web<\/li>\n<li>Conception enti\u00e8rement r\u00e9active et conviviale pour une visualisation optimale sur tous les appareils<\/li>\n<li>Options de mise en page flexibles avec des widgets personnalisables et des mod\u00e8les de page<\/li>\n<li>Design propre et moderne en mettant l&rsquo;accent sur la typographie et la lisibilit\u00e9<\/li>\n<li>Comprend une vari\u00e9t\u00e9 de d\u00e9mos pr\u00e9-con\u00e7ues pour une configuration et une personnalisation faciles<\/li>\n<li>Panneau d&rsquo;options de th\u00e8me avanc\u00e9 pour une personnalisation facile des couleurs, des polices et plus<\/li>\n<li>Compatible avec les plugins populaires pour des fonctionnalit\u00e9s et une int\u00e9gration suppl\u00e9mentaires avec des services tiers<\/li>\n<li>Optimis\u00e9 pour le r\u00e9f\u00e9rencement pour aider \u00e0 am\u00e9liorer la visibilit\u00e9 de votre site Web dans les moteurs de recherche<\/li>\n<li>Comprend une documentation compl\u00e8te et un support pour un d\u00e9pannage facile et une assistance de configuration.<\/li>\n<\/ul>\n","protected":false},"excerpt":{"rendered":"<p>Explorez le monde des possibilit\u00e9s sans fin avec le th\u00e8me WordPress r\u00e9actif multipurpose Brooklyn Creative. Fabriqu\u00e9 pour la polyvalence, ce th\u00e8me innovant s&rsquo;adresse \u00e0 une myriade d&rsquo;entreprises, de blogueurs et de personnes cr\u00e9atives \u00e0 la recherche d&rsquo;une pr\u00e9sence en ligne unique. Con\u00e7u pour la r\u00e9activit\u00e9, il garantit que votre site Web sera impressionnant sur n&rsquo;importe quel appareil, des ordinateurs de bureau aux mobiles. Sa fonctionnalit\u00e9 polyvalente vous permet d&rsquo;adapter le th\u00e8me pour s&rsquo;adapter \u00e0 diverses industries, ce qui en fait un choix parfait pour les photographes, les designers, les artistes et les magasins en ligne. Le th\u00e8me est livr\u00e9 avec une large gamme de fonctionnalit\u00e9s personnalisables, vous permettant de cr\u00e9er un site Web qui refl\u00e8te vraiment la personnalit\u00e9 de votre marque. Aucune comp\u00e9tence de codage? Aucun probl\u00e8me! Le th\u00e8me WordPress r\u00e9actif multipurpose cr\u00e9atif de Brooklyn est convivial, ce qui fait de la conception du site Web un jeu d&rsquo;enfant. Transformez votre pr\u00e9sence en ligne avec le th\u00e8me WordPress r\u00e9actif multipurpose de Brooklyn Creative &#8211; l&rsquo;incarnation de la flexibilit\u00e9, de la fonctionnalit\u00e9 et du flair.<\/p>\n","protected":false},"featured_media":143324,"comment_status":"open","ping_status":"open","template":"","meta":[],"product_brand":[2433],"product_cat":[1214,1212,1213],"product_tag":[1366],"class_list":{"0":"post-119864","1":"product","2":"type-product","3":"status-publish","4":"has-post-thumbnail","6":"product_brand-themeforest","7":"product_cat-polyvalent","8":"product_cat-themes","9":"product_cat-wordpress-themes","10":"product_tag-themeforest","11":"member-discount","12":"discount-restricted","14":"first","15":"instock","16":"sale","17":"downloadable","18":"virtual","19":"sold-individually","20":"purchasable","21":"product-type-simple"},"_links":{"self":[{"href":"https:\/\/gpl-love.com\/fr\/wp-json\/wp\/v2\/product\/119864","targetHints":{"allow":["GET"]}}],"collection":[{"href":"https:\/\/gpl-love.com\/fr\/wp-json\/wp\/v2\/product"}],"about":[{"href":"https:\/\/gpl-love.com\/fr\/wp-json\/wp\/v2\/types\/product"}],"replies":[{"embeddable":true,"href":"https:\/\/gpl-love.com\/fr\/wp-json\/wp\/v2\/comments?post=119864"}],"wp:featuredmedia":[{"embeddable":true,"href":"https:\/\/gpl-love.com\/fr\/wp-json\/wp\/v2\/media\/143324"}],"wp:attachment":[{"href":"https:\/\/gpl-love.com\/fr\/wp-json\/wp\/v2\/media?parent=119864"}],"wp:term":[{"taxonomy":"product_brand","embeddable":true,"href":"https:\/\/gpl-love.com\/fr\/wp-json\/wp\/v2\/product_brand?post=119864"},{"taxonomy":"product_cat","embeddable":true,"href":"https:\/\/gpl-love.com\/fr\/wp-json\/wp\/v2\/product_cat?post=119864"},{"taxonomy":"product_tag","embeddable":true,"href":"https:\/\/gpl-love.com\/fr\/wp-json\/wp\/v2\/product_tag?post=119864"}],"curies":[{"name":"wp","href":"https:\/\/api.w.org\/{rel}","templated":true}]}}