{"id":119860,"date":"2023-01-13T00:00:00","date_gmt":"2023-01-12T23:00:00","guid":{"rendered":"https:\/\/gpl-love.com\/fr\/produit\/briefcase-elementor-widgets\/"},"modified":"2026-03-20T22:57:29","modified_gmt":"2026-03-20T21:57:29","slug":"briefcase-elementor-widgets","status":"publish","type":"product","link":"https:\/\/gpl-love.com\/fr\/produit\/briefcase-elementor-widgets\/","title":{"rendered":"Briefcase Elementor Widgets 2.1.5"},"content":{"rendered":"<h3>Briefcase Elementor Widgets Traits<\/h3>\n<p>Les widgets Elementor de mallette sont un plugin incroyablement polyvalent qui offre une vaste gamme de fonctionnalit\u00e9s, vous permettant d&rsquo;am\u00e9liorer sans effort votre site Web. En utilisant ce plugin, vous avez la possibilit\u00e9 d&rsquo;\u00e9laborer des widgets visuellement frappants qui augmenteront ind\u00e9niablement l&rsquo;exp\u00e9rience utilisateur de votre site Web. Les options personnalisables offertes par ce plugin sont vraiment sans limites, car vous pouvez int\u00e9grer de mani\u00e8re transparente une pl\u00e9thore de widgets, y compris, mais sans s&rsquo;y limiter, les accord\u00e9ons, les t\u00e9moignages, \u00e0 vos pr\u00e9f\u00e9rences. Remarquablement, cet outil vous permet de construire des sites Web de qualit\u00e9 professionnelle d\u00e9pourvus de toute expertise technique. Son interface conviviale vous guide sans effort dans le processus de cr\u00e9ation du widget, ce qui le rend une brise absolue. De plus, les widgets g\u00e9n\u00e9r\u00e9s sont enti\u00e8rement r\u00e9actifs, garantissant ainsi leur apparence optimale \u00e0 travers un \u00e9ventail diversifi\u00e9 d&rsquo;appareils. Essentiellement, les widgets d&rsquo;\u00e9l\u00e9ment de mallette sont un atout indispensable pour les d\u00e9veloppeurs Web, les designers et toute personne ayant des aspirations de fa\u00e7onner un site Web impressionnant.<\/p>\n<ul>\n<li>Un ensemble de widgets con\u00e7us sp\u00e9cifiquement pour une utilisation avec le plugin de g\u00e9n\u00e9rateur de page Elementor<\/li>\n<li>Comprend une gamme de widgets pour am\u00e9liorer les fonctionnalit\u00e9s de votre site Web, y compris les accord\u00e9ons, les barres de progression, les flip coffre<\/li>\n<li>Les widgets sont hautement personnalisables, avec une gamme d&rsquo;options pour les couleurs, les polices, les tailles et autres fonctionnalit\u00e9s de conception<\/li>\n<li>Con\u00e7u pour la facilit\u00e9 d&rsquo;utilisation, avec des commandes intuitives et une interface conviviale<\/li>\n<li>Optimis\u00e9 pour les performances, avec un code l\u00e9ger et une conception efficace pour les pages \u00e0 chargement rapide<\/li>\n<li>Compatible avec un large \u00e9ventail de th\u00e8mes et de styles de site Web, assurant une int\u00e9gration transparente avec la conception de votre site Web existant<\/li>\n<li>Constamment mis \u00e0 jour et am\u00e9lior\u00e9, avec des versions r\u00e9guli\u00e8res de nouveaux widgets et fonctionnalit\u00e9s pour suivre les tendances et technologies de la conception Web<\/li>\n<li>Soutenu par le support et la documentation experts pour vous aider \u00e0 tirer le meilleur parti de votre investissement dans ces puissants outils de construction de sites Web.<\/li>\n<\/ul>\n","protected":false},"excerpt":{"rendered":"<p>Pr\u00e9sentation de nos widgets Elementor de mallette &#8211; Un outil puissant con\u00e7u pour \u00e9lever le processus de conception de votre site Web. Ces widgets offrent une interface transparente avec Elementor, l&rsquo;un des constructeurs de sites les plus populaires dans le monde. Nos widgets Elementor Dispase Elementor offrent une gamme de fonctionnalit\u00e9s qui vous permettent de concevoir et de personnaliser facilement votre site Web.<\/p>\n<p>Ces widgets sont sp\u00e9cialement con\u00e7us pour vous fournir des options dynamiques et interactives pour am\u00e9liorer le contenu de votre site Web. Que vous conceviez un blog, un magasin de commerce \u00e9lectronique ou un portefeuille professionnel, nos widgets peuvent vous aider \u00e0 cr\u00e9er un site Web unique et personnalis\u00e9.<\/p>\n<p>Les widgets Elementor Dispase Elementor sont faciles \u00e0 utiliser, vous offrant une exp\u00e9rience conviviale qui fait de la conception du site Web un jeu d&rsquo;enfant. Ils sont tr\u00e8s flexibles et personnalisables, vous permettant d&rsquo;ajuster l&rsquo;apparence de votre site Web en fonction de votre identit\u00e9 de marque.<\/p>\n<p>De plus, les widgets Elementor de mallette sont compatibles avec tous les navigateurs modernes et sont r\u00e9actifs, garantissant que votre site Web a fi\u00e8re allure sur tous les appareils et tailles d&rsquo;\u00e9cran.<\/p>\n<p>Avec les widgets Elementor de mallette<\/p>\n","protected":false},"featured_media":143320,"comment_status":"open","ping_status":"open","template":"","meta":[],"product_brand":[2481],"product_cat":[1182,1223,1181],"product_tag":[1225],"class_list":{"0":"post-119860","1":"product","2":"type-product","3":"status-publish","4":"has-post-thumbnail","6":"product_brand-briefcase","7":"product_cat-commerce-electronique-plugins","8":"product_cat-personnalisation-commerce-electronique-plugins","9":"product_cat-plugins","10":"product_tag-briefcase","11":"member-discount","12":"discount-restricted","14":"first","15":"instock","16":"sale","17":"downloadable","18":"virtual","19":"sold-individually","20":"purchasable","21":"product-type-simple"},"_links":{"self":[{"href":"https:\/\/gpl-love.com\/fr\/wp-json\/wp\/v2\/product\/119860","targetHints":{"allow":["GET"]}}],"collection":[{"href":"https:\/\/gpl-love.com\/fr\/wp-json\/wp\/v2\/product"}],"about":[{"href":"https:\/\/gpl-love.com\/fr\/wp-json\/wp\/v2\/types\/product"}],"replies":[{"embeddable":true,"href":"https:\/\/gpl-love.com\/fr\/wp-json\/wp\/v2\/comments?post=119860"}],"wp:featuredmedia":[{"embeddable":true,"href":"https:\/\/gpl-love.com\/fr\/wp-json\/wp\/v2\/media\/143320"}],"wp:attachment":[{"href":"https:\/\/gpl-love.com\/fr\/wp-json\/wp\/v2\/media?parent=119860"}],"wp:term":[{"taxonomy":"product_brand","embeddable":true,"href":"https:\/\/gpl-love.com\/fr\/wp-json\/wp\/v2\/product_brand?post=119860"},{"taxonomy":"product_cat","embeddable":true,"href":"https:\/\/gpl-love.com\/fr\/wp-json\/wp\/v2\/product_cat?post=119860"},{"taxonomy":"product_tag","embeddable":true,"href":"https:\/\/gpl-love.com\/fr\/wp-json\/wp\/v2\/product_tag?post=119860"}],"curies":[{"name":"wp","href":"https:\/\/api.w.org\/{rel}","templated":true}]}}