{"id":119856,"date":"2021-11-09T00:00:00","date_gmt":"2021-11-08T23:00:00","guid":{"rendered":"https:\/\/gpl-love.com\/fr\/produit\/bookshop-storefront-woocommerce-theme\/"},"modified":"2026-03-20T22:57:11","modified_gmt":"2026-03-20T21:57:11","slug":"bookshop-storefront-woocommerce-theme","status":"publish","type":"product","link":"https:\/\/gpl-love.com\/fr\/produit\/bookshop-storefront-woocommerce-theme\/","title":{"rendered":"Bookshop Storefront WooCommerce Theme 1.0.20"},"content":{"rendered":"<h3>Bookshop Storefront WooCommerce Theme Traits<\/h3>\n<p>Le th\u00e8me WooCommerce de la librairie se pr\u00e9sente comme une solution optimale qui s&rsquo;adresse \u00e0 ceux qui recherchent un th\u00e8me s\u00e9duisant et abondant pour leur librairie en ligne. Affichant un design \u00e9l\u00e9gant et contemporain, ce th\u00e8me offre des capacit\u00e9s de personnalisation compl\u00e8tes, vous accordant un large \u00e9ventail d&rsquo;options pour vous assurer que votre magasin se d\u00e9marque au milieu de la vaste foule. La convivialit\u00e9 des utilisateurs se trouve au c\u0153ur de sa conception, comme en t\u00e9moigne sa navigation sans effort, ses pages mall\u00e9ables et sa disposition r\u00e9active qui garantit une apparence esth\u00e9tiquement agr\u00e9able sur chaque appareil imaginable. \u00c9quip\u00e9 d&rsquo;une pl\u00e9thore d&rsquo;attributs tels que des filtres de produit, des listes de souhaits et des fonctionnalit\u00e9s de vue rapide, ce th\u00e8me facilite sans effort la qu\u00eate de vos clients pour localiser et se procurer les livres qu&rsquo;ils aspirent. Ainsi, il devient \u00e9vident que le th\u00e8me WooCommerce de la librairie est un atout indispensable pour tout aspirant propri\u00e9taire de librairie en ligne dans leur qu\u00eate pour captiver et retenir les clients, propulsant finalement leurs ventes \u00e0 de nouveaux sommets.<\/p>\n<ul>\n<li>Th\u00e8me WooCommerce hautement personnalisable adapt\u00e9 aux librairies<\/li>\n<li>Design moderne et \u00e9l\u00e9gant pour pr\u00e9senter vos produits de la meilleure fa\u00e7on possible<\/li>\n<li>Prise en charge int\u00e9gr\u00e9e pour les fonctionnalit\u00e9s de WooCommerce telles que le panier, le paiement et les galeries de produits<\/li>\n<li>Mobile r\u00e9actif et optimis\u00e9 pour diff\u00e9rentes tailles d&rsquo;\u00e9cran de p\u00e9riph\u00e9rique<\/li>\n<li>Plusieurs sch\u00e9mas de couleurs et options de police \u00e0 choisir<\/li>\n<li>Panneau de personnalisation facile \u00e0 utiliser pour ajuster les couleurs, la typographie et les graphiques<\/li>\n<li>Plusieurs options d&rsquo;affichage de produits, y compris la grille, la liste et les dispositions de carrousel<\/li>\n<li>Banni\u00e8re de page d&rsquo;accueil personnalisable pour pr\u00e9senter vos versions les plus vendues ou les nouvelles versions<\/li>\n<li>Pages de produits flexibles avec des options de produits configurables et des produits connexes<\/li>\n<li>Code et int\u00e9gration conviviales avec le r\u00e9f\u00e9rencement avec des plugins SEO populaires pour WordPress<\/li>\n<li>Documentation d\u00e9taill\u00e9e et soutien de d\u00e9veloppeurs de th\u00e8me exp\u00e9riment\u00e9s.<\/li>\n<\/ul>\n","protected":false},"excerpt":{"rendered":"<p>D\u00e9couvrez une r\u00e9volution dans le commerce \u00e9lectronique avec notre th\u00e8me WooCommerce de vitrines. Ce th\u00e8me est un m\u00e9lange parfait de style, de fonctionnalit\u00e9 et de commodit\u00e9, con\u00e7u sp\u00e9cifiquement pour am\u00e9liorer votre librairie en ligne. Il poss\u00e8de une plate-forme WooCommerce facile \u00e0 utiliser, offrant une exp\u00e9rience d&rsquo;achat transparente \u00e0 vos clients.<\/p>\n<p>Le th\u00e8me de la devanture pr\u00e9sente un design accrocheur qui est esth\u00e9tiquement attrayant et invitant. Il est livr\u00e9 avec une disposition personnalisable qui vous permet de personnaliser votre boutique en ligne pour refl\u00e9ter l&rsquo;identit\u00e9 de votre marque.<\/p>\n<p>Le th\u00e8me WooCommerce est r\u00e9actif, garantissant que votre librairie en ligne a fi\u00e8re allure sur tous les appareils. Il poss\u00e8de \u00e9galement des fonctionnalit\u00e9s conviviales de r\u00e9f\u00e9rencement pour aider \u00e0 stimuler la visibilit\u00e9 de votre site Web sur les moteurs de recherche.<\/p>\n<p>Notre th\u00e8me WooCommerce de la librairie ne concerne pas seulement l&rsquo;esth\u00e9tique; Il offre \u00e9galement d&rsquo;excellentes performances. Il est l\u00e9ger et \u00e0 chargement rapide, augmentant l&rsquo;efficacit\u00e9 de votre site Web et r\u00e9duisant les temps d&rsquo;attente des clients.<\/p>\n<p>Ce th\u00e8me prend \u00e9galement en charge diverses passerelles de paiement, offrant \u00e0 vos clients une exp\u00e9rience d&rsquo;achat s\u00e9curis\u00e9e et sans tracas.<\/p>\n<p>Incorporez cette vitrine de la librairie<\/p>\n","protected":false},"featured_media":143301,"comment_status":"open","ping_status":"open","template":"","meta":[],"product_brand":[2440],"product_cat":[1238,1851,1212],"product_tag":[1398],"class_list":{"0":"post-119856","1":"product","2":"type-product","3":"status-publish","4":"has-post-thumbnail","6":"product_brand-woocommerce","7":"product_cat-commerce-electronique-themes","8":"product_cat-entreprise-commerce-electronique-themes","9":"product_cat-themes","10":"product_tag-woocommerce","11":"member-discount","12":"discount-restricted","14":"first","15":"instock","16":"sale","17":"downloadable","18":"virtual","19":"sold-individually","20":"purchasable","21":"product-type-simple"},"_links":{"self":[{"href":"https:\/\/gpl-love.com\/fr\/wp-json\/wp\/v2\/product\/119856","targetHints":{"allow":["GET"]}}],"collection":[{"href":"https:\/\/gpl-love.com\/fr\/wp-json\/wp\/v2\/product"}],"about":[{"href":"https:\/\/gpl-love.com\/fr\/wp-json\/wp\/v2\/types\/product"}],"replies":[{"embeddable":true,"href":"https:\/\/gpl-love.com\/fr\/wp-json\/wp\/v2\/comments?post=119856"}],"wp:featuredmedia":[{"embeddable":true,"href":"https:\/\/gpl-love.com\/fr\/wp-json\/wp\/v2\/media\/143301"}],"wp:attachment":[{"href":"https:\/\/gpl-love.com\/fr\/wp-json\/wp\/v2\/media?parent=119856"}],"wp:term":[{"taxonomy":"product_brand","embeddable":true,"href":"https:\/\/gpl-love.com\/fr\/wp-json\/wp\/v2\/product_brand?post=119856"},{"taxonomy":"product_cat","embeddable":true,"href":"https:\/\/gpl-love.com\/fr\/wp-json\/wp\/v2\/product_cat?post=119856"},{"taxonomy":"product_tag","embeddable":true,"href":"https:\/\/gpl-love.com\/fr\/wp-json\/wp\/v2\/product_tag?post=119856"}],"curies":[{"name":"wp","href":"https:\/\/api.w.org\/{rel}","templated":true}]}}