{"id":119854,"date":"2023-09-21T00:00:00","date_gmt":"2023-09-20T22:00:00","guid":{"rendered":"https:\/\/gpl-love.com\/fr\/produit\/booked-appointment-booking-pour-wordpress\/"},"modified":"2026-03-20T22:56:39","modified_gmt":"2026-03-20T21:56:39","slug":"booked-appointment-booking-pour-wordpress","status":"publish","type":"product","link":"https:\/\/gpl-love.com\/fr\/produit\/booked-appointment-booking-pour-wordpress\/","title":{"rendered":"Booked Appointment Booking pour WordPress 2.4.4"},"content":{"rendered":"<h3>Booked Appointment Booking pour WordPress Traits<\/h3>\n<p>La r\u00e9servation de rendez-vous r\u00e9serv\u00e9e pour WordPress est un plugin exceptionnellement robuste et tr\u00e8s intuitif qui offre aux clients la capacit\u00e9 remarquable de r\u00e9server sans effort les rendez-vous. L&rsquo;interface du plugin poss\u00e8de une conception simpliste mais remarquablement conviviale qui permet aux clients de s\u00e9lectionner sans effort les dates et les heures qui leur sont les plus pratiques. De plus, ce plugin exceptionnel offre en outre une vaste gamme de fonctionnalit\u00e9s personnalisables, offrant aux entreprises la possibilit\u00e9 d&rsquo;adapter les types de rendez-vous, les dur\u00e9es et les notifications \u00e0 leurs besoins et pr\u00e9f\u00e9rences sp\u00e9cifiques. De plus, le puissant syst\u00e8me de backend de ce plugin permet aux entreprises de g\u00e9rer efficacement toutes les rendez-vous en facilitant la planification, le reprogrammation et les annulations sans effort. De plus, gr\u00e2ce \u00e0 son int\u00e9gration transparente avec WordPress, la r\u00e9servation de rendez-vous r\u00e9serv\u00e9e appara\u00eet comme la solution par excellence pour les entreprises cherchant \u00e0 rationaliser et \u00e0 optimiser leurs proc\u00e9dures de r\u00e9servation de rendez-vous.<\/p>\n<ul>\n<li>Fonctionnalit\u00e9 de r\u00e9servation de rendez-vous facile pour les sites Web WordPress<\/li>\n<li>Champs de formulaire personnalisables pour recueillir les informations de rendez-vous n\u00e9cessaires<\/li>\n<li>Choix de plusieurs types de rendez-vous et dur\u00e9es<\/li>\n<li>Int\u00e9gration avec des calendriers populaires tels que Google Calendar et Outlook<\/li>\n<li>Confirmations de courrier \u00e9lectronique automatis\u00e9es et rappels pour les rendez-vous<\/li>\n<li>Capacit\u00e9 \u00e0 mettre en place la disponibilit\u00e9 des rendez-vous en fonction des dates et des temps sp\u00e9cifiques<\/li>\n<li>Option pour les utilisateurs pour annuler ou reprogrammer leurs rendez-vous<\/li>\n<li>Tableau de bord d&rsquo;administration pour g\u00e9rer les rendez-vous et afficher des rapports et des analyses d\u00e9taill\u00e9es<\/li>\n<li>Conception r\u00e9active pour assurer une visualisation optimale sur le bureau et les appareils mobiles<\/li>\n<li>Documentation compl\u00e8te d&rsquo;assistance et service client disponibles.<\/li>\n<\/ul>\n","protected":false},"excerpt":{"rendered":"<p>La r\u00e9servation de rendez-vous r\u00e9serv\u00e9e pour WordPress est un outil puissant con\u00e7u pour am\u00e9liorer la fonctionnalit\u00e9 de votre site Web. Ce plugin permet aux visiteurs de votre site Web de prendre des rendez-vous sans effort, rationalisant votre processus de planification. Avec la r\u00e9servation de rendez-vous r\u00e9serv\u00e9, vous pouvez g\u00e9rer vos rendez-vous avec facilit\u00e9 et efficacit\u00e9. Son interface conviviale fait de la navigation un jeu d&rsquo;enfant, m\u00eame pour ceux qui ont des comp\u00e9tences techniques limit\u00e9es. Compatible avec WordPress, il s&rsquo;int\u00e8gre parfaitement \u00e0 votre site, offrant une apparence professionnelle. Il est id\u00e9al pour les entreprises, les professionnels et tous ceux qui cherchent \u00e0 am\u00e9liorer leur syst\u00e8me de rendez-vous en ligne. D\u00e9couvrez la commodit\u00e9 et l&rsquo;organisation que la r\u00e9servation de rendez-vous r\u00e9serv\u00e9e \u00e0 WordPress peut apporter sur votre site aujourd&rsquo;hui!<\/p>\n","protected":false},"featured_media":143265,"comment_status":"open","ping_status":"open","template":"","meta":[],"product_brand":[2435],"product_cat":[1189,1181,1186],"product_tag":[1231],"class_list":{"0":"post-119854","1":"product","2":"type-product","3":"status-publish","4":"has-post-thumbnail","6":"product_brand-codecanyon","7":"product_cat-personnalisation","8":"product_cat-plugins","9":"product_cat-wordpress-plugins","10":"product_tag-codecanyon","11":"member-discount","12":"discount-restricted","14":"first","15":"instock","16":"sale","17":"downloadable","18":"virtual","19":"sold-individually","20":"purchasable","21":"product-type-simple"},"_links":{"self":[{"href":"https:\/\/gpl-love.com\/fr\/wp-json\/wp\/v2\/product\/119854","targetHints":{"allow":["GET"]}}],"collection":[{"href":"https:\/\/gpl-love.com\/fr\/wp-json\/wp\/v2\/product"}],"about":[{"href":"https:\/\/gpl-love.com\/fr\/wp-json\/wp\/v2\/types\/product"}],"replies":[{"embeddable":true,"href":"https:\/\/gpl-love.com\/fr\/wp-json\/wp\/v2\/comments?post=119854"}],"wp:featuredmedia":[{"embeddable":true,"href":"https:\/\/gpl-love.com\/fr\/wp-json\/wp\/v2\/media\/143265"}],"wp:attachment":[{"href":"https:\/\/gpl-love.com\/fr\/wp-json\/wp\/v2\/media?parent=119854"}],"wp:term":[{"taxonomy":"product_brand","embeddable":true,"href":"https:\/\/gpl-love.com\/fr\/wp-json\/wp\/v2\/product_brand?post=119854"},{"taxonomy":"product_cat","embeddable":true,"href":"https:\/\/gpl-love.com\/fr\/wp-json\/wp\/v2\/product_cat?post=119854"},{"taxonomy":"product_tag","embeddable":true,"href":"https:\/\/gpl-love.com\/fr\/wp-json\/wp\/v2\/product_tag?post=119854"}],"curies":[{"name":"wp","href":"https:\/\/api.w.org\/{rel}","templated":true}]}}