{"id":119852,"date":"2026-03-13T00:00:00","date_gmt":"2026-03-12T23:00:00","guid":{"rendered":"https:\/\/gpl-love.com\/fr\/produit\/blocksy-companion-pro-wordpress-theme\/"},"modified":"2026-03-28T23:30:15","modified_gmt":"2026-03-28T22:30:15","slug":"blocksy-companion-pro-wordpress-theme","status":"publish","type":"product","link":"https:\/\/gpl-love.com\/fr\/produit\/blocksy-companion-pro-wordpress-theme\/","title":{"rendered":"Blocksy Companion Pro Wordpress Theme 2.1.37"},"content":{"rendered":"<h3>Blocksy Companion Pro Wordpress Theme Traits<\/h3>\n<p>Le th\u00e8me Blocksy Companion Pro WordPress est un outil incroyablement robuste qui offre une vaste gamme de fonctionnalit\u00e9s et de fonctionnalit\u00e9s, ce qui permet aux utilisateurs de cr\u00e9er des sites Web qui sont non seulement captivants mais aussi interactifs. Au moyen de son interface tr\u00e8s intuitive, les utilisateurs peuvent adapter sans effort la mise en page, la conception et les fonctionnalit\u00e9s de leur site Web pour manifester une personnalit\u00e9 en ligne qui refl\u00e8te le v\u00e9ritable reflet de l&rsquo;identit\u00e9 de leur marque. Ce th\u00e8me exceptionnel offre une optimisation optimale de p\u00e9riph\u00e9riques mobiles, garantissant que votre site Web maintient son apparence et ses fonctionnalit\u00e9s exceptionnelles sur tout appareil sur lequel il est accessible, et b\u00e9n\u00e9ficie de la compatibilit\u00e9 avec un vaste spectre de plugins populaires. De plus, ce th\u00e8me ing\u00e9nieux offre une myriade de blocs et de mod\u00e8les pr\u00e9\u00e9tablis, facilitant la cr\u00e9ation de conceptions de qualit\u00e9 professionnelle sans n\u00e9cessiter une expertise de codage. Avec les capacit\u00e9s extraordinaires du th\u00e8me incomparable Blocksy Companion Pro WordPress, les utilisateurs ont l&rsquo;occasion in\u00e9gal\u00e9e de monter leur site Web \u00e0 des hauteurs in\u00e9gal\u00e9es et de fabriquer une pr\u00e9sence en ligne vraiment distinctive qui est tenue de captiver le public de loin.<\/p>\n<ul>\n<li>Un th\u00e8me WordPress hautement personnalisable et facile \u00e0 utiliser<\/li>\n<li>Con\u00e7u pour fonctionner de mani\u00e8re transparente avec le th\u00e8me Blocksy WordPress<\/li>\n<li>Offre des options de conception avanc\u00e9es et des fonctionnalit\u00e9s pour cr\u00e9er de superbes sites Web<\/li>\n<li>Comprend plusieurs dispositions d&rsquo;en-t\u00eate et de pied de page \u00e0 choisir<\/li>\n<li>Donne acc\u00e8s \u00e0 des dizaines de mod\u00e8les et de sections pr\u00e9fabriqu\u00e9s<\/li>\n<li>Permet un contr\u00f4le complet sur la typographie, les couleurs et l&rsquo;espacement<\/li>\n<li>Optimis\u00e9 pour les temps de chargement et les performances rapides<\/li>\n<li>Interface intuitive et conviviale pour une cr\u00e9ation de site Web facile<\/li>\n<li>R\u00e9guli\u00e8rement mis \u00e0 jour avec de nouvelles fonctionnalit\u00e9s et am\u00e9liorations<\/li>\n<li>Livr\u00e9 avec un support client fiable et une documentation<\/li>\n<\/ul>\n","protected":false},"excerpt":{"rendered":"<p>Lib\u00e9rez le plein potentiel de votre site WordPress avec Blocksy Companion Pro. Ce th\u00e8me WordPress premium regorge de fonctionnalit\u00e9s de pointe con\u00e7ues pour am\u00e9liorer la fonctionnalit\u00e9 et l&rsquo;esth\u00e9tique de votre site Web. Avec Blocksy Companion Pro, vous pouvez personnaliser votre site au contenu de votre c\u0153ur, en lui donnant un look unique qui repr\u00e9sente parfaitement votre marque. Son interface conviviale et son support de premier ordre le rendent facile \u00e0 utiliser, m\u00eame pour ceux qui ont peu ou pas d&rsquo;exp\u00e9rience dans la conception Web. Ajoutez ses vitesses de chargement rapides, sa structure adapt\u00e9e au r\u00e9f\u00e9rencement et sa conception sensible \u00e0 mobile, et vous avez une solution gagnante pour tout type de site Web. Avec Blocksy Companion Pro, cr\u00e9er un site Web professionnel et \u00e9tonnant n&rsquo;a jamais \u00e9t\u00e9 aussi simple.<\/p>\n","protected":false},"featured_media":143251,"comment_status":"open","ping_status":"open","template":"","meta":[],"product_brand":[2473],"product_cat":[1242,1212,1213],"product_tag":[1244],"class_list":{"0":"post-119852","1":"product","2":"type-product","3":"status-publish","4":"has-post-thumbnail","6":"product_brand-creative-themes","7":"product_cat-creatif","8":"product_cat-themes","9":"product_cat-wordpress-themes","10":"product_tag-creative-themes","11":"member-discount","12":"discount-restricted","14":"first","15":"instock","16":"sale","17":"downloadable","18":"virtual","19":"sold-individually","20":"purchasable","21":"product-type-simple"},"_links":{"self":[{"href":"https:\/\/gpl-love.com\/fr\/wp-json\/wp\/v2\/product\/119852","targetHints":{"allow":["GET"]}}],"collection":[{"href":"https:\/\/gpl-love.com\/fr\/wp-json\/wp\/v2\/product"}],"about":[{"href":"https:\/\/gpl-love.com\/fr\/wp-json\/wp\/v2\/types\/product"}],"replies":[{"embeddable":true,"href":"https:\/\/gpl-love.com\/fr\/wp-json\/wp\/v2\/comments?post=119852"}],"wp:featuredmedia":[{"embeddable":true,"href":"https:\/\/gpl-love.com\/fr\/wp-json\/wp\/v2\/media\/143251"}],"wp:attachment":[{"href":"https:\/\/gpl-love.com\/fr\/wp-json\/wp\/v2\/media?parent=119852"}],"wp:term":[{"taxonomy":"product_brand","embeddable":true,"href":"https:\/\/gpl-love.com\/fr\/wp-json\/wp\/v2\/product_brand?post=119852"},{"taxonomy":"product_cat","embeddable":true,"href":"https:\/\/gpl-love.com\/fr\/wp-json\/wp\/v2\/product_cat?post=119852"},{"taxonomy":"product_tag","embeddable":true,"href":"https:\/\/gpl-love.com\/fr\/wp-json\/wp\/v2\/product_tag?post=119852"}],"curies":[{"name":"wp","href":"https:\/\/api.w.org\/{rel}","templated":true}]}}