{"id":119848,"date":"2026-05-02T00:00:00","date_gmt":"2026-05-01T22:00:00","guid":{"rendered":"https:\/\/gpl-love.com\/fr\/produit\/beaver-builder-professional-wordpress-plugin\/"},"modified":"2026-05-03T06:30:21","modified_gmt":"2026-05-03T04:30:21","slug":"beaver-builder-professional-wordpress-plugin","status":"publish","type":"product","link":"https:\/\/gpl-love.com\/fr\/produit\/beaver-builder-professional-wordpress-plugin\/","title":{"rendered":"Beaver Builder Professional 2.10.2"},"content":{"rendered":"<h3>Beaver Builder Professional Traits<\/h3>\n<p>Beaver Builder Professional est un Builder de sites Web de gagrins de glisser-d\u00e9poser extr\u00eamement puissant et polyvalent, qui permet aux utilisateurs de construire sans effort et de mani\u00e8re transparente des sites Web visuellement frappants, le tout sans aucune expertise de codage pr\u00e9alable. Offrant un large \u00e9ventail de mod\u00e8les et de modules personnalisables, les utilisateurs ont la possibilit\u00e9 de cr\u00e9er des sites Web qui sont un v\u00e9ritable reflet de leur marque et de leur style distinctifs. L&rsquo;\u00e9dition professionnelle de ce logiciel remarquable \u00e9l\u00e8ve encore l&rsquo;exp\u00e9rience utilisateur en fournissant un assortiment de fonctionnalit\u00e9s suppl\u00e9mentaires, telles que la personnalisation avanc\u00e9e du th\u00e8me, une large s\u00e9lection de mod\u00e8les de pages, ainsi que la capacit\u00e9 inestimable pour enregistrer et r\u00e9utiliser par la suite les conceptions. En outre, ce logiciel poss\u00e8de une vitesse optimale et une fiabilit\u00e9 in\u00e9branlable, garantissant ainsi que les sites Web des utilisateurs sont non seulement rapides mais aussi tr\u00e8s r\u00e9actifs. Avec l&rsquo;utilisation de Beaver Builder Professional, les utilisateurs ont la capacit\u00e9 de cr\u00e9er des sites Web exquis qui m\u00e9langent sans effort la fonctionnalit\u00e9 avec l&rsquo;attrait esth\u00e9tique.<\/p>\n<ul>\n<li>POUVOIR BUILDER DE SITEET DROP-DROP<\/li>\n<li>Interface intuitive et conviviale<\/li>\n<li>Compatible avec WordPress<\/li>\n<li>Mod\u00e8les et conceptions personnalisables<\/li>\n<li>Capacit\u00e9 \u00e0 ajouter et \u00e0 modifier le contenu rapidement et facilement<\/li>\n<li>Acc\u00e8s aux modules et fonctionnalit\u00e9s avanc\u00e9es<\/li>\n<li>Outils int\u00e9gr\u00e9s pour l&rsquo;optimisation des moteurs de recherche (SEO)<\/li>\n<li>Options de conception r\u00e9actives mobiles<\/li>\n<li>Support client et ressources de qualit\u00e9<\/li>\n<li>Logiciel constamment mis \u00e0 jour et am\u00e9lior\u00e9<\/li>\n<\/ul>\n","protected":false},"excerpt":{"rendered":"<p>Lib\u00e9rez votre cr\u00e9ativit\u00e9 avec Beaver Builder Professional, un plugin de Builder WordPress Premium con\u00e7u pour simplifier le processus de cr\u00e9ation de sites Web \u00e9tonnants. Cet outil intuitif et convivial est rempli de fonctionnalit\u00e9s avanc\u00e9es qui permettent aux utilisateurs de cr\u00e9er de beaux sites Web r\u00e9actifs sans aucune connaissance de codage. Avec Beaver Builder Professional, vous pouvez faire glisser et d\u00e9poser des \u00e9l\u00e9ments, personnaliser les dispositions et modifier facilement le contenu. Il est \u00e9galement livr\u00e9 avec des dizaines de mod\u00e8les pr\u00e9fabriqu\u00e9s qui peuvent \u00eatre utilis\u00e9s comme point de d\u00e9part pour vos conceptions. Les fonctionnalit\u00e9s remarquables incluent l&rsquo;optimisation du r\u00e9f\u00e9rencement, la r\u00e9activit\u00e9 mobile et la compatibilit\u00e9 WooCommerce, en veillant \u00e0 ce que votre site Web soit non seulement g\u00e9nial, mais fonctionne \u00e9galement bien sur les moteurs de recherche et sur diff\u00e9rents appareils. Beaver Builder Professional propose \u00e9galement un support client de premier ordre, vous n&rsquo;\u00eates donc jamais seul dans votre voyage de construction de site Web. Choisissez Beaver Builder Professional pour une exp\u00e9rience de conception Web sans couture et sans stress.<\/p>\n","protected":false},"featured_media":143225,"comment_status":"open","ping_status":"open","template":"","meta":[],"product_brand":[2468],"product_cat":[1189,1181,1186],"product_tag":[1219],"class_list":{"0":"post-119848","1":"product","2":"type-product","3":"status-publish","4":"has-post-thumbnail","6":"product_brand-beaver-builder","7":"product_cat-personnalisation","8":"product_cat-plugins","9":"product_cat-wordpress-plugins","10":"product_tag-beaver-builder","11":"member-discount","12":"discount-restricted","14":"first","15":"instock","16":"sale","17":"downloadable","18":"virtual","19":"sold-individually","20":"purchasable","21":"product-type-simple"},"_links":{"self":[{"href":"https:\/\/gpl-love.com\/fr\/wp-json\/wp\/v2\/product\/119848","targetHints":{"allow":["GET"]}}],"collection":[{"href":"https:\/\/gpl-love.com\/fr\/wp-json\/wp\/v2\/product"}],"about":[{"href":"https:\/\/gpl-love.com\/fr\/wp-json\/wp\/v2\/types\/product"}],"replies":[{"embeddable":true,"href":"https:\/\/gpl-love.com\/fr\/wp-json\/wp\/v2\/comments?post=119848"}],"wp:featuredmedia":[{"embeddable":true,"href":"https:\/\/gpl-love.com\/fr\/wp-json\/wp\/v2\/media\/143225"}],"wp:attachment":[{"href":"https:\/\/gpl-love.com\/fr\/wp-json\/wp\/v2\/media?parent=119848"}],"wp:term":[{"taxonomy":"product_brand","embeddable":true,"href":"https:\/\/gpl-love.com\/fr\/wp-json\/wp\/v2\/product_brand?post=119848"},{"taxonomy":"product_cat","embeddable":true,"href":"https:\/\/gpl-love.com\/fr\/wp-json\/wp\/v2\/product_cat?post=119848"},{"taxonomy":"product_tag","embeddable":true,"href":"https:\/\/gpl-love.com\/fr\/wp-json\/wp\/v2\/product_tag?post=119848"}],"curies":[{"name":"wp","href":"https:\/\/api.w.org\/{rel}","templated":true}]}}