{"id":119846,"date":"2026-03-18T00:00:00","date_gmt":"2026-03-17T23:00:00","guid":{"rendered":"https:\/\/gpl-love.com\/fr\/produit\/avada-responsive-multipurpose-theme\/"},"modified":"2026-03-20T22:55:44","modified_gmt":"2026-03-20T21:55:44","slug":"avada-responsive-multipurpose-theme","status":"publish","type":"product","link":"https:\/\/gpl-love.com\/fr\/produit\/avada-responsive-multipurpose-theme\/","title":{"rendered":"Avada Responsive MultiPurpose Theme 7.15.1"},"content":{"rendered":"<h3>Avada Responsive MultiPurpose Theme Traits<\/h3>\n<p>Le th\u00e8me polyvalent r\u00e9actif d&rsquo;Avada se pr\u00e9sente comme un th\u00e8me WordPress immens\u00e9ment polyvalent et enti\u00e8rement personnalisable, capable de r\u00e9pondre \u00e0 une vaste gamme de sites Web. Son adaptabilit\u00e9 est pr\u00e9sent\u00e9e par sa conception r\u00e9active, garantissant que votre site Web s&rsquo;affiche parfaitement sur toutes les tailles et appareils d&rsquo;\u00e9cran. De plus, ce th\u00e8me poss\u00e8de une s\u00e9lection diversifi\u00e9e de dispositions pr\u00e9d\u00e9finies et de sites de d\u00e9monstration, rationalisant les \u00e9tapes initiales de la cr\u00e9ation de sites Web. \u00c9liminant le besoin de codage des comp\u00e9tences, le puissant outil de Fusion Builder donne aux utilisateurs la possibilit\u00e9 de cr\u00e9er des dispositions et des conceptions sur mesure. De plus, Avada excelle dans les domaines de la vitesse et de l&rsquo;optimisation des moteurs de recherche (SEO), garantissant des temps de chargement rapides et une d\u00e9couverte facile sur les moteurs de recherche. Compte tenu de sa vaste gamme de fonctionnalit\u00e9s et de sa flexibilit\u00e9 in\u00e9gal\u00e9e, le th\u00e8me polyvalent r\u00e9actif d&rsquo;Avada appara\u00eet comme un choix optimal pour les personnes cherchant \u00e0 \u00e9tablir une pr\u00e9sence en ligne professionnelle et percutante.<\/p>\n<ul>\n<li>Th\u00e8me polyvalent hautement personnalisable pour les sites Web WordPress<\/li>\n<li>Enti\u00e8rement r\u00e9actif et optimis\u00e9 pour les appareils mobiles et tablettes<\/li>\n<li>Livr\u00e9 avec des sites Web de d\u00e9monstration pr\u00e9d\u00e9finis et des dispositions pour une personnalisation facile<\/li>\n<li>Comprend un puissant constructeur de fusion qui permet la construction de pages glisser-d\u00e9poser<\/li>\n<li>S&rsquo;int\u00e8gre aux plugins WordPress populaires tels que WooCommerce et le formulaire de contact 7<\/li>\n<li>Offre une grande s\u00e9lection d&rsquo;\u00e9l\u00e9ments et d&rsquo;animations de conception int\u00e9gr\u00e9s<\/li>\n<li>Constamment mis \u00e0 jour avec de nouvelles fonctionnalit\u00e9s et am\u00e9liorations<\/li>\n<li>Construit avec du code propre et optimis\u00e9 pour la vitesse et les performances<\/li>\n<li>Comprend une documentation approfondie et un support client pour le d\u00e9pannage et l&rsquo;assistance de personnalisation<\/li>\n<li>Convient aux entreprises, aux portefeuilles, aux blogs et plus encore.<\/li>\n<\/ul>\n","protected":false},"excerpt":{"rendered":"<p>D\u00e9couvrez la puissance de la flexibilit\u00e9, de la personnalisation et des fonctionnalit\u00e9s de premier ordre avec le th\u00e8me polyvalent r\u00e9actif d&rsquo;Avada. Ce th\u00e8me polyvalent est parfait pour tout type de site Web, que ce soit l&rsquo;entreprise, le portefeuille, le blog ou le commerce \u00e9lectronique. Il dispose d&rsquo;un design enti\u00e8rement r\u00e9actif qui semble \u00e9tonnant sur n&rsquo;importe quel appareil, garantissant que votre site Web est accessible \u00e0 tous les utilisateurs, quelle que soit la taille de leur \u00e9cran. Avec Avada, vous pouvez facilement personnaliser votre site Web pour correspondre au style et aux besoins de votre marque avec son panneau d&rsquo;options de th\u00e8me avanc\u00e9. De plus, il est int\u00e9gr\u00e9 \u00e0 des plugins populaires comme WooCommerce pour la vente en ligne transparente. Avada est \u00e9galement optimis\u00e9e pour la vitesse et le r\u00e9f\u00e9rencement, donnant \u00e0 votre site une augmentation des performances et l&rsquo;aidant \u00e0 se classer plus haut sur les moteurs de recherche. D\u00e9couvrez les avantages d&rsquo;un th\u00e8me polyvalent avec Avada.<\/p>\n","protected":false},"featured_media":143204,"comment_status":"open","ping_status":"open","template":"","meta":[],"product_brand":[2433],"product_cat":[1214,1212,1213],"product_tag":[1366],"class_list":{"0":"post-119846","1":"product","2":"type-product","3":"status-publish","4":"has-post-thumbnail","6":"product_brand-themeforest","7":"product_cat-polyvalent","8":"product_cat-themes","9":"product_cat-wordpress-themes","10":"product_tag-themeforest","11":"member-discount","12":"discount-restricted","14":"first","15":"instock","16":"sale","17":"downloadable","18":"virtual","19":"sold-individually","20":"purchasable","21":"product-type-simple"},"_links":{"self":[{"href":"https:\/\/gpl-love.com\/fr\/wp-json\/wp\/v2\/product\/119846","targetHints":{"allow":["GET"]}}],"collection":[{"href":"https:\/\/gpl-love.com\/fr\/wp-json\/wp\/v2\/product"}],"about":[{"href":"https:\/\/gpl-love.com\/fr\/wp-json\/wp\/v2\/types\/product"}],"replies":[{"embeddable":true,"href":"https:\/\/gpl-love.com\/fr\/wp-json\/wp\/v2\/comments?post=119846"}],"wp:featuredmedia":[{"embeddable":true,"href":"https:\/\/gpl-love.com\/fr\/wp-json\/wp\/v2\/media\/143204"}],"wp:attachment":[{"href":"https:\/\/gpl-love.com\/fr\/wp-json\/wp\/v2\/media?parent=119846"}],"wp:term":[{"taxonomy":"product_brand","embeddable":true,"href":"https:\/\/gpl-love.com\/fr\/wp-json\/wp\/v2\/product_brand?post=119846"},{"taxonomy":"product_cat","embeddable":true,"href":"https:\/\/gpl-love.com\/fr\/wp-json\/wp\/v2\/product_cat?post=119846"},{"taxonomy":"product_tag","embeddable":true,"href":"https:\/\/gpl-love.com\/fr\/wp-json\/wp\/v2\/product_tag?post=119846"}],"curies":[{"name":"wp","href":"https:\/\/api.w.org\/{rel}","templated":true}]}}