{"id":119844,"date":"2026-04-16T00:00:00","date_gmt":"2026-04-15T22:00:00","guid":{"rendered":"https:\/\/gpl-love.com\/fr\/produit\/automate-woo-marketing-automation-pour-woocommerce\/"},"modified":"2026-04-17T00:30:22","modified_gmt":"2026-04-16T22:30:22","slug":"automate-woo-marketing-automation-pour-woocommerce","status":"publish","type":"product","link":"https:\/\/gpl-love.com\/fr\/produit\/automate-woo-marketing-automation-pour-woocommerce\/","title":{"rendered":"AutomateWoo Marketing Automation pour WooCommerce 6.3.1"},"content":{"rendered":"<h3>AutomateWoo Marketing Automation pour WooCommerce Traits<\/h3>\n<p>AutomateWoo Marketing Automation pour WooCommerce est un outil incroyablement robuste et dynamique qui vous permet de rationaliser et d&rsquo;optimiser sans effort vos efforts de marketing pour votre boutique en ligne estim\u00e9e. La possession de ce plugin exceptionnel vous permet de fabriquer sans effort et de mani\u00e8re transparente des campagnes de messagerie sur mesure, des promotions m\u00e9ticuleusement cibl\u00e9es, ainsi que des recommandations de produits hautement personnalis\u00e9es, augmentant ainsi efficacement vos chiffres de vente et favorisant l&rsquo;engagement des clients accrue. L&rsquo;int\u00e9gration de AutomateWoo avec WooCommerce vous conf\u00e8re la capacit\u00e9 remarquable \u00e0 surveiller et \u00e0 examiner avec diligence les mod\u00e8les de comportement des clients et \u00e0 affiner par la suite et \u00e0 adapter vos initiatives de marketing d&rsquo;une mani\u00e8re impeccablement align\u00e9e sur les pr\u00e9f\u00e9rences et les inclinations de votre client\u00e8le estim\u00e9e. De plus, la plate-forme profite \u00e0 une vaste gamme de fonctionnalit\u00e9s d&rsquo;automatisation, telles que la fonctionnalit\u00e9 remarquable de r\u00e9cup\u00e9ration de chariots abandonn\u00e9e, les campagnes tr\u00e8s efficaces des clients et les e-mails de suivi indispensables. Ces fonctionnalit\u00e9s inestimables servent \u00e0 rationaliser et \u00e0 optimiser sans effort vos efforts de marketing tout en maximisant simultan\u00e9ment votre retour sur investissement (ROI). Whether you are an enterprising proprietor of a diminutive business venture or a proprietor of a sprawling e-commerce juggernaut, the indispensable and transformative AutomateWoo Marketing Automation for WooCommerce is unequivocally a tool that is destined to revolutionize and optimize your marketing strategy, thereby exponentially augmenting the croissance de votre illustre entreprise en ligne.<\/p>\n<ul>\n<li>Un puissant plugin d&rsquo;automatisation marketing con\u00e7u sp\u00e9cifiquement pour les magasins WooCommerce<\/li>\n<li>Vous permet de cr\u00e9er facilement des campagnes cibl\u00e9es et personnalis\u00e9es en fonction du comportement des clients et de l&rsquo;historique d&rsquo;achat<\/li>\n<li>Automatiser les e-mails d&rsquo;abandon des paniers, les e-mails de suivi des produits, les avis de produits, et plus encore<\/li>\n<li>Cr\u00e9er des prix dynamiques et des remises en fonction du comportement du client<\/li>\n<li>Cr\u00e9er un programme de fid\u00e9lit\u00e9 pour r\u00e9compenser et inciter les clients pour les achats r\u00e9p\u00e9t\u00e9s<\/li>\n<li>Segmenter les clients en fonction de leur comportement et de leurs pr\u00e9f\u00e9rences pour un marketing plus cibl\u00e9<\/li>\n<li>Int\u00e9grez facilement aux plateformes de marketing par e-mail populaires comme MailChimp et ActiveCampaign<\/li>\n<li>Surveillez et suivez les performances de vos campagnes avec des analyses et des rapports d\u00e9taill\u00e9s.<\/li>\n<\/ul>\n","protected":false},"excerpt":{"rendered":"<p>D\u00e9couvrez la puissance de l&rsquo;automatisation du marketing avec Automatewoo pour WooCommerce. Cet outil robuste s&rsquo;int\u00e8gre sans effort avec votre boutique WooCommerce, rationaliser vos efforts de marketing et augmenter votre potentiel de vente. Avec AutomateWoo, vous pouvez facilement configurer des e-mails automatis\u00e9s, des messages texte et des campagnes de m\u00e9dias sociaux, lib\u00e9rant votre temps et vos ressources. En tirant parti de fonctionnalit\u00e9s puissantes telles que la segmentation des clients et les communications personnalis\u00e9es, vous pouvez cibler vos clients plus efficacement. G\u00e9n\u00e9rez des affaires r\u00e9p\u00e9t\u00e9es avec des suivis automatiques et des rappels de chariots abandonn\u00e9s. B\u00e9n\u00e9ficier de rapports approfondis et de suivi des performances pour optimiser continuellement vos strat\u00e9gies de marketing. Transformez votre boutique en ligne d\u00e8s aujourd&rsquo;hui avec Automatewoo &#8211; le choix intelligent pour l&rsquo;automatisation WooCommerce.<\/p>\n","protected":false},"featured_media":143176,"comment_status":"open","ping_status":"open","template":"","meta":[],"product_brand":[2463],"product_cat":[1182,1200,1181],"product_tag":[1217],"class_list":{"0":"post-119844","1":"product","2":"type-product","3":"status-publish","4":"has-post-thumbnail","6":"product_brand-automate-woo","7":"product_cat-commerce-electronique-plugins","8":"product_cat-commercialisation","9":"product_cat-plugins","10":"product_tag-automate-woo","11":"member-discount","12":"discount-restricted","14":"first","15":"instock","16":"sale","17":"downloadable","18":"virtual","19":"sold-individually","20":"purchasable","21":"product-type-simple"},"_links":{"self":[{"href":"https:\/\/gpl-love.com\/fr\/wp-json\/wp\/v2\/product\/119844","targetHints":{"allow":["GET"]}}],"collection":[{"href":"https:\/\/gpl-love.com\/fr\/wp-json\/wp\/v2\/product"}],"about":[{"href":"https:\/\/gpl-love.com\/fr\/wp-json\/wp\/v2\/types\/product"}],"replies":[{"embeddable":true,"href":"https:\/\/gpl-love.com\/fr\/wp-json\/wp\/v2\/comments?post=119844"}],"wp:featuredmedia":[{"embeddable":true,"href":"https:\/\/gpl-love.com\/fr\/wp-json\/wp\/v2\/media\/143176"}],"wp:attachment":[{"href":"https:\/\/gpl-love.com\/fr\/wp-json\/wp\/v2\/media?parent=119844"}],"wp:term":[{"taxonomy":"product_brand","embeddable":true,"href":"https:\/\/gpl-love.com\/fr\/wp-json\/wp\/v2\/product_brand?post=119844"},{"taxonomy":"product_cat","embeddable":true,"href":"https:\/\/gpl-love.com\/fr\/wp-json\/wp\/v2\/product_cat?post=119844"},{"taxonomy":"product_tag","embeddable":true,"href":"https:\/\/gpl-love.com\/fr\/wp-json\/wp\/v2\/product_tag?post=119844"}],"curies":[{"name":"wp","href":"https:\/\/api.w.org\/{rel}","templated":true}]}}