{"id":119842,"date":"2026-04-18T00:00:00","date_gmt":"2026-04-17T22:00:00","guid":{"rendered":"https:\/\/gpl-love.com\/fr\/produit\/astra-pro-add-on\/"},"modified":"2026-04-19T00:30:16","modified_gmt":"2026-04-18T22:30:16","slug":"astra-pro-add-on","status":"publish","type":"product","link":"https:\/\/gpl-love.com\/fr\/produit\/astra-pro-add-on\/","title":{"rendered":"Astra Pro Addon 4.13.1"},"content":{"rendered":"<h3>Astra Pro Addon Traits<\/h3>\n<p>L&rsquo;addon Astra Pro, connu pour ses capacit\u00e9s formidables, a \u00e9t\u00e9 con\u00e7u de mani\u00e8re experte pour augmenter les fonctionnalit\u00e9s et les fonctionnalit\u00e9s d\u00e9j\u00e0 impressionnantes du th\u00e8me Astra WordPress. En offrant une vaste gamme d&rsquo;options de personnalisation et des contr\u00f4les de conception sophistiqu\u00e9s, cet addon permet aux utilisateurs de manifester sans effort des sites Web \u00e0 couper le souffle avec une simple poign\u00e9e de clics. Cette extension remarquable int\u00e8gre un assortiment d&rsquo;attributs premium, y compris la capacit\u00e9 convoit\u00e9e \u00e0 fa\u00e7onner les dispositions sur mesure, \u00e0 construire des en-t\u00eates et des pieds de page, \u00e0 mettre en \u0153uvre des dispositions de menu Mega et \u00e0 bricoler avec des param\u00e8tres typographiques avanc\u00e9s. Peu importe que l&rsquo;on soit un n\u00e9ophyte ou un concepteur Web chevronn\u00e9, l&rsquo;Astra Pro Addon devrait occuper incontestablement une position estim\u00e9e dans leur arsenal num\u00e9rique, car il a la capacit\u00e9 de catapulter leur site Web \u00e0 des hauteurs sans pr\u00e9c\u00e9dent. Gr\u00e2ce \u00e0 son interface conviviale et ses capacit\u00e9s formidables, cet addon est la quintessence de la solution id\u00e9ale pour quiconque \u00e0 la recherche de cr\u00e9ation d&rsquo;un site Web professionnel et superlatif rapidement et sans effort.<\/p>\n<ul>\n<li>Am\u00e9liore la fonctionnalit\u00e9 de votre th\u00e8me Astra pour WordPress<\/li>\n<li>Fournit des options de personnalisation suppl\u00e9mentaires pour les en-t\u00eates, les blogs et autres \u00e9l\u00e9ments du site<\/li>\n<li>Comprend des mod\u00e8les pr\u00e9-construits pour une personnalisation de conception facile<\/li>\n<li>Offre des options de mise en page personnalis\u00e9es pour les archives et les pages de blog<\/li>\n<li>Permet l&rsquo;int\u00e9gration avec WooCommerce pour les sites de commerce \u00e9lectronique<\/li>\n<li>Comprend des options de typographie avanc\u00e9es et l&rsquo;int\u00e9gration des polices Google<\/li>\n<li>Construit pour la vitesse et l&rsquo;optimisation des performances<\/li>\n<li>Fournit une documentation et un support approfondis aux utilisateurs<\/li>\n<\/ul>\n","protected":false},"excerpt":{"rendered":"<p>Mettez \u00e0 niveau votre site Web avec l&rsquo;Astra Pro Addon &#8211; un outil premium con\u00e7u pour \u00e9tendre les capacit\u00e9s de votre th\u00e8me Astra. Avec cet addon, vous pouvez d\u00e9verrouiller une suite de fonctionnalit\u00e9s sophistiqu\u00e9es, telles que des en-t\u00eates avanc\u00e9s, des m\u00e9ga menus et des options de label blanche. L&rsquo;Astra Pro Addon propose \u00e9galement des options de personnalisation suppl\u00e9mentaires, vous permettant de r\u00e9gler facilement l&rsquo;apparence de votre site Web. B\u00e9n\u00e9ficier d&rsquo;un contr\u00f4le accru sur la conception de votre site, des performances am\u00e9lior\u00e9es du site et une exp\u00e9rience utilisateur plus rationalis\u00e9e. Que vous soyez un concepteur Web professionnel ou un propri\u00e9taire d&rsquo;entreprise qui cherche \u00e0 am\u00e9liorer votre pr\u00e9sence en ligne, l&rsquo;Astra Pro Addon est un alli\u00e9 puissant dans votre voyage vers un site Web hors concours.<\/p>\n","protected":false},"featured_media":143165,"comment_status":"open","ping_status":"open","template":"","meta":[],"product_brand":[2462],"product_cat":[1189,1181,1186],"product_tag":[2349],"class_list":{"0":"post-119842","1":"product","2":"type-product","3":"status-publish","4":"has-post-thumbnail","6":"product_brand-brainstorm-force","7":"product_cat-personnalisation","8":"product_cat-plugins","9":"product_cat-wordpress-plugins","10":"product_tag-brainstorm-force","11":"member-discount","12":"discount-restricted","14":"first","15":"instock","16":"sale","17":"downloadable","18":"virtual","19":"sold-individually","20":"purchasable","21":"product-type-simple"},"_links":{"self":[{"href":"https:\/\/gpl-love.com\/fr\/wp-json\/wp\/v2\/product\/119842","targetHints":{"allow":["GET"]}}],"collection":[{"href":"https:\/\/gpl-love.com\/fr\/wp-json\/wp\/v2\/product"}],"about":[{"href":"https:\/\/gpl-love.com\/fr\/wp-json\/wp\/v2\/types\/product"}],"replies":[{"embeddable":true,"href":"https:\/\/gpl-love.com\/fr\/wp-json\/wp\/v2\/comments?post=119842"}],"wp:featuredmedia":[{"embeddable":true,"href":"https:\/\/gpl-love.com\/fr\/wp-json\/wp\/v2\/media\/143165"}],"wp:attachment":[{"href":"https:\/\/gpl-love.com\/fr\/wp-json\/wp\/v2\/media?parent=119842"}],"wp:term":[{"taxonomy":"product_brand","embeddable":true,"href":"https:\/\/gpl-love.com\/fr\/wp-json\/wp\/v2\/product_brand?post=119842"},{"taxonomy":"product_cat","embeddable":true,"href":"https:\/\/gpl-love.com\/fr\/wp-json\/wp\/v2\/product_cat?post=119842"},{"taxonomy":"product_tag","embeddable":true,"href":"https:\/\/gpl-love.com\/fr\/wp-json\/wp\/v2\/product_tag?post=119842"}],"curies":[{"name":"wp","href":"https:\/\/api.w.org\/{rel}","templated":true}]}}