{"id":119840,"date":"2025-02-06T00:00:00","date_gmt":"2025-02-05T23:00:00","guid":{"rendered":"https:\/\/gpl-love.com\/fr\/produit\/analytify-pro-woocommerce-addon\/"},"modified":"2026-03-20T22:54:41","modified_gmt":"2026-03-20T21:54:41","slug":"analytify-pro-woocommerce-addon","status":"publish","type":"product","link":"https:\/\/gpl-love.com\/fr\/produit\/analytify-pro-woocommerce-addon\/","title":{"rendered":"Analytify Pro WooCommerce Addon 5.5.1"},"content":{"rendered":"<h3>Analytify Pro WooCommerce Addon Traits<\/h3>\n<p>L&rsquo;un des outils qui peut grandement aider les utilisateurs \u00e0 surveiller efficacement les performances de leur boutique en ligne est l&rsquo;addon analytique Pro WooCommerce. Ce module compl\u00e9mentaire particulier s&rsquo;av\u00e8re assez influent car il offre une gamme compl\u00e8te d&rsquo;id\u00e9es concernant les ventes, les revenus et le comportement des clients dans votre boutique WooCommerce. Son objectif est d&rsquo;aider au suivi des progr\u00e8s de votre boutique en ligne, identifiant par la suite tous les domaines qui peuvent avoir besoin d&rsquo;am\u00e9lioration. En utilisant l&rsquo;addon d&rsquo;analyse Pro WooCommerce, vous avez le b\u00e9n\u00e9fice d&rsquo;acc\u00e9der pratiquement aux donn\u00e9es de performance de votre magasin directement \u00e0 partir de votre tableau de bord WordPress, en vous assurant que vous \u00eates constamment \u00e9quip\u00e9 d&rsquo;informations en temps r\u00e9el. En outre, cet outil poss\u00e8de une interface remarquablement conviviale, qui simplifie avec succ\u00e8s des donn\u00e9es complexes en rapports et graphiques facilement digestibles, permettant efficacement aux utilisateurs de prendre des d\u00e9cisions bien inform\u00e9es. En capitalisant sur les avantages que l&rsquo;analyse Pro WooCommerce Addon a \u00e0 offrir, vous vous positionnez efficacement pour am\u00e9liorer les performances de votre boutique en ligne, \u00e9largir vos revenus et, finalement, cultivez la croissance de votre entreprise.<\/p>\n<ul>\n<li>\u00c9tend les capacit\u00e9s d&rsquo;analyse Pro pour suivre et analyser les donn\u00e9es de WooCommerce<\/li>\n<li>Fournit des rapports d\u00e9taill\u00e9s sur les commandes, produits et clients WooCommerce<\/li>\n<li>Permet aux utilisateurs de suivre les taux de conversion, les revenus et d&rsquo;autres mesures de commerce \u00e9lectronique importantes en temps r\u00e9el<\/li>\n<li>Permet la personnalisation des rapports et des visualisations de donn\u00e9es pour r\u00e9pondre aux besoins de l&rsquo;entreprise individuels<\/li>\n<li>Aide les entreprises \u00e0 prendre des d\u00e9cisions ax\u00e9es sur les donn\u00e9es pour augmenter les ventes et am\u00e9liorer la r\u00e9tention des clients<\/li>\n<li>Int\u00e9gre parfaitement avec WooCommerce et Analytify Pro pour une installation et une utilisation faciles<\/li>\n<li>Donne acc\u00e8s \u00e0 des donn\u00e9es fiables et pr\u00e9cises pour optimiser les efforts de marketing et am\u00e9liorer les performances globales de l&rsquo;entreprise<\/li>\n<li>\u00c9conomise du temps et des efforts en automatisant la collecte et l&rsquo;analyse des donn\u00e9es, lib\u00e9rant des ressources pour d&rsquo;autres op\u00e9rations commerciales.<\/li>\n<\/ul>\n","protected":false},"excerpt":{"rendered":"<p>Apportez la puissance de l&rsquo;analyse des donn\u00e9es \u00e0 votre magasin WooCommerce avec l&rsquo;addon analytique Pro WooCommerce. Cet outil avanc\u00e9 s&rsquo;int\u00e8gre parfaitement \u00e0 votre boutique en ligne, d\u00e9bloquant des informations pr\u00e9cieuses sur le comportement de vos clients et les habitudes d&rsquo;achat. Maintenant, vous pouvez prendre des d\u00e9cisions ax\u00e9es sur les donn\u00e9es pour augmenter les ventes et maximiser les b\u00e9n\u00e9fices.<\/p>\n<p>Avec le tableau de bord convivial de l&rsquo;analyse PRO, vous pouvez facilement surveiller des mesures importantes telles que les vues de produit, les tarifes et les taux de conversion. D\u00e9couvrez quels produits sont vos meilleurs vendeurs et lesquels ont besoin d&rsquo;un peu de pouss\u00e9e. Comprenez mieux vos clients en suivant leur historique d&rsquo;achat, leur d\u00e9mographie et leurs m\u00e9thodes de paiement pr\u00e9f\u00e9r\u00e9es.<\/p>\n<p>L&rsquo;Addon Analytify Pro WooCommerce prend \u00e9galement en charge les fonctionnalit\u00e9s avanc\u00e9es telles que le suivi des campagnes et les rapports personnalis\u00e9s. Il est compatible avec toutes les versions de WooCommerce et n&rsquo;a pas d&rsquo;impact sur les performances de votre site.<\/p>\n<p>Am\u00e9liorez les performances de votre magasin d\u00e8s aujourd&rsquo;hui avec l&rsquo;addon analytique Pro WooCommerce. Ce n&rsquo;est pas seulement un outil, il change la donne pour votre entreprise de commerce \u00e9lectronique.<\/p>\n","protected":false},"featured_media":143134,"comment_status":"open","ping_status":"open","template":"","meta":[],"product_brand":[2457],"product_cat":[1207,1181,1186],"product_tag":[1209],"class_list":{"0":"post-119840","1":"product","2":"type-product","3":"status-publish","4":"has-post-thumbnail","6":"product_brand-analytify","7":"product_cat-commercialisation-wordpress-plugins","8":"product_cat-plugins","9":"product_cat-wordpress-plugins","10":"product_tag-analytify","11":"member-discount","12":"discount-restricted","14":"first","15":"instock","16":"sale","17":"downloadable","18":"virtual","19":"sold-individually","20":"purchasable","21":"product-type-simple"},"_links":{"self":[{"href":"https:\/\/gpl-love.com\/fr\/wp-json\/wp\/v2\/product\/119840","targetHints":{"allow":["GET"]}}],"collection":[{"href":"https:\/\/gpl-love.com\/fr\/wp-json\/wp\/v2\/product"}],"about":[{"href":"https:\/\/gpl-love.com\/fr\/wp-json\/wp\/v2\/types\/product"}],"replies":[{"embeddable":true,"href":"https:\/\/gpl-love.com\/fr\/wp-json\/wp\/v2\/comments?post=119840"}],"wp:featuredmedia":[{"embeddable":true,"href":"https:\/\/gpl-love.com\/fr\/wp-json\/wp\/v2\/media\/143134"}],"wp:attachment":[{"href":"https:\/\/gpl-love.com\/fr\/wp-json\/wp\/v2\/media?parent=119840"}],"wp:term":[{"taxonomy":"product_brand","embeddable":true,"href":"https:\/\/gpl-love.com\/fr\/wp-json\/wp\/v2\/product_brand?post=119840"},{"taxonomy":"product_cat","embeddable":true,"href":"https:\/\/gpl-love.com\/fr\/wp-json\/wp\/v2\/product_cat?post=119840"},{"taxonomy":"product_tag","embeddable":true,"href":"https:\/\/gpl-love.com\/fr\/wp-json\/wp\/v2\/product_tag?post=119840"}],"curies":[{"name":"wp","href":"https:\/\/api.w.org\/{rel}","templated":true}]}}