{"id":119838,"date":"2024-01-16T00:00:00","date_gmt":"2024-01-15T23:00:00","guid":{"rendered":"https:\/\/gpl-love.com\/fr\/produit\/analytify-pro-google-analytics-goals-addon\/"},"modified":"2026-03-20T22:54:39","modified_gmt":"2026-03-20T21:54:39","slug":"analytify-pro-google-analytics-goals-addon","status":"publish","type":"product","link":"https:\/\/gpl-love.com\/fr\/produit\/analytify-pro-google-analytics-goals-addon\/","title":{"rendered":"Analytify Pro Google Analytics Goals Addon 5.0.2"},"content":{"rendered":"<h3>Analytify Pro Google Analytics Goals Addon Traits<\/h3>\n<p>L&rsquo;utilisation de l&rsquo;analyse des objectifs d&rsquo;analyse analytique analytique est de la plus haute importance pour les entreprises qui cherchent \u00e0 am\u00e9liorer les performances de leurs sites Web. Ce module compl\u00e9mentaire tr\u00e8s puissant accorde aux utilisateurs la possibilit\u00e9 d&rsquo;\u00e9tablir et de surveiller les objectifs de leur site Web, leur fournissant ainsi des informations inestimables concernant les niveaux d&rsquo;engagement et les taux de conversion de leur site Web. Au moyen de l&rsquo;analyse des objectifs d&rsquo;analyse Google Analytic, les entreprises peuvent g\u00e9n\u00e9rer, suivre et examiner sans effort les objectifs de leur site Web, les permettant ainsi \u00e0 prendre des d\u00e9cisions bien inform\u00e9es afin d&rsquo;optimiser les performances de leurs sites Web. Cet outil particulier est une n\u00e9cessit\u00e9 absolue pour toute entreprise qui vise \u00e0 maximiser sa pr\u00e9sence en ligne et \u00e0 stimuler un nombre plus \u00e9lev\u00e9 de conversions.<\/p>\n<ul>\n<li>Permet aux utilisateurs de suivre et d&rsquo;analyser facilement les progr\u00e8s vers leurs objectifs Google Analytics<\/li>\n<li>Fournit des donn\u00e9es d\u00e9taill\u00e9es sur les conversions d&rsquo;objectifs, y compris le nombre de conversions termin\u00e9es, d&rsquo;o\u00f9 elles venaient et quelles actions les ont conduits<\/li>\n<li>Aide les utilisateurs \u00e0 identifier les domaines de leur site Web ou leur strat\u00e9gie marketing qui peuvent \u00eatre sous-performantes et n\u00e9cessitant une am\u00e9lioration<\/li>\n<li>S&rsquo;int\u00e8gre parfaitement \u00e0 Google Analytics, afin que les utilisateurs puissent afficher toutes leurs donn\u00e9es en un seul endroit<\/li>\n<li>Propose des rapports et des tableaux de bord personnalisables, afin que les utilisateurs puissent voir les donn\u00e9es les plus importantes pour eux en un coup d&rsquo;\u0153il<\/li>\n<li>Fournit des mises \u00e0 jour en temps r\u00e9el, afin que les utilisateurs puissent suivre les progr\u00e8s vers leurs objectifs au fur et \u00e0 mesure que cela se produit<\/li>\n<li>Offre une interface conviviale et intuitive, ce qui permet \u00e0 tous les utilisateurs d&rsquo;acc\u00e9der et d&rsquo;utiliser le logiciel<\/li>\n<li>Livr\u00e9 avec un support d\u00e9di\u00e9 et fiable, afin que les utilisateurs puissent obtenir de l&rsquo;aide chaque fois qu&rsquo;ils en ont besoin<\/li>\n<li>Est une solution abordable et rentable pour les entreprises de toutes tailles pour suivre leurs objectifs Google Analytics et am\u00e9liorer leur strat\u00e9gie en ligne.<\/li>\n<\/ul>\n","protected":false},"excerpt":{"rendered":"<p>Am\u00e9liorez les capacit\u00e9s de suivi de votre site Web avec l&rsquo;addon d&rsquo;analyse Analytic Google Analytics. Cet outil robuste est con\u00e7u pour int\u00e9grer de mani\u00e8re transparente \u00e0 votre plateforme Google Analytics existante, vous fournissant des donn\u00e9es plus compl\u00e8tes et perspicaces sur les performances de votre site Web. Avec cet addon, vous pouvez facilement suivre et analyser les objectifs de votre site Web, acqu\u00e9rir une compr\u00e9hension plus approfondie du comportement et de l&rsquo;engagement de votre public. L&rsquo;ajoute des objectifs Analytify Pro Google Analytics est facile \u00e0 installer et \u00e0 utiliser, ce qui en fait un outil inestimable pour les d\u00e9butants et les propri\u00e9taires de sites Web exp\u00e9riment\u00e9s. En tirant parti de cet addon, vous pouvez surveiller efficacement le succ\u00e8s de votre site Web et prendre des d\u00e9cisions \u00e9clair\u00e9es pour optimiser vos strat\u00e9gies. Assurez le pouvoir de l&rsquo;analyse des donn\u00e9es et atteignez les objectifs de votre site Web avec l&rsquo;analyse Pro Google Analytics Addon.<\/p>\n","protected":false},"featured_media":143133,"comment_status":"open","ping_status":"open","template":"","meta":[],"product_brand":[2457],"product_cat":[1207,1181,1186],"product_tag":[1209],"class_list":{"0":"post-119838","1":"product","2":"type-product","3":"status-publish","4":"has-post-thumbnail","6":"product_brand-analytify","7":"product_cat-commercialisation-wordpress-plugins","8":"product_cat-plugins","9":"product_cat-wordpress-plugins","10":"product_tag-analytify","11":"member-discount","12":"discount-restricted","14":"first","15":"instock","16":"sale","17":"downloadable","18":"virtual","19":"sold-individually","20":"purchasable","21":"product-type-simple"},"_links":{"self":[{"href":"https:\/\/gpl-love.com\/fr\/wp-json\/wp\/v2\/product\/119838","targetHints":{"allow":["GET"]}}],"collection":[{"href":"https:\/\/gpl-love.com\/fr\/wp-json\/wp\/v2\/product"}],"about":[{"href":"https:\/\/gpl-love.com\/fr\/wp-json\/wp\/v2\/types\/product"}],"replies":[{"embeddable":true,"href":"https:\/\/gpl-love.com\/fr\/wp-json\/wp\/v2\/comments?post=119838"}],"wp:featuredmedia":[{"embeddable":true,"href":"https:\/\/gpl-love.com\/fr\/wp-json\/wp\/v2\/media\/143133"}],"wp:attachment":[{"href":"https:\/\/gpl-love.com\/fr\/wp-json\/wp\/v2\/media?parent=119838"}],"wp:term":[{"taxonomy":"product_brand","embeddable":true,"href":"https:\/\/gpl-love.com\/fr\/wp-json\/wp\/v2\/product_brand?post=119838"},{"taxonomy":"product_cat","embeddable":true,"href":"https:\/\/gpl-love.com\/fr\/wp-json\/wp\/v2\/product_cat?post=119838"},{"taxonomy":"product_tag","embeddable":true,"href":"https:\/\/gpl-love.com\/fr\/wp-json\/wp\/v2\/product_tag?post=119838"}],"curies":[{"name":"wp","href":"https:\/\/api.w.org\/{rel}","templated":true}]}}