{"id":119834,"date":"2023-06-26T00:00:00","date_gmt":"2023-06-25T22:00:00","guid":{"rendered":"https:\/\/gpl-love.com\/fr\/produit\/analytify-pro-easy-digital-downloads-addon\/"},"modified":"2026-03-20T22:54:38","modified_gmt":"2026-03-20T21:54:38","slug":"analytify-pro-easy-digital-downloads-addon","status":"publish","type":"product","link":"https:\/\/gpl-love.com\/fr\/produit\/analytify-pro-easy-digital-downloads-addon\/","title":{"rendered":"Analytify Pro Easy Digital Downloads Addon 5.0.4"},"content":{"rendered":"<h3>Analytify Pro Easy Digital Downloads Addon Traits<\/h3>\n<p>L&rsquo;Addon de t\u00e9l\u00e9chargements num\u00e9riques Analytify Pro Easy, un outil incroyablement puissant, offre un moyen transparent de surveiller vos donn\u00e9es faciles de t\u00e9l\u00e9chargements num\u00e9riques. Avec l&rsquo;aide de ce plugin, vous pouvez obtenir des informations compl\u00e8tes concernant vos ventes, vos revenus et vos clients, ce qui facilitera \u00e0 son tour des d\u00e9cisions commerciales plus \u00e9clair\u00e9es et efficaces. L&rsquo;addon poss\u00e8de une myriade de fonctionnalit\u00e9s avanc\u00e9es, y compris, mais sans s&rsquo;y limiter, le suivi des ventes en temps r\u00e9el, le suivi de la conversion et l&rsquo;analyse des entonnoirs, ce qui le rend un actif indispensable pour toute entreprise en ligne. En outre, l&rsquo;addition de t\u00e9l\u00e9chargements num\u00e9riques Analytify Pro Easy poss\u00e8de une interface extr\u00eamement conviviale et un processus d&rsquo;installation simple, garantissant l&rsquo;accessibilit\u00e9 pour les utilisateurs de tous les niveaux d&rsquo;expertise. En somme, ce plugin est une n\u00e9cessit\u00e9 absolue pour toute personne qui cherche \u00e0 \u00e9lever leur entreprise en ligne \u00e0 des hauteurs sans pr\u00e9c\u00e9dent.<\/p>\n<ul>\n<li>Analytify Pro Easy Digital Downloads Addon est un outil puissant con\u00e7u pour aider les utilisateurs \u00e0 suivre les donn\u00e9es de commerce \u00e9lectronique et \u00e0 les analyser facilement.<\/li>\n<li>L&rsquo;addon est sp\u00e9cifiquement adapt\u00e9 \u00e0 des t\u00e9l\u00e9chargements num\u00e9riques faciles, une plate-forme de commerce \u00e9lectronique populaire qui permet aux utilisateurs de vendre des produits num\u00e9riques en ligne.<\/li>\n<li>Avec Analytify Pro Easy Digital Downloads Addon, les utilisateurs peuvent suivre une gamme de donn\u00e9es critiques de commerce \u00e9lectronique, telles que les produits vendus, les revenus g\u00e9n\u00e9r\u00e9s, etc.<\/li>\n<li>L&rsquo;Addon propose des capacit\u00e9s d&rsquo;analyse avanc\u00e9es, y compris la visualisation des donn\u00e9es en temps r\u00e9el et les rapports personnalis\u00e9s qui peuvent \u00eatre adapt\u00e9s pour r\u00e9pondre aux besoins sp\u00e9cifiques de chaque utilisateur.<\/li>\n<li>Les utilisateurs peuvent surveiller les mesures cl\u00e9s, telles que les taux de conversion et la valeur moyenne de la commande, pour obtenir des informations pr\u00e9cieuses sur leurs performances de commerce \u00e9lectronique.<\/li>\n<li>Analytify Pro Easy Digital Downloads Addon offre \u00e9galement une int\u00e9gration avec des outils et plates-formes tiers, tels que Google Analytics et MailChimp.<\/li>\n<li>L&rsquo;addon est enti\u00e8rement compatible avec des t\u00e9l\u00e9chargements num\u00e9riques faciles et peut \u00eatre facilement install\u00e9 et configur\u00e9 pour commencer \u00e0 suivre imm\u00e9diatement les donn\u00e9es de commerce \u00e9lectronique.<\/li>\n<li>Analytify Pro Easy Digital Downloads Addon est soutenu par une \u00e9quipe de d\u00e9veloppeurs exp\u00e9riment\u00e9s et de personnel de soutien, garantissant des performances fiables et une assistance en temps opportun si n\u00e9cessaire.<\/li>\n<li>Avec ses fonctionnalit\u00e9s puissantes et son interface conviviale, Analytify Pro Easy Digital Downloads Addon est un outil essentiel pour toute entreprise de commerce \u00e9lectronique qui cherche \u00e0 optimiser ses performances et \u00e0 augmenter ses revenus.<\/li>\n<\/ul>\n","protected":false},"excerpt":{"rendered":"<p>Intensifiez votre jeu de t\u00e9l\u00e9chargements num\u00e9riques avec l&rsquo;analyse Pro Easy Digital Downloads Addon. Cet outil de pointe simplifie non seulement vos op\u00e9rations commerciales en ligne, mais am\u00e9liore \u00e9galement votre exp\u00e9rience globale de commerce \u00e9lectronique. Offrant une interface intuitive, cet addon vous permet de g\u00e9rer et de suivre de mani\u00e8re transparente vos t\u00e9l\u00e9chargements num\u00e9riques.<\/p>\n<p>L&rsquo;Analytify Pro Addon est con\u00e7u pour fournir des analyses approfondies de vos t\u00e9l\u00e9chargements, vous aidant \u00e0 prendre des d\u00e9cisions bas\u00e9es sur les donn\u00e9es. Il fournit des rapports d\u00e9taill\u00e9s sur chaque t\u00e9l\u00e9chargement, y compris le nombre de ventes, les b\u00e9n\u00e9fices et les performances globales. De cette fa\u00e7on, vous pouvez facilement identifier les produits les plus vendus et \u00e9laborer des strat\u00e9gies en cons\u00e9quence vos efforts de marketing.<\/p>\n<p>Avec l&rsquo;addon de t\u00e9l\u00e9chargements num\u00e9riques faciles, vous pouvez rationaliser efficacement le processus de paiement, r\u00e9duire l&rsquo;abandon des paniers et augmenter les conversions. Il est enti\u00e8rement compatible avec toutes les versions d&rsquo;Analytify Pro et ne n\u00e9cessite aucune comp\u00e9tence de configuration ou de codage complexe.<\/p>\n<p>Mettez \u00e0 niveau votre magasin num\u00e9rique avec Analytify Pro Easy Digital Downlods Addon et profitez d&rsquo;un voyage de commerce \u00e9lectronique sans effort et sans effort.<\/p>\n","protected":false},"featured_media":143131,"comment_status":"open","ping_status":"open","template":"","meta":[],"product_brand":[2457],"product_cat":[1207,1181,1186],"product_tag":[1209],"class_list":{"0":"post-119834","1":"product","2":"type-product","3":"status-publish","4":"has-post-thumbnail","6":"product_brand-analytify","7":"product_cat-commercialisation-wordpress-plugins","8":"product_cat-plugins","9":"product_cat-wordpress-plugins","10":"product_tag-analytify","11":"member-discount","12":"discount-restricted","14":"first","15":"instock","16":"sale","17":"downloadable","18":"virtual","19":"sold-individually","20":"purchasable","21":"product-type-simple"},"_links":{"self":[{"href":"https:\/\/gpl-love.com\/fr\/wp-json\/wp\/v2\/product\/119834","targetHints":{"allow":["GET"]}}],"collection":[{"href":"https:\/\/gpl-love.com\/fr\/wp-json\/wp\/v2\/product"}],"about":[{"href":"https:\/\/gpl-love.com\/fr\/wp-json\/wp\/v2\/types\/product"}],"replies":[{"embeddable":true,"href":"https:\/\/gpl-love.com\/fr\/wp-json\/wp\/v2\/comments?post=119834"}],"wp:featuredmedia":[{"embeddable":true,"href":"https:\/\/gpl-love.com\/fr\/wp-json\/wp\/v2\/media\/143131"}],"wp:attachment":[{"href":"https:\/\/gpl-love.com\/fr\/wp-json\/wp\/v2\/media?parent=119834"}],"wp:term":[{"taxonomy":"product_brand","embeddable":true,"href":"https:\/\/gpl-love.com\/fr\/wp-json\/wp\/v2\/product_brand?post=119834"},{"taxonomy":"product_cat","embeddable":true,"href":"https:\/\/gpl-love.com\/fr\/wp-json\/wp\/v2\/product_cat?post=119834"},{"taxonomy":"product_tag","embeddable":true,"href":"https:\/\/gpl-love.com\/fr\/wp-json\/wp\/v2\/product_tag?post=119834"}],"curies":[{"name":"wp","href":"https:\/\/api.w.org\/{rel}","templated":true}]}}