{"id":119832,"date":"2026-03-02T00:00:00","date_gmt":"2026-03-01T23:00:00","guid":{"rendered":"https:\/\/gpl-love.com\/fr\/produit\/analytify-pro\/"},"modified":"2026-03-20T22:54:37","modified_gmt":"2026-03-20T21:54:37","slug":"analytify-pro","status":"publish","type":"product","link":"https:\/\/gpl-love.com\/fr\/produit\/analytify-pro\/","title":{"rendered":"Analytify Pro 8.1.1"},"content":{"rendered":"<h3>Analytify Pro Traits<\/h3>\n<p>Analytify Pro, un outil incroyablement robuste, offre aux utilisateurs la possibilit\u00e9 d&rsquo;acqu\u00e9rir des informations inestimables sur leurs donn\u00e9es Google Analytics. Gr\u00e2ce \u00e0 son interface intuitive, Analytify Pro accorde aux utilisateurs une perspective compl\u00e8te sur les performances de leur site Web, ce qui leur permet finalement de prendre des d\u00e9cisions bien inform\u00e9es relatives \u00e0 leur strat\u00e9gie en ligne. Cet outil exceptionnel fournit aux utilisateurs des rapports m\u00e9ticuleusement d\u00e9taill\u00e9s englobant des mesures pivots telles que les visiteurs du site, les pages vues, les taux de rebond et les taux de conversion. De plus, Analytify Pro va au-del\u00e0 en englobant des fonctionnalit\u00e9s avanc\u00e9es, telles que les rapports personnalis\u00e9s et l&rsquo;analyse en temps r\u00e9el. Que vous soyez un propri\u00e9taire d&rsquo;une petite entreprise ou un sp\u00e9cialiste du marketing num\u00e9rique, il est clair sans \u00e9quivoque qu&rsquo;Analytify Pro est un instrument indispensable pour obtenir des performances de site Web optimales et atteindre avec succ\u00e8s vos objectifs en ligne.<\/p>\n<ul>\n<li>Analytify Pro est un puissant outil d&rsquo;analyse de donn\u00e9es qui aide les propri\u00e9taires de sites Web \u00e0 obtenir des informations perspicaces sur leur site Web et ses visiteurs.<\/li>\n<li>Cet outil fournit des donn\u00e9es en temps r\u00e9el sur le trafic du site Web, le comportement des clients et l&rsquo;engagement des utilisateurs.<\/li>\n<li>Analytify Pro est facile \u00e0 installer et int\u00e8gre de mani\u00e8re transparente avec les plates-formes populaires telles que WordPress et WooCommerce.<\/li>\n<li>Avec son interface intuitive, les utilisateurs peuvent facilement comprendre et analyser leurs donn\u00e9es sans avoir besoin d&rsquo;expertise technique.<\/li>\n<li>Le logiciel propose des rapports et tableaux de bord personnalisables et d\u00e9taill\u00e9s pour aider les utilisateurs \u00e0 suivre les performances de leur site Web et \u00e0 prendre des d\u00e9cisions bas\u00e9es sur les donn\u00e9es.<\/li>\n<li>Les utilisateurs peuvent surveiller leurs canaux de m\u00e9dias sociaux, leurs campagnes par e-mail et leurs publicit\u00e9s en ligne en un seul endroit \u00e0 l&rsquo;aide d&rsquo;Analytify Pro.<\/li>\n<li>Le logiciel offre aux utilisateurs les autorisations et le contr\u00f4le d&rsquo;acc\u00e8s pour prot\u00e9ger les informations et les donn\u00e9es sensibles.<\/li>\n<li>Analytify Pro offre un excellent support client, avec une \u00e9quipe d&rsquo;experts disponibles 24h \/ 24 pour aider \u00e0 toute question ou probl\u00e8me.<\/li>\n<li>Avec Analytify Pro, les utilisateurs peuvent \u00e9conomiser du temps et des ressources pr\u00e9cieux en automatisant et en rationalisant leur processus d&rsquo;analyse des donn\u00e9es.<\/li>\n<li>L&rsquo;outil offre un excellent rapport qualit\u00e9-prix, avec des plans de prix flexibles pour s&rsquo;adapter aux entreprises de toutes tailles et budgets.<\/li>\n<\/ul>\n","protected":false},"excerpt":{"rendered":"<p>Am\u00e9liorez les capacit\u00e9s de votre site Web avec Analytify Pro. Ce logiciel Premium fournit un tableau de bord Google Analytics en profondeur directement dans votre WordPress, ce qui vous fait gagner du temps et des efforts. Cela simplifie l&rsquo;analyse de votre site Web, ce qui rend sans effort de comprendre les performances de votre site. Avec Analytify Pro, vous pouvez suivre les conversions de commerce \u00e9lectronique, les statistiques de campagne, les statistiques en temps r\u00e9el et bien plus encore d&rsquo;un endroit pratique. Cet outil facilement personnalisable est parfait pour les entreprises qui cherchent \u00e0 obtenir des informations pr\u00e9cieuses sur le trafic et le comportement de leur site Web. Obtenez Analytify Pro et autonomisez votre processus d\u00e9cisionnel avec des donn\u00e9es!<\/p>\n","protected":false},"featured_media":143130,"comment_status":"open","ping_status":"open","template":"","meta":[],"product_brand":[2457],"product_cat":[1207,1181,1186],"product_tag":[1209],"class_list":{"0":"post-119832","1":"product","2":"type-product","3":"status-publish","4":"has-post-thumbnail","6":"product_brand-analytify","7":"product_cat-commercialisation-wordpress-plugins","8":"product_cat-plugins","9":"product_cat-wordpress-plugins","10":"product_tag-analytify","11":"member-discount","12":"discount-restricted","14":"first","15":"instock","16":"sale","17":"downloadable","18":"virtual","19":"sold-individually","20":"purchasable","21":"product-type-simple"},"_links":{"self":[{"href":"https:\/\/gpl-love.com\/fr\/wp-json\/wp\/v2\/product\/119832","targetHints":{"allow":["GET"]}}],"collection":[{"href":"https:\/\/gpl-love.com\/fr\/wp-json\/wp\/v2\/product"}],"about":[{"href":"https:\/\/gpl-love.com\/fr\/wp-json\/wp\/v2\/types\/product"}],"replies":[{"embeddable":true,"href":"https:\/\/gpl-love.com\/fr\/wp-json\/wp\/v2\/comments?post=119832"}],"wp:featuredmedia":[{"embeddable":true,"href":"https:\/\/gpl-love.com\/fr\/wp-json\/wp\/v2\/media\/143130"}],"wp:attachment":[{"href":"https:\/\/gpl-love.com\/fr\/wp-json\/wp\/v2\/media?parent=119832"}],"wp:term":[{"taxonomy":"product_brand","embeddable":true,"href":"https:\/\/gpl-love.com\/fr\/wp-json\/wp\/v2\/product_brand?post=119832"},{"taxonomy":"product_cat","embeddable":true,"href":"https:\/\/gpl-love.com\/fr\/wp-json\/wp\/v2\/product_cat?post=119832"},{"taxonomy":"product_tag","embeddable":true,"href":"https:\/\/gpl-love.com\/fr\/wp-json\/wp\/v2\/product_tag?post=119832"}],"curies":[{"name":"wp","href":"https:\/\/api.w.org\/{rel}","templated":true}]}}