{"id":119829,"date":"2023-07-05T00:00:00","date_gmt":"2023-07-04T22:00:00","guid":{"rendered":"https:\/\/gpl-love.com\/fr\/produit\/amp-woocommerce-pro\/"},"modified":"2026-03-20T22:54:34","modified_gmt":"2026-03-20T21:54:34","slug":"amp-woocommerce-pro","status":"publish","type":"product","link":"https:\/\/gpl-love.com\/fr\/produit\/amp-woocommerce-pro\/","title":{"rendered":"AMP WooCommerce Pro 3.4"},"content":{"rendered":"<h3>AMP WooCommerce Pro Traits<\/h3>\n<p>AMP WooCommerce Pro, un plugin puissant con\u00e7u pour optimiser votre site Web WooCommerce, est maintenant disponible. Il vise \u00e0 am\u00e9liorer les temps de chargement de votre site sur les appareils mobiles, en garantissant des performances rapides. Ce plugin impressionnant exploite la puissance de la technologie acc\u00e9l\u00e9r\u00e9e des pages mobiles (AMP), garantissant un site Web tr\u00e8s r\u00e9actif qui offre une exp\u00e9rience utilisateur exceptionnelle. En incorporant AMP WooCommerce Pro dans votre site, vous pouvez vous attendre \u00e0 une am\u00e9lioration significative des performances, conduisant \u00e0 une augmentation des ventes et des conversions. Non seulement ce plugin offre des avantages de performances incroyables, mais il offre \u00e9galement une large gamme d&rsquo;options de personnalisation. Cela vous permet d&rsquo;adapter la conception de votre site Web pour vous aligner parfaitement sur le style unique de votre marque. L&rsquo;interface conviviale et les fonctionnalit\u00e9s robustes de l&rsquo;AMP WooCommerce Pro en font la solution parfaite pour tout site WooCommerce cherchant \u00e0 am\u00e9liorer l&rsquo;exp\u00e9rience utilisateur mobile et \u00e0 stimuler la croissance globale des ventes.<\/p>\n<ul>\n<li>Un plugin puissant et riche en fonctionnalit\u00e9s con\u00e7u pour am\u00e9liorer la fonctionnalit\u00e9 de votre boutique WooCommerce<\/li>\n<li>Permet l&rsquo;int\u00e9gration AMP (Pages mobiles acc\u00e9l\u00e9r\u00e9es) pour am\u00e9liorer les temps de chargement de votre page mobile<\/li>\n<li>Am\u00e9liore le r\u00e9f\u00e9rencement de votre magasin (optimisation des moteurs de recherche) en cr\u00e9ant des versions AMP de vos pages de produits<\/li>\n<li>Fournit une conception d&rsquo;ampli personnalisable pour am\u00e9liorer l&rsquo;exp\u00e9rience utilisateur pour les acheteurs mobiles<\/li>\n<li>Comprend des analyses int\u00e9gr\u00e9es pour suivre les performances et l&rsquo;utilisation de la page AMP<\/li>\n<li>Compatible avec une vari\u00e9t\u00e9 de th\u00e8mes et d&rsquo;extensions WooCommerce<\/li>\n<li>Mises \u00e0 jour r\u00e9guli\u00e8res et soutien de l&rsquo;\u00e9quipe de d\u00e9veloppement AMP WooCommerce Pro<\/li>\n<li>Boose les taux de conversion de votre magasin en offrant une exp\u00e9rience d&rsquo;achat mobile plus rapide et plus conviviale<\/li>\n<\/ul>\n","protected":false},"excerpt":{"rendered":"<p>AMP WooCommerce Pro est le plugin ultime de votre site de commerce \u00e9lectronique. Cet outil puissant est con\u00e7u pour rationaliser vos processus commerciaux en ligne, optimiser votre site pour les appareils mobiles et am\u00e9liorer vos ventes. Il dispose d&rsquo;une interface intuitive pour une navigation facile, des temps de chargement rapide pour une exp\u00e9rience utilisateur am\u00e9lior\u00e9e et une int\u00e9gration transparente avec diverses passerelles de paiement pour les transactions s\u00e9curis\u00e9es. Avec AMP WooCommerce Pro, vous pouvez facilement g\u00e9rer votre inventaire de produit, personnaliser la disposition de votre magasin et suivre vos performances de vente. De plus, il est livr\u00e9 avec des outils de r\u00e9f\u00e9rencement avanc\u00e9s pour am\u00e9liorer la visibilit\u00e9 de votre site sur les moteurs de recherche. Profitez des avantages de l&rsquo;augmentation de la r\u00e9tention de la client\u00e8le et des taux de conversion plus \u00e9lev\u00e9s avec AMP WooCommerce Pro. C&rsquo;est la solution parfaite pour les entrepreneurs en ligne qui cherchent \u00e0 \u00e9lever leur entreprise de commerce \u00e9lectronique \u00e0 de nouveaux sommets.<\/p>\n","protected":false},"featured_media":143127,"comment_status":"open","ping_status":"open","template":"","meta":[],"product_brand":[2447],"product_cat":[1203,1181,1186],"product_tag":[2279],"class_list":{"0":"post-119829","1":"product","2":"type-product","3":"status-publish","4":"has-post-thumbnail","6":"product_brand-amp-wp","7":"product_cat-performance","8":"product_cat-plugins","9":"product_cat-wordpress-plugins","10":"product_tag-amp-wp","11":"member-discount","12":"discount-restricted","14":"first","15":"instock","16":"sale","17":"downloadable","18":"virtual","19":"sold-individually","20":"purchasable","21":"product-type-simple"},"_links":{"self":[{"href":"https:\/\/gpl-love.com\/fr\/wp-json\/wp\/v2\/product\/119829","targetHints":{"allow":["GET"]}}],"collection":[{"href":"https:\/\/gpl-love.com\/fr\/wp-json\/wp\/v2\/product"}],"about":[{"href":"https:\/\/gpl-love.com\/fr\/wp-json\/wp\/v2\/types\/product"}],"replies":[{"embeddable":true,"href":"https:\/\/gpl-love.com\/fr\/wp-json\/wp\/v2\/comments?post=119829"}],"wp:featuredmedia":[{"embeddable":true,"href":"https:\/\/gpl-love.com\/fr\/wp-json\/wp\/v2\/media\/143127"}],"wp:attachment":[{"href":"https:\/\/gpl-love.com\/fr\/wp-json\/wp\/v2\/media?parent=119829"}],"wp:term":[{"taxonomy":"product_brand","embeddable":true,"href":"https:\/\/gpl-love.com\/fr\/wp-json\/wp\/v2\/product_brand?post=119829"},{"taxonomy":"product_cat","embeddable":true,"href":"https:\/\/gpl-love.com\/fr\/wp-json\/wp\/v2\/product_cat?post=119829"},{"taxonomy":"product_tag","embeddable":true,"href":"https:\/\/gpl-love.com\/fr\/wp-json\/wp\/v2\/product_tag?post=119829"}],"curies":[{"name":"wp","href":"https:\/\/api.w.org\/{rel}","templated":true}]}}