{"id":119828,"date":"2026-04-30T00:00:00","date_gmt":"2026-04-29T22:00:00","guid":{"rendered":"https:\/\/gpl-love.com\/fr\/produit\/amp-pagebuilder-compatibility\/"},"modified":"2026-05-01T06:30:20","modified_gmt":"2026-05-01T04:30:20","slug":"amp-pagebuilder-compatibility","status":"publish","type":"product","link":"https:\/\/gpl-love.com\/fr\/produit\/amp-pagebuilder-compatibility\/","title":{"rendered":"AMP Pagebuilder Compatibility 1.9.89"},"content":{"rendered":"<h3>AMP Pagebuilder Compatibility Traits<\/h3>\n<p>La fonction de compatibilit\u00e9 AMP Pagebuilder, qui est un outil essentiel pour les entreprises et les particuliers visant \u00e0 am\u00e9liorer leur pr\u00e9sence en ligne et \u00e0 attirer un trafic accru de sites Web, permet aux utilisateurs de concevoir et de modifier sans effort les pages Web en utilisant un large \u00e9ventail d&rsquo;outils et de mod\u00e8les de glisser-d\u00e9poser sp\u00e9cifiquement sp\u00e9cifique Pr\u00e9sent\u00e9 au cadre de pages mobiles acc\u00e9l\u00e9r\u00e9s (AMP) de Google. En tirant parti de cette fonctionnalit\u00e9, les propri\u00e9taires de sites Web et les cr\u00e9ateurs de contenu peuvent s&rsquo;assurer que leurs pages Web sont non seulement optimis\u00e9es pour les appareils mobiles, mais pr\u00e9sentent \u00e9galement une vitesse de chargement exceptionnelle et des performances transparentes.<\/p>\n<ul>\n<li>Permet la cr\u00e9ation de pages AMP \u00e9tonnantes et ultra-rapides compatibles avec AMP PageBuilder<\/li>\n<li>Offre une interface intuitive et conviviale de glisser-d\u00e9poser pour la construction de pages sans effort<\/li>\n<li>Livr\u00e9 avec des mod\u00e8les AMP pr\u00e9-con\u00e7us pour les options de structure de page polyvalente<\/li>\n<li>Prend en charge l&rsquo;int\u00e9gration avec les plugins WordPress populaires pour des fonctionnalit\u00e9s et une personnalisation suppl\u00e9mentaires<\/li>\n<li>Optimise la vitesse de chargement des pages et les performances pour une exp\u00e9rience utilisateur am\u00e9lior\u00e9e et un classement des moteurs de recherche<\/li>\n<li>Fournit des options de personnalisation \u00e9tendues pour la coh\u00e9rence de l&rsquo;image de marque et de la conception sur le site Web<\/li>\n<li>Offre des pratiques de codage efficaces et s\u00e9curis\u00e9es pour une cr\u00e9ation de pages fiable et \u00e9volutive<\/li>\n<li>Rationalise le processus de d\u00e9veloppement pour une gestion efficace et rentable de sites Web<\/li>\n<li>Fournit un support client exceptionnel et des ressources pour la mise en \u0153uvre et la maintenance sans tracas.<\/li>\n<\/ul>\n","protected":false},"excerpt":{"rendered":"<p>Ce produit est compatible avec l&rsquo;AMP PageBuilder, offrant aux utilisateurs une exp\u00e9rience transparente dans le d\u00e9veloppement et la gestion de leurs pages Web. La valeur! La fonctionnalit\u00e9 est un attribut exceptionnel, am\u00e9liorant la fonctionnalit\u00e9 et l&rsquo;efficacit\u00e9 de votre processus de conception Web. Avec cette compatibilit\u00e9, les utilisateurs peuvent profiter d&rsquo;une approche rationalis\u00e9e pour la cr\u00e9ation de la page Web, optimisant leur travail pour une perspective de mobile d&rsquo;abord. Il est con\u00e7u pour aider les utilisateurs \u00e0 tirer parti de la puissance de la technologie AMP, cr\u00e9ant des pages Web qui se chargent rapidement et fonctionnent de mani\u00e8re transparente sur diff\u00e9rentes plates-formes. D\u00e9couvrez les avantages de la compatibilit\u00e9 AMP Pagebuilder et \u00e9levez votre processus de d\u00e9veloppement Web.<\/p>\n","protected":false},"featured_media":143125,"comment_status":"open","ping_status":"open","template":"","meta":[],"product_brand":[2447],"product_cat":[1203,1181,1186],"product_tag":[2279],"class_list":{"0":"post-119828","1":"product","2":"type-product","3":"status-publish","4":"has-post-thumbnail","6":"product_brand-amp-wp","7":"product_cat-performance","8":"product_cat-plugins","9":"product_cat-wordpress-plugins","10":"product_tag-amp-wp","11":"member-discount","12":"discount-restricted","14":"first","15":"instock","16":"sale","17":"downloadable","18":"virtual","19":"sold-individually","20":"purchasable","21":"product-type-simple"},"_links":{"self":[{"href":"https:\/\/gpl-love.com\/fr\/wp-json\/wp\/v2\/product\/119828","targetHints":{"allow":["GET"]}}],"collection":[{"href":"https:\/\/gpl-love.com\/fr\/wp-json\/wp\/v2\/product"}],"about":[{"href":"https:\/\/gpl-love.com\/fr\/wp-json\/wp\/v2\/types\/product"}],"replies":[{"embeddable":true,"href":"https:\/\/gpl-love.com\/fr\/wp-json\/wp\/v2\/comments?post=119828"}],"wp:featuredmedia":[{"embeddable":true,"href":"https:\/\/gpl-love.com\/fr\/wp-json\/wp\/v2\/media\/143125"}],"wp:attachment":[{"href":"https:\/\/gpl-love.com\/fr\/wp-json\/wp\/v2\/media?parent=119828"}],"wp:term":[{"taxonomy":"product_brand","embeddable":true,"href":"https:\/\/gpl-love.com\/fr\/wp-json\/wp\/v2\/product_brand?post=119828"},{"taxonomy":"product_cat","embeddable":true,"href":"https:\/\/gpl-love.com\/fr\/wp-json\/wp\/v2\/product_cat?post=119828"},{"taxonomy":"product_tag","embeddable":true,"href":"https:\/\/gpl-love.com\/fr\/wp-json\/wp\/v2\/product_tag?post=119828"}],"curies":[{"name":"wp","href":"https:\/\/api.w.org\/{rel}","templated":true}]}}