{"id":119826,"date":"2023-10-09T00:00:00","date_gmt":"2023-10-08T22:00:00","guid":{"rendered":"https:\/\/gpl-love.com\/fr\/produit\/amp-cache\/"},"modified":"2026-03-20T22:54:29","modified_gmt":"2026-03-20T21:54:29","slug":"amp-cache","status":"publish","type":"product","link":"https:\/\/gpl-love.com\/fr\/produit\/amp-cache\/","title":{"rendered":"AMP Cache 2.2.15"},"content":{"rendered":"<h3>AMP Cache Traits<\/h3>\n<p>Le Cache AMP, un outil tr\u00e8s efficace capable d&rsquo;am\u00e9liorer la vitesse de chargement de votre site Web, permet \u00e0 vos visiteurs d&rsquo;acc\u00e9der rapidement \u00e0 votre contenu et avec une efficacit\u00e9. Cet outil fonctionne en stockant des pages AMP sur les serveurs de Google, garantissant ainsi que lorsque les individus visitent votre site, la page est r\u00e9cup\u00e9r\u00e9e du cache au lieu de votre serveur. Par cons\u00e9quent, cette fonctionnalit\u00e9 att\u00e9nue non seulement le fardeau de votre serveur, mais am\u00e9liore \u00e9galement les performances de votre site, en particulier pour les utilisateurs qui y acc\u00e9daient via des appareils mobiles. De plus, le cache AMP s&rsquo;int\u00e8gre de mani\u00e8re transparente avec le cadre AMP, garantissant une vitesse optimis\u00e9e et offrant des performances rapides. En r\u00e9sum\u00e9, si vous cherchez \u00e0 am\u00e9liorer la vitesse et l&rsquo;exp\u00e9rience utilisateur de votre site, le cache AMP repr\u00e9sente ind\u00e9niablement un outil exceptionnel \u00e0 consid\u00e9rer.<\/p>\n<ul>\n<li>Technologie acc\u00e9l\u00e9r\u00e9e des pages mobiles (AMP) pour des temps de chargement plus rapides sur les appareils mobiles<\/li>\n<li>Mise en cache optimis\u00e9e et pr\u00e9-rendu des pages Web<\/li>\n<li>Int\u00e9gration avec Google AMP Cache pour des performances am\u00e9lior\u00e9es<\/li>\n<li>Options de configuration flexibles pour les r\u00e8gles de mise en cache personnalis\u00e9es<\/li>\n<li>R\u00e9duction des co\u00fbts d&rsquo;utilisation du serveur et de bande passante<\/li>\n<li>Am\u00e9lioration de l&rsquo;exp\u00e9rience utilisateur et de l&rsquo;engagement sur les appareils mobiles<\/li>\n<li>Int\u00e9gration facile avec les syst\u00e8mes de gestion de contenu existants<\/li>\n<li>Analyse en temps r\u00e9el et rapport sur les performances du cache AMP.<\/li>\n<\/ul>\n","protected":false},"excerpt":{"rendered":"<p>D\u00e9couvrez la navigation rapide avec notre service de cache d&rsquo;ampli. Cette fonctionnalit\u00e9 utilise la technologie des pages mobiles acc\u00e9l\u00e9r\u00e9es (AMP) de Google pour fournir des pages Web \u00e0 charge rapide et transparentes directement sur votre appareil mobile. La valeur! L&rsquo;attribut de notre service garantit que vous obtenez les r\u00e9sultats de recherche les plus pr\u00e9cis et les plus pertinents, personnalis\u00e9s \u00e0 vos pr\u00e9f\u00e9rences. Profitez d&rsquo;une exp\u00e9rience de navigation Web plus lisse, plus rapide et plus efficace avec notre service de cache AMP.<\/p>\n","protected":false},"featured_media":143121,"comment_status":"open","ping_status":"open","template":"","meta":[],"product_brand":[2447],"product_cat":[1203,1181,1186],"product_tag":[2279],"class_list":{"0":"post-119826","1":"product","2":"type-product","3":"status-publish","4":"has-post-thumbnail","6":"product_brand-amp-wp","7":"product_cat-performance","8":"product_cat-plugins","9":"product_cat-wordpress-plugins","10":"product_tag-amp-wp","11":"member-discount","12":"discount-restricted","14":"first","15":"instock","16":"sale","17":"downloadable","18":"virtual","19":"sold-individually","20":"purchasable","21":"product-type-simple"},"_links":{"self":[{"href":"https:\/\/gpl-love.com\/fr\/wp-json\/wp\/v2\/product\/119826","targetHints":{"allow":["GET"]}}],"collection":[{"href":"https:\/\/gpl-love.com\/fr\/wp-json\/wp\/v2\/product"}],"about":[{"href":"https:\/\/gpl-love.com\/fr\/wp-json\/wp\/v2\/types\/product"}],"replies":[{"embeddable":true,"href":"https:\/\/gpl-love.com\/fr\/wp-json\/wp\/v2\/comments?post=119826"}],"wp:featuredmedia":[{"embeddable":true,"href":"https:\/\/gpl-love.com\/fr\/wp-json\/wp\/v2\/media\/143121"}],"wp:attachment":[{"href":"https:\/\/gpl-love.com\/fr\/wp-json\/wp\/v2\/media?parent=119826"}],"wp:term":[{"taxonomy":"product_brand","embeddable":true,"href":"https:\/\/gpl-love.com\/fr\/wp-json\/wp\/v2\/product_brand?post=119826"},{"taxonomy":"product_cat","embeddable":true,"href":"https:\/\/gpl-love.com\/fr\/wp-json\/wp\/v2\/product_cat?post=119826"},{"taxonomy":"product_tag","embeddable":true,"href":"https:\/\/gpl-love.com\/fr\/wp-json\/wp\/v2\/product_tag?post=119826"}],"curies":[{"name":"wp","href":"https:\/\/api.w.org\/{rel}","templated":true}]}}