{"id":119824,"date":"2021-02-09T00:00:00","date_gmt":"2021-02-08T23:00:00","guid":{"rendered":"https:\/\/gpl-love.com\/fr\/produit\/agentpress-pro-genesis-wordpress-theme\/"},"modified":"2026-03-20T22:54:07","modified_gmt":"2026-03-20T21:54:07","slug":"agentpress-pro-genesis-wordpress-theme","status":"publish","type":"product","link":"https:\/\/gpl-love.com\/fr\/produit\/agentpress-pro-genesis-wordpress-theme\/","title":{"rendered":"AgentPress Pro Genesis WordPress Theme 3.1.3"},"content":{"rendered":"<h3>AgentPress Pro Genesis WordPress Theme Traits<\/h3>\n<p>Le th\u00e8me WordPress AgentPress Pro Genesis est une bo\u00eete \u00e0 outils incroyablement robuste sp\u00e9cifiquement adapt\u00e9e aux agents immobiliers et aux maisons de courtage, offrant une multitude de fonctionnalit\u00e9s puissantes. En utilisant son design \u00e9l\u00e9gant et moderne, ce th\u00e8me facilite la cr\u00e9ation d&rsquo;un site Web hautement professionnel qui met en \u00e9vidence efficacement vos propri\u00e9t\u00e9s et vos services. De plus, sa disposition enti\u00e8rement r\u00e9active garantit que votre site Web conservera son apparence exceptionnelle sur tous les appareils, allant des ordinateurs de bureau traditionnels aux smartphones de pointe. De plus, le th\u00e8me AgentPress Pro poss\u00e8de une vaste gamme de widgets personnalisables et d&rsquo;options de page d&rsquo;accueil, vous offrant un contr\u00f4le complet sur l&rsquo;esth\u00e9tique et la fonctionnalit\u00e9 de votre site. Que votre objectif soit de cultiver des pistes, de montrer vos listes ou de favoriser la croissance de votre marque, le th\u00e8me WordPress de l&rsquo;agentPress Pro Genesis repr\u00e9sente la solution id\u00e9ale pour tout professionnel de l&rsquo;immobilier cherchant \u00e0 atteindre l&rsquo;excellence.<\/p>\n<ul>\n<li>Design moderne et professionnel parfait pour les agents immobiliers et les courtiers<\/li>\n<li>Construit sur le puissant cadre Gen\u00e8se pour des performances am\u00e9lior\u00e9es et une optimisation SEO<\/li>\n<li>La conception sensible aux mobiles garantit que votre site a fi\u00e8re allure sur n&rsquo;importe quel appareil<\/li>\n<li>Page d&rsquo;accueil et widget personnalisables pour pr\u00e9senter vos propri\u00e9t\u00e9s en vedette, vos t\u00e9moignages et plus encore<\/li>\n<li>La fonctionnalit\u00e9 int\u00e9gr\u00e9e de recherche IDX permet aux visiteurs de rechercher vos listes MLS directement depuis votre site<\/li>\n<li>Plusieurs sch\u00e9mas de couleurs et options de typographie disponibles pour correspondre \u00e0 votre marque<\/li>\n<li>Des options de th\u00e8me \u00e9tendues et des options de mise en page flexibles pour un aspect et une sensation vraiment personnalis\u00e9s<\/li>\n<li>Comprend le plugin Genesis Enews Extended pour une int\u00e9gration de newsletter e-mail facile<\/li>\n<li>Acc\u00e8s \u00e0 des ressources de support utiles via le Forum et les tutoriels de la communaut\u00e9 Studiopress.<\/li>\n<\/ul>\n","protected":false},"excerpt":{"rendered":"<p>D\u00e9couvrez la conception dynamique et professionnelle du th\u00e8me AgentPress Pro Genesis WordPress pour WordPress. Ce th\u00e8me est parfait pour les agents immobiliers, les courtiers et les agences qui cherchent \u00e0 pr\u00e9senter leurs propri\u00e9t\u00e9s et leurs services d&rsquo;une mani\u00e8re \u00e9l\u00e9gante et moderne. Avec sa conception r\u00e9active, votre site Web s&rsquo;affichera magnifiquement sur tous les appareils, offrant une exp\u00e9rience de navigation transparente \u00e0 vos visiteurs. Le th\u00e8me AgentPress Pro est construit sur le cadre robuste de Genesis, garantissant un site s\u00e9curis\u00e9 et convivial de r\u00e9f\u00e9rencement qui se classe en haut sur les moteurs de recherche. Il propose des options de mise en page personnalisables en en-t\u00eate et en pleine largeur, vous offrant la flexibilit\u00e9 pour cr\u00e9er un site Web unique et personnalis\u00e9. Sa fonction de liste de propri\u00e9t\u00e9s vous permet de g\u00e9rer et d&rsquo;afficher facilement les listes de propri\u00e9t\u00e9s avec des images, des descriptions et des d\u00e9tails de propri\u00e9t\u00e9. Le th\u00e8me s&rsquo;int\u00e8gre \u00e9galement aux services IDX, permettant \u00e0 vos clients de rechercher des propri\u00e9t\u00e9s directement \u00e0 partir de votre site. Avec le th\u00e8me de WordPress d&rsquo;agentPress Pro Genesis, vous obtenez un site Web professionnel de premier ordre qui vous aide \u00e0 vous d\u00e9marquer sur le march\u00e9 immobilier comp\u00e9titif.<\/p>\n","protected":false},"featured_media":143096,"comment_status":"open","ping_status":"open","template":"","meta":[],"product_brand":[2454],"product_cat":[1356,1212,1213],"product_tag":[1358],"class_list":{"0":"post-119824","1":"product","2":"type-product","3":"status-publish","4":"has-post-thumbnail","6":"product_brand-studiopress","7":"product_cat-immobilier","8":"product_cat-themes","9":"product_cat-wordpress-themes","10":"product_tag-studiopress","11":"member-discount","12":"discount-restricted","14":"first","15":"instock","16":"sale","17":"downloadable","18":"virtual","19":"sold-individually","20":"purchasable","21":"product-type-simple"},"_links":{"self":[{"href":"https:\/\/gpl-love.com\/fr\/wp-json\/wp\/v2\/product\/119824","targetHints":{"allow":["GET"]}}],"collection":[{"href":"https:\/\/gpl-love.com\/fr\/wp-json\/wp\/v2\/product"}],"about":[{"href":"https:\/\/gpl-love.com\/fr\/wp-json\/wp\/v2\/types\/product"}],"replies":[{"embeddable":true,"href":"https:\/\/gpl-love.com\/fr\/wp-json\/wp\/v2\/comments?post=119824"}],"wp:featuredmedia":[{"embeddable":true,"href":"https:\/\/gpl-love.com\/fr\/wp-json\/wp\/v2\/media\/143096"}],"wp:attachment":[{"href":"https:\/\/gpl-love.com\/fr\/wp-json\/wp\/v2\/media?parent=119824"}],"wp:term":[{"taxonomy":"product_brand","embeddable":true,"href":"https:\/\/gpl-love.com\/fr\/wp-json\/wp\/v2\/product_brand?post=119824"},{"taxonomy":"product_cat","embeddable":true,"href":"https:\/\/gpl-love.com\/fr\/wp-json\/wp\/v2\/product_cat?post=119824"},{"taxonomy":"product_tag","embeddable":true,"href":"https:\/\/gpl-love.com\/fr\/wp-json\/wp\/v2\/product_tag?post=119824"}],"curies":[{"name":"wp","href":"https:\/\/api.w.org\/{rel}","templated":true}]}}