{"id":119822,"date":"2025-10-16T00:00:00","date_gmt":"2025-10-15T22:00:00","guid":{"rendered":"https:\/\/gpl-love.com\/fr\/produit\/aelia-currency-switcher-pour-woocommerce\/"},"modified":"2026-03-20T22:53:42","modified_gmt":"2026-03-20T21:53:42","slug":"aelia-currency-switcher-pour-woocommerce","status":"publish","type":"product","link":"https:\/\/gpl-love.com\/fr\/produit\/aelia-currency-switcher-pour-woocommerce\/","title":{"rendered":"Aelia Currency Switcher pour WooCommerce 5.2.14.250918"},"content":{"rendered":"<h3>Aelia Currency Switcher pour WooCommerce Traits<\/h3>\n<p>Aelia Currency Switcher pour WooCommerce, un plugin incroyablement puissant, offre aux propri\u00e9taires de magasins en ligne la capacit\u00e9 remarquable d&rsquo;accorder \u00e0 leurs clients estim\u00e9s l&rsquo;option capitale pour parcourir les prix et finaliser sans effort les transactions dans leur propre monnaie locale. Cet outil exceptionnel g\u00e8re de mani\u00e8re transparente les taux de change en temps r\u00e9el, garantissant une pr\u00e9cision in\u00e9branlable et perp\u00e9tuellement les listes de prix \u00e0 jour. De plus, cette fonctionnalit\u00e9 impressionnante poss\u00e8de la prise en charge d&rsquo;un \u00e9ventail de devises, garantissant la plus grande commodit\u00e9 pour tous les utilisateurs, tout en leur offrant simultan\u00e9ment le luxe de la personnalisation pour s&rsquo;aligner harmonieusement sur les exigences distinctives de chaque magasin. Par cons\u00e9quent, en vertu du commutateur de devises Aelia, les entreprises en ligne ont sans effort la possibilit\u00e9 d&rsquo;\u00e9largir consid\u00e9rablement leur client\u00e8le pr\u00e9cieuse tout en \u00e9levant simultan\u00e9ment l&rsquo;exp\u00e9rience d&rsquo;achat globale pour un large \u00e9ventail de clients internationaux.<\/p>\n<ul>\n<li>S&rsquo;int\u00e8gre de mani\u00e8re transparente \u00e0 WooCommerce pour permettre aux clients de voir les prix dans leur devise locale<\/li>\n<li>Prend en charge plus de 240 devises et fournit des mises \u00e0 jour automatiques de taux de change<\/li>\n<li>Offre deux modes de commutation de devises: d\u00e9tection automatique bas\u00e9e sur l&#8217;emplacement ou la s\u00e9lection manuelle du client par le client<\/li>\n<li>Permet des taux de change personnalis\u00e9s et des r\u00e8gles d&rsquo;arrondi pour assurer une tarification pr\u00e9cise<\/li>\n<li>Offre un widget de commutateur de devise et un raccourci pour une impl\u00e9mentation facile sur votre site Web<\/li>\n<li>Fournit un processus de paiement rationalis\u00e9 pour les clients avec une monnaie locale s\u00e9lectionn\u00e9e<\/li>\n<li>Offre une compatibilit\u00e9 avec les passerelles de paiement populaires et les fournisseurs d&rsquo;exp\u00e9dition<\/li>\n<li>Comprend une documentation d\u00e9taill\u00e9e et une \u00e9quipe d&rsquo;assistance d\u00e9di\u00e9e \u00e0 l&rsquo;aide<\/li>\n<\/ul>\n","protected":false},"excerpt":{"rendered":"<p>Le commutateur de devises Aelia pour WooCommerce est un convertisseur de devises robuste pour WooCommerce, sp\u00e9cialement con\u00e7u pour am\u00e9liorer votre magasin WooCommerce multi-monnaie. Ce plugin de commutateur de monnaie avanc\u00e9 de monnaie avanc\u00e9e vous permet d&rsquo;afficher les prix, les montants totaux et les devises du produit dans diverses devises am\u00e9liorant l&rsquo;exp\u00e9rience d&rsquo;achat de vos clients.<\/p>\n<p>Non seulement il simplifie les proc\u00e9dures de configuration, mais il offre \u00e9galement une large gamme d&rsquo;options de personnalisation. Les clients peuvent parcourir et payer dans leurs achats de devises pr\u00e9f\u00e9r\u00e9s sur WooCommerce, am\u00e9liorant ainsi leur exp\u00e9rience d&rsquo;achat et stimulant les ventes internationales. Cet outil indispensable pour le commerce \u00e9lectronique mondial est essentiel dans les ventes internationales amplifi\u00e9es avec WooCommerce.<\/p>\n<p>Le commutateur de devises Aelia pour WooCommerce fournit \u00e9galement un plugin \u00e0 taux de change en temps r\u00e9el, permettant aux utilisateurs d&rsquo;acc\u00e9der aux taux de devises \u00e0 la minute. De plus, il est \u00e9quip\u00e9 de fonctionnalit\u00e9s avanc\u00e9es telles que WooCommerce Geolocation Currency Switcher, des mises \u00e0 jour automatiques pour WooCommerce Currency et un plugin WooCommerce de prix personnalis\u00e9, entre autres.<\/p>\n<p>Ce plugin WooCommerce pour les ventes internationales, avec ses mises \u00e0 jour automatis\u00e9es et ses r\u00e8gles d&rsquo;arrondi de prix personnalis\u00e9es, en fait un ajout essentiel \u00e0 tout<\/p>\n","protected":false},"featured_media":143069,"comment_status":"open","ping_status":"open","template":"","meta":[],"product_brand":[2451],"product_cat":[1182,1223,1181],"product_tag":[1199],"class_list":{"0":"post-119822","1":"product","2":"type-product","3":"status-publish","4":"has-post-thumbnail","6":"product_brand-aelia","7":"product_cat-commerce-electronique-plugins","8":"product_cat-personnalisation-commerce-electronique-plugins","9":"product_cat-plugins","10":"product_tag-aelia","11":"member-discount","12":"discount-restricted","14":"first","15":"instock","16":"sale","17":"downloadable","18":"virtual","19":"sold-individually","20":"purchasable","21":"product-type-simple"},"_links":{"self":[{"href":"https:\/\/gpl-love.com\/fr\/wp-json\/wp\/v2\/product\/119822","targetHints":{"allow":["GET"]}}],"collection":[{"href":"https:\/\/gpl-love.com\/fr\/wp-json\/wp\/v2\/product"}],"about":[{"href":"https:\/\/gpl-love.com\/fr\/wp-json\/wp\/v2\/types\/product"}],"replies":[{"embeddable":true,"href":"https:\/\/gpl-love.com\/fr\/wp-json\/wp\/v2\/comments?post=119822"}],"wp:featuredmedia":[{"embeddable":true,"href":"https:\/\/gpl-love.com\/fr\/wp-json\/wp\/v2\/media\/143069"}],"wp:attachment":[{"href":"https:\/\/gpl-love.com\/fr\/wp-json\/wp\/v2\/media?parent=119822"}],"wp:term":[{"taxonomy":"product_brand","embeddable":true,"href":"https:\/\/gpl-love.com\/fr\/wp-json\/wp\/v2\/product_brand?post=119822"},{"taxonomy":"product_cat","embeddable":true,"href":"https:\/\/gpl-love.com\/fr\/wp-json\/wp\/v2\/product_cat?post=119822"},{"taxonomy":"product_tag","embeddable":true,"href":"https:\/\/gpl-love.com\/fr\/wp-json\/wp\/v2\/product_tag?post=119822"}],"curies":[{"name":"wp","href":"https:\/\/api.w.org\/{rel}","templated":true}]}}