{"id":119820,"date":"2026-03-28T00:00:00","date_gmt":"2026-03-27T23:00:00","guid":{"rendered":"https:\/\/gpl-love.com\/fr\/produit\/advanced-custom-fields-acf-pro\/"},"modified":"2026-04-02T12:30:11","modified_gmt":"2026-04-02T10:30:11","slug":"advanced-custom-fields-acf-pro","status":"publish","type":"product","link":"https:\/\/gpl-love.com\/fr\/produit\/advanced-custom-fields-acf-pro\/","title":{"rendered":"Advanced Custom Fields (ACF) Pro 6.8.0.1"},"content":{"rendered":"<h3>Advanced Custom Fields (ACF) Pro Traits<\/h3>\n<p>Advanced Custom Fields (ACF) Pro est un plugin WordPress extr\u00eamement formidable qui offre aux utilisateurs la capacit\u00e9 transparente \u00e0 g\u00e9n\u00e9rer sans effort des champs personnalis\u00e9s sp\u00e9cifiquement pour les publications, les pages et divers autres types de contenu. Avec l&rsquo;aide d&rsquo;ACF Pro, les utilisateurs ont la capacit\u00e9 d&rsquo;incorporer des champs qui englobent une gamme diversifi\u00e9e d&rsquo;\u00e9l\u00e9ments, notamment du texte, des images, des fichiers, des dates et un assortiment d&rsquo;autres fonctionnalit\u00e9s, tout en conservant la domination absolue sur la pr\u00e9sentation visuelle et l&rsquo;utilisation de ces \u00e9l\u00e9ments des champs. Cette capacit\u00e9 d&rsquo;autonomisation permet aux utilisateurs de fabriquer un contenu sur mesure qui est m\u00e9ticuleusement adapt\u00e9 \u00e0 r\u00e9pondre \u00e0 leurs besoins uniques, qui peuvent tous \u00eatre g\u00e9r\u00e9s et \u00e9dit\u00e9s sans effort \u00e0 partir des limites de la plate-forme WordPress. En plus de ses fonctionnalit\u00e9s de base, ACF Pro accorde \u00e9galement aux utilisateurs un assortiment de fonctionnalit\u00e9s avanc\u00e9es telles que les champs de r\u00e9p\u00e9teur, les dispositions de contenu tr\u00e8s flexibles et m\u00eame la possibilit\u00e9 de cr\u00e9er des pages d&rsquo;options personnalis\u00e9es. Les d\u00e9veloppeurs, les concepteurs et les cr\u00e9ateurs de contenu en herbe peuvent tous r\u00e9colter les avantages substantiels fournis par ACF Pro, car il leur donne un arsenal complet d&rsquo;outils n\u00e9cessaires pour propulser leur site WordPress pour faire monter en fl\u00e8che de nouveaux sommets.<\/p>\n<ul>\n<li>Advanced Custom Fields (ACF) Pro est un plugin puissant pour WordPress qui vous permet de cr\u00e9er des champs personnalis\u00e9s pour votre contenu.<\/li>\n<li>Il propose une interface conviviale qui facilite la cr\u00e9ation et la modification de vos champs personnalis\u00e9s.<\/li>\n<li>Le plugin prend en charge une large gamme de types de champs, y compris le texte, l&rsquo;image, le s\u00e9lecteur de couleurs, le s\u00e9lecteur de dattes, etc.<\/li>\n<li>Avec ACF Pro, vous pouvez cr\u00e9er des dispositions complexes et des champs personnalis\u00e9s pour votre contenu WordPress, y compris des publications, des pages, des types de publication personnalis\u00e9s, etc.<\/li>\n<li>Le plugin offre une flexibilit\u00e9 et un contr\u00f4le sur vos donn\u00e9es, vous permettant d&rsquo;afficher des champs personnalis\u00e9s n&rsquo;importe o\u00f9 sur votre site \u00e0 l&rsquo;aide d&rsquo;un simple shortcode ou d&rsquo;un code PHP.<\/li>\n<li>Il comprend \u00e9galement des fonctionnalit\u00e9s avanc\u00e9es telles que les pages d&rsquo;options personnalis\u00e9es, les champs de r\u00e9p\u00e9tition, les champs de contenu flexibles, etc.<\/li>\n<li>ACF Pro est r\u00e9guli\u00e8rement mis \u00e0 jour et compatible avec la derni\u00e8re version de WordPress, garantissant que votre site reste s\u00e9curis\u00e9 et \u00e0 jour.<\/li>\n<li>Le plugin est soutenu par une \u00e9quipe de soutien utile et une communaut\u00e9 florissante de d\u00e9veloppeurs qui cr\u00e9ent et partagent r\u00e9guli\u00e8rement des modules compl\u00e9mentaires et des extensions pour des fonctionnalit\u00e9s suppl\u00e9mentaires.<\/li>\n<\/ul>\n","protected":false},"excerpt":{"rendered":"<p>Le plugin Advanced Custom Fields Pro pour WordPress est un outil puissamment robuste, permettant aux d\u00e9veloppeurs de g\u00e9n\u00e9rer des champs personnalis\u00e9s avec ACF Pro avec une facilit\u00e9 inutile. L&rsquo;interface conviviale d&rsquo;ACF Pro permet d&rsquo;incorporer des champs personnalis\u00e9s dans les pages WordPress, offrant un moyen sans effort d&rsquo;am\u00e9liorer l&rsquo;organisation de contenu.<\/p>\n<p>Avec ACF Pro, vous pouvez pr\u00e9senter des donn\u00e9es avec des mod\u00e8les adaptables, en ajoutant une touche unique \u00e0 n&rsquo;importe quelle page ou type de publication. Le plugin simplifie le processus de g\u00e9n\u00e9ration et de r\u00e9gulation du contenu personnalis\u00e9, offrant tout, des champs de texte de base aux champs de r\u00e9p\u00e9teur complexes.<\/p>\n<p>Que vous cr\u00e9iez un blog simple ou un site Web complexe, la construction de champs personnalis\u00e9s avec ACF Pro peut am\u00e9liorer consid\u00e9rablement votre pr\u00e9sentation et votre organisation de contenu. ACF Pro pour l&rsquo;am\u00e9lioration du site WordPress est la solution id\u00e9ale pour ceux qui cherchent \u00e0 faire passer leur plate-forme au niveau sup\u00e9rieur.<\/p>\n<p>Ne tardez pas, lancez votre voyage avec ACF Pro et catapultez votre site WordPress vers de nouveaux sommets de succ\u00e8s. Avec ACF Pro, vous ne cr\u00e9ez pas seulement un site Web, vous cr\u00e9ez<\/p>\n","protected":false},"featured_media":143056,"comment_status":"open","ping_status":"open","template":"","meta":[],"product_brand":[2448],"product_cat":[1189,1181,1186],"product_tag":[1194],"class_list":{"0":"post-119820","1":"product","2":"type-product","3":"status-publish","4":"has-post-thumbnail","6":"product_brand-advanced-custom-fields","7":"product_cat-personnalisation","8":"product_cat-plugins","9":"product_cat-wordpress-plugins","10":"product_tag-advanced-custom-fields","11":"member-discount","12":"discount-restricted","14":"first","15":"instock","16":"sale","17":"downloadable","18":"virtual","19":"sold-individually","20":"purchasable","21":"product-type-simple"},"_links":{"self":[{"href":"https:\/\/gpl-love.com\/fr\/wp-json\/wp\/v2\/product\/119820","targetHints":{"allow":["GET"]}}],"collection":[{"href":"https:\/\/gpl-love.com\/fr\/wp-json\/wp\/v2\/product"}],"about":[{"href":"https:\/\/gpl-love.com\/fr\/wp-json\/wp\/v2\/types\/product"}],"replies":[{"embeddable":true,"href":"https:\/\/gpl-love.com\/fr\/wp-json\/wp\/v2\/comments?post=119820"}],"wp:featuredmedia":[{"embeddable":true,"href":"https:\/\/gpl-love.com\/fr\/wp-json\/wp\/v2\/media\/143056"}],"wp:attachment":[{"href":"https:\/\/gpl-love.com\/fr\/wp-json\/wp\/v2\/media?parent=119820"}],"wp:term":[{"taxonomy":"product_brand","embeddable":true,"href":"https:\/\/gpl-love.com\/fr\/wp-json\/wp\/v2\/product_brand?post=119820"},{"taxonomy":"product_cat","embeddable":true,"href":"https:\/\/gpl-love.com\/fr\/wp-json\/wp\/v2\/product_cat?post=119820"},{"taxonomy":"product_tag","embeddable":true,"href":"https:\/\/gpl-love.com\/fr\/wp-json\/wp\/v2\/product_tag?post=119820"}],"curies":[{"name":"wp","href":"https:\/\/api.w.org\/{rel}","templated":true}]}}