{"id":119818,"date":"2022-07-08T00:00:00","date_gmt":"2022-07-07T22:00:00","guid":{"rendered":"https:\/\/gpl-love.com\/fr\/produit\/admin-columns-pro-woocommerce-addon\/"},"modified":"2026-03-20T22:53:11","modified_gmt":"2026-03-20T21:53:11","slug":"admin-columns-pro-woocommerce-addon","status":"publish","type":"product","link":"https:\/\/gpl-love.com\/fr\/produit\/admin-columns-pro-woocommerce-addon\/","title":{"rendered":"Admin Columns Pro WooCommerce Addon 3.7.3"},"content":{"rendered":"<h3>Admin Columns Pro WooCommerce Addon Traits<\/h3>\n<p>L&rsquo;administration des colonnes d&rsquo;administration Pro WooCommerce est un outil incroyablement puissant et inestimable, s&rsquo;adressant aux gestionnaires de magasins et aux administrateurs WooCommerce. Ses capacit\u00e9s impressionnantes permettent une personnalisation transparente des colonnes qui sont affich\u00e9es dans le panneau d&rsquo;administration WooCommerce, garantissant que les informations qui vous conviennent la plus importantes sont facilement accessibles. Cela englobe un large \u00e9ventail de donn\u00e9es vitales, y compris les d\u00e9tails de la commande, les informations sur les produits et les donn\u00e9es clients. La pure facilit\u00e9 d&rsquo;utilisation et la configurabilit\u00e9 exceptionnelle de cet addon vous permet d&rsquo;adapter sans effort les param\u00e8tres de colonne pour s&rsquo;aligner pr\u00e9cis\u00e9ment avec vos exigences uniques. Le r\u00e9sultat final se manifeste dans un flux de travail significativement rationalis\u00e9 et tr\u00e8s efficace, am\u00e9liorant consid\u00e9rablement votre capacit\u00e9 \u00e0 g\u00e9rer efficacement votre magasin WooCommerce. Avec les colonnes d&rsquo;administration, l&rsquo;addon de WooCommerce \u00e0 votre disposition, que votre objectif tourne autour de la surveillance avec diligence de l&rsquo;inventaire, du suivi des commandes des clients avec la plus grande clart\u00e9 ou de l&rsquo;analyse m\u00e9ticuleusement des donn\u00e9es de vente, soyez assur\u00e9 que vous \u00eates bien \u00e9quip\u00e9 pour vous attaquer \u00e0 ces t\u00e2ches et plus encore.<\/p>\n<ul>\n<li>Ajoute de nouvelles colonnes au tableau de bord WooCommerce Store<\/li>\n<li>Permet un tri et un filtrage faciles des colonnes<\/li>\n<li>Permet un acc\u00e8s rapide \u00e0 des informations sur les produits importants<\/li>\n<li>\u00c9conomise du temps et augmente l&rsquo;efficacit\u00e9 de la gestion des magasins<\/li>\n<li>Options de colonne personnalisables pour r\u00e9pondre aux besoins des magasins individuels<\/li>\n<li>Prend en charge plusieurs langues pour les magasins de commerce \u00e9lectronique mondial<\/li>\n<li>Offre une compatibilit\u00e9 avec d&rsquo;autres addons et plugins WooCommerce<\/li>\n<li>Interface conviviale pour une configuration et une utilisation faciles<\/li>\n<li>Mises \u00e0 jour r\u00e9guli\u00e8res et support client pour des performances optimales<\/li>\n<\/ul>\n","protected":false},"excerpt":{"rendered":"<p>L&rsquo;addition Admin Columns Pro WooCommerce Addon est un outil puissant avec des fonctionnalit\u00e9s con\u00e7ues pour am\u00e9liorer la gestion de votre magasin WooCommerce. Il offre la possibilit\u00e9 de personnaliser votre inventaire de produits, ce qui en fait un atout tr\u00e8s utile pour votre entreprise WooCommerce. Cet addon vous permet de restructurer votre cat\u00e9gorisation de produits, am\u00e9liorant la navigation globale de votre magasin.<\/p>\n<p>Cet outil permet l&rsquo;int\u00e9gration transparente des colonnes dans WooCommerce, pr\u00e9sentant des informations vitales telles que les num\u00e9ros SKU, les niveaux d&rsquo;inventaire et les d\u00e9tails de tarification \u00e0 vos clients. Le Admin Columns Pro pour WooCommerce est d\u00e9terminant dans la rationalisation des op\u00e9rations de votre magasin, ce qui rend la gestion plus efficace.<\/p>\n<p>De plus, il offre des options de configuration flexibles pour WooCommerce, vous permettant de personnaliser votre magasin en fonction des besoins sp\u00e9cifiques de votre entreprise. Avec l&rsquo;aide des colonnes Admin, Addon Pro WooCommerce, vous pouvez g\u00e9rer efficacement vos num\u00e9ros de SKU dans WooCommerce, ainsi que garder une trace des niveaux d&rsquo;inventaire.<\/p>\n<p>L&rsquo;addon est con\u00e7u pour maximiser vos taux de conversion, et il devrait augmenter consid\u00e9rablement vos ventes. C&rsquo;est la cl\u00e9 de la gestion transformatrice des magasins WooCommerce, offrant un support in\u00e9gal\u00e9 pour tous<\/p>\n","protected":false},"featured_media":143034,"comment_status":"open","ping_status":"open","template":"","meta":[],"product_brand":[2442],"product_cat":[1183,1182,1181],"product_tag":[1185],"class_list":{"0":"post-119818","1":"product","2":"type-product","3":"status-publish","4":"has-post-thumbnail","6":"product_brand-admin-columns-pro","7":"product_cat-administration","8":"product_cat-commerce-electronique-plugins","9":"product_cat-plugins","10":"product_tag-admin-columns-pro","11":"member-discount","12":"discount-restricted","14":"first","15":"instock","16":"sale","17":"downloadable","18":"virtual","19":"sold-individually","20":"purchasable","21":"product-type-simple"},"_links":{"self":[{"href":"https:\/\/gpl-love.com\/fr\/wp-json\/wp\/v2\/product\/119818","targetHints":{"allow":["GET"]}}],"collection":[{"href":"https:\/\/gpl-love.com\/fr\/wp-json\/wp\/v2\/product"}],"about":[{"href":"https:\/\/gpl-love.com\/fr\/wp-json\/wp\/v2\/types\/product"}],"replies":[{"embeddable":true,"href":"https:\/\/gpl-love.com\/fr\/wp-json\/wp\/v2\/comments?post=119818"}],"wp:featuredmedia":[{"embeddable":true,"href":"https:\/\/gpl-love.com\/fr\/wp-json\/wp\/v2\/media\/143034"}],"wp:attachment":[{"href":"https:\/\/gpl-love.com\/fr\/wp-json\/wp\/v2\/media?parent=119818"}],"wp:term":[{"taxonomy":"product_brand","embeddable":true,"href":"https:\/\/gpl-love.com\/fr\/wp-json\/wp\/v2\/product_brand?post=119818"},{"taxonomy":"product_cat","embeddable":true,"href":"https:\/\/gpl-love.com\/fr\/wp-json\/wp\/v2\/product_cat?post=119818"},{"taxonomy":"product_tag","embeddable":true,"href":"https:\/\/gpl-love.com\/fr\/wp-json\/wp\/v2\/product_tag?post=119818"}],"curies":[{"name":"wp","href":"https:\/\/api.w.org\/{rel}","templated":true}]}}