{"id":119816,"date":"2022-10-14T00:00:00","date_gmt":"2022-10-13T22:00:00","guid":{"rendered":"https:\/\/gpl-love.com\/fr\/produit\/admin-columns-pro-advanced-custom-fields-acf\/"},"modified":"2026-03-20T22:53:03","modified_gmt":"2026-03-20T21:53:03","slug":"admin-columns-pro-advanced-custom-fields-acf","status":"publish","type":"product","link":"https:\/\/gpl-love.com\/fr\/produit\/admin-columns-pro-advanced-custom-fields-acf\/","title":{"rendered":"Admin Columns Pro Advanced Custom Fields (ACF) 3.0.4"},"content":{"rendered":"<h3>Admin Columns Pro Advanced Custom Fields (ACF) Traits<\/h3>\n<p>Admin Columns Pro Advanced Custom Fields (ACF) est un outil incroyablement robuste et puissant qui offre des capacit\u00e9s exceptionnelles pour g\u00e9rer et personnaliser efficacement votre site WordPress. En incorporant ce plugin remarquable, vous avez la capacit\u00e9 transparente d&rsquo;introduire, de modifier et d&rsquo;exposer sans effort des champs personnalis\u00e9s pour vos messages, pages et m\u00eame types de messages personnalis\u00e9s. Cette fonctionnalit\u00e9 remarquable simplifie consid\u00e9rablement la t\u00e2che de gestion du contenu et garantit que votre contenu est pr\u00e9sent\u00e9 pr\u00e9cis\u00e9ment selon les sp\u00e9cifications souhait\u00e9es. En plus de ces attributs remarquables, le plugin englobe \u00e9galement une gamme de fonctionnalit\u00e9s avanc\u00e9es, y compris la capacit\u00e9 remarquable pour filtrer et trier votre contenu sans effort, les param\u00e8tres de colonne m\u00e9ticuleusement adapt\u00e9s, et bien plus encore. Que vous vous identifiiez comme un d\u00e9veloppeur comp\u00e9tent, un gestionnaire de contenu diligent ou un propri\u00e9taire de site Web d\u00e9di\u00e9, l&rsquo;indispensabilit\u00e9 d&rsquo;incorporer les colonnes d&rsquo;administration Pro ACF dans votre site WordPress ne peut pas \u00eatre surestim\u00e9e.<\/p>\n<ul>\n<li>Fonctionnalit\u00e9s \u00e9tendues pour g\u00e9rer et afficher des champs personnalis\u00e9s dans WordPress<\/li>\n<li>Int\u00e9gration facile des donn\u00e9es ACF dans les colonnes d&rsquo;administration WordPress<\/li>\n<li>Colonnes personnalisables pour afficher les donn\u00e9es ACF de mani\u00e8re claire et organis\u00e9e<\/li>\n<li>Am\u00e9lioration du flux de travail pour g\u00e9rer les champs et les donn\u00e9es personnalis\u00e9s dans WordPress<\/li>\n<li>Colonnes facilement triables et filtrables pour un acc\u00e8s aux donn\u00e9es plus rapide<\/li>\n<li>Aucun codage requis, interface intuitive pour une configuration rapide et facile<\/li>\n<li>\u00c9conomise le temps des administrateurs et des d\u00e9veloppeurs en rationalisant la gestion et l&rsquo;affichage des champs personnalis\u00e9s.<\/li>\n<\/ul>\n","protected":false},"excerpt":{"rendered":"<p>Le plugin Admin Columns Pro Advanced Custom Fields (ACF) est un outil robuste et riche en fonctionnalit\u00e9s pour WordPress qui am\u00e9liore les capacit\u00e9s de personnalisation des colonnes de la plate-forme. Cette int\u00e9gration avec des champs personnalis\u00e9s avanc\u00e9s permet un affichage de donn\u00e9es sans effort sur les pages de la liste WordPress, am\u00e9liorant encore l&rsquo;efficacit\u00e9 de la gestion du backend du site Web.<\/p>\n<p>La cr\u00e9ation et la gestion des colonnes WordPress devient un jeu d&rsquo;enfant avec ce plugin, permettant une am\u00e9lioration significative de la productivit\u00e9 du flux de travail. La meilleure partie? Vous n&rsquo;avez pas besoin d&rsquo;expertise de codage pour g\u00e9rer efficacement votre plate-forme WordPress.<\/p>\n<p>Les avantages du plugin Admin Columns Pro ACF vont au-del\u00e0 de l&rsquo;organisation de votre site Web WordPress avec ACF. Il vous donne un contr\u00f4le absolu sur votre site Web WordPress, am\u00e9liorant sa fonctionnalit\u00e9 et son efficacit\u00e9.<\/p>\n<p>Ce n&rsquo;est pas seulement un plugin; Il s&rsquo;agit d&rsquo;un outil complet offrant une multitude d&rsquo;avantages. Exp\u00e9rience de l&rsquo;efficacit\u00e9 accrue avec les colonnes d&rsquo;administration Pro ACF, un plugin robuste et riche en fonctionnalit\u00e9s sp\u00e9cialement con\u00e7u pour les pages de liste WordPress. Nous vous recommandons fortement de profiter de cet outil inestimable et de prendre le contr\u00f4le de votre site Web WordPress avec Admin Columns Pro pour ACF.<\/p>\n","protected":false},"featured_media":143026,"comment_status":"open","ping_status":"open","template":"","meta":[],"product_brand":[2442],"product_cat":[1189,1181,1186],"product_tag":[1185],"class_list":{"0":"post-119816","1":"product","2":"type-product","3":"status-publish","4":"has-post-thumbnail","6":"product_brand-admin-columns-pro","7":"product_cat-personnalisation","8":"product_cat-plugins","9":"product_cat-wordpress-plugins","10":"product_tag-admin-columns-pro","11":"member-discount","12":"discount-restricted","14":"first","15":"instock","16":"sale","17":"downloadable","18":"virtual","19":"sold-individually","20":"purchasable","21":"product-type-simple"},"_links":{"self":[{"href":"https:\/\/gpl-love.com\/fr\/wp-json\/wp\/v2\/product\/119816","targetHints":{"allow":["GET"]}}],"collection":[{"href":"https:\/\/gpl-love.com\/fr\/wp-json\/wp\/v2\/product"}],"about":[{"href":"https:\/\/gpl-love.com\/fr\/wp-json\/wp\/v2\/types\/product"}],"replies":[{"embeddable":true,"href":"https:\/\/gpl-love.com\/fr\/wp-json\/wp\/v2\/comments?post=119816"}],"wp:featuredmedia":[{"embeddable":true,"href":"https:\/\/gpl-love.com\/fr\/wp-json\/wp\/v2\/media\/143026"}],"wp:attachment":[{"href":"https:\/\/gpl-love.com\/fr\/wp-json\/wp\/v2\/media?parent=119816"}],"wp:term":[{"taxonomy":"product_brand","embeddable":true,"href":"https:\/\/gpl-love.com\/fr\/wp-json\/wp\/v2\/product_brand?post=119816"},{"taxonomy":"product_cat","embeddable":true,"href":"https:\/\/gpl-love.com\/fr\/wp-json\/wp\/v2\/product_cat?post=119816"},{"taxonomy":"product_tag","embeddable":true,"href":"https:\/\/gpl-love.com\/fr\/wp-json\/wp\/v2\/product_tag?post=119816"}],"curies":[{"name":"wp","href":"https:\/\/api.w.org\/{rel}","templated":true}]}}