{"id":119805,"date":"2026-01-06T00:00:00","date_gmt":"2026-01-05T23:00:00","guid":{"rendered":"https:\/\/gpl-love.com\/fr\/produit\/newsletter-geolocation\/"},"modified":"2026-04-10T18:33:43","modified_gmt":"2026-04-10T16:33:43","slug":"newsletter-geolocation","status":"publish","type":"product","link":"https:\/\/gpl-love.com\/fr\/produit\/newsletter-geolocation\/","title":{"rendered":"Newsletter Geolocation 1.3.4"},"content":{"rendered":"<h3>Newsletter Geolocation Traits<\/h3>\n<p>L&rsquo;outil de g\u00e9olocalisation des newsletter est un outil incroyablement robuste et sophistiqu\u00e9 qui a \u00e9t\u00e9 sp\u00e9cifiquement d\u00e9velopp\u00e9 pour aider les entreprises et les organisations \u00e0 acqu\u00e9rir une compr\u00e9hension plus compl\u00e8te de leur public. En fournissant des donn\u00e9es bas\u00e9es sur la localisation sur les abonn\u00e9s de newsletter, cet outil permet aux entreprises de suivre les emplacements g\u00e9ographiques exacts de leurs abonn\u00e9s. Ces informations pr\u00e9cieuses permettent aux entreprises de personnaliser et d&rsquo;adapter leur messagerie et leur contenu pour r\u00e9pondre sp\u00e9cifiquement aux besoins et aux int\u00e9r\u00eats uniques de leurs abonn\u00e9s. Par cons\u00e9quent, cette approche personnalis\u00e9e de la communication et du contenu peut am\u00e9liorer consid\u00e9rablement les taux d&rsquo;engagement, augmenter les conversions et, finalement, stimuler la croissance globale de l&rsquo;entreprise. De plus, l&rsquo;outil de g\u00e9olocalisation des newsletter fournit \u00e9galement aux organisations des informations inestimables sur la composition et les caract\u00e9ristiques de leur base d&rsquo;abonn\u00e9s. Arm\u00e9s de ces donn\u00e9es, les entreprises peuvent prendre en toute confiance des d\u00e9cisions bas\u00e9es sur les donn\u00e9es concernant leurs strat\u00e9gies de marketing et de communication. Quelle que soit la taille ou l&rsquo;industrie d&rsquo;une organisation, l&rsquo;outil de g\u00e9olocalisation des newsletter est une ressource indispensable pour toute entit\u00e9 qui aspire \u00e0 maintenir un avantage concurrentiel et \u00e0 favoriser les relations durables avec leurs abonn\u00e9s.<\/p>\n<ul>\n<li>Impliquez avec pr\u00e9cision l&#8217;emplacement des abonn\u00e9s de newsletter en fonction des adresses IP<\/li>\n<li>Fournir un aper\u00e7u de la distribution des abonn\u00e9s dans diff\u00e9rentes r\u00e9gions, pays ou m\u00eame villes<\/li>\n<li>Cr\u00e9er des campagnes de marketing cibl\u00e9es en fonction des donn\u00e9es de g\u00e9olocalisation pour augmenter les taux d&rsquo;engagement et de conversion<\/li>\n<li>Assurer la conformit\u00e9 aux r\u00e9glementations ou restrictions locales, telles que le RGPD ou la loi US CAN-SPAM<\/li>\n<li>Am\u00e9liorer la d\u00e9livrabilit\u00e9 des e-mails en utilisant la g\u00e9olocalisation pour segmenter les listes de diffusion et personnaliser le contenu aux pr\u00e9f\u00e9rences r\u00e9gionales<\/li>\n<li>Surveillez les changements dans l&#8217;emplacement des abonn\u00e9s au fil du temps pour adapter les strat\u00e9gies de marketing en cons\u00e9quence<\/li>\n<li>Int\u00e9grez les donn\u00e9es de g\u00e9olocalisation \u00e0 d&rsquo;autres outils d&rsquo;analyse pour mieux comprendre votre public et leur comportement.<\/li>\n<\/ul>\n","protected":false},"excerpt":{"rendered":"<p>L&rsquo;outil de g\u00e9olocalisation des newsletter a \u00e9t\u00e9 con\u00e7u de mani\u00e8re complexe pour amplifier les newsletters que vous envoyez gr\u00e2ce \u00e0 l&rsquo;int\u00e9gration transparente des informations bas\u00e9es sur la localisation, vous permettant de cibler et de s&rsquo;adapter efficacement \u00e0 des groupes sp\u00e9cifiques d&rsquo;abonn\u00e9s. En exploitant la puissance de cet outil, vous gagnez la possibilit\u00e9 de personnaliser votre contenu et vos promotions en fonction de l&#8217;emplacement g\u00e9ographique de chaque abonn\u00e9 individuel, favorisant ainsi l&rsquo;engagement am\u00e9lior\u00e9 et renforce les taux de conversion \u00e0 des niveaux sans pr\u00e9c\u00e9dent. Maximisez le potentiel de vos newsletters et lancez-vous dans le voyage d&rsquo;utilisation de l&rsquo;outil de g\u00e9olocalisation des newsletter \u00e0 partir d&rsquo;aujourd&rsquo;hui.<\/p>\n","protected":false},"featured_media":144730,"comment_status":"open","ping_status":"open","template":"","meta":[],"product_brand":[2602],"product_cat":[1189,1181,1186],"product_tag":[2261],"class_list":{"0":"post-119805","1":"product","2":"type-product","3":"status-publish","4":"has-post-thumbnail","6":"product_brand-newsletter","7":"product_cat-personnalisation","8":"product_cat-plugins","9":"product_cat-wordpress-plugins","10":"product_tag-newsletter","11":"member-discount","12":"discount-restricted","14":"first","15":"instock","16":"sale","17":"downloadable","18":"virtual","19":"sold-individually","20":"purchasable","21":"product-type-simple"},"_links":{"self":[{"href":"https:\/\/gpl-love.com\/fr\/wp-json\/wp\/v2\/product\/119805","targetHints":{"allow":["GET"]}}],"collection":[{"href":"https:\/\/gpl-love.com\/fr\/wp-json\/wp\/v2\/product"}],"about":[{"href":"https:\/\/gpl-love.com\/fr\/wp-json\/wp\/v2\/types\/product"}],"replies":[{"embeddable":true,"href":"https:\/\/gpl-love.com\/fr\/wp-json\/wp\/v2\/comments?post=119805"}],"wp:featuredmedia":[{"embeddable":true,"href":"https:\/\/gpl-love.com\/fr\/wp-json\/wp\/v2\/media\/144730"}],"wp:attachment":[{"href":"https:\/\/gpl-love.com\/fr\/wp-json\/wp\/v2\/media?parent=119805"}],"wp:term":[{"taxonomy":"product_brand","embeddable":true,"href":"https:\/\/gpl-love.com\/fr\/wp-json\/wp\/v2\/product_brand?post=119805"},{"taxonomy":"product_cat","embeddable":true,"href":"https:\/\/gpl-love.com\/fr\/wp-json\/wp\/v2\/product_cat?post=119805"},{"taxonomy":"product_tag","embeddable":true,"href":"https:\/\/gpl-love.com\/fr\/wp-json\/wp\/v2\/product_tag?post=119805"}],"curies":[{"name":"wp","href":"https:\/\/api.w.org\/{rel}","templated":true}]}}