{"id":119803,"date":"2025-10-20T00:00:00","date_gmt":"2025-10-19T22:00:00","guid":{"rendered":"https:\/\/gpl-love.com\/fr\/produit\/newsletter-google-analytics\/"},"modified":"2026-03-20T23:27:51","modified_gmt":"2026-03-20T22:27:51","slug":"newsletter-google-analytics","status":"publish","type":"product","link":"https:\/\/gpl-love.com\/fr\/produit\/newsletter-google-analytics\/","title":{"rendered":"Newsletter Google Analytics 1.3.1"},"content":{"rendered":"<h3>Newsletter Google Analytics Traits<\/h3>\n<p>L&rsquo;outil d&rsquo;information Google Analytics a \u00e9t\u00e9 m\u00e9ticuleusement con\u00e7u pour aider les entreprises et les organisations \u00e0 acqu\u00e9rir des informations inestimables concernant leurs campagnes de marketing par e-mail. En utilisant cet outil remarquable, les utilisateurs sont autoris\u00e9s \u00e0 surveiller et \u00e0 \u00e9valuer m\u00e9ticuleusement les mesures critiques telles que les taux d&rsquo;ouverture, les taux de clics et l&rsquo;engagement des utilisateurs. L&rsquo;importance de ces donn\u00e9es ne peut pas \u00eatre surestim\u00e9e, car elle permet aux entreprises d&rsquo;acqu\u00e9rir une compr\u00e9hension plus approfondie du comportement et des pr\u00e9f\u00e9rences des clients, facilitant ainsi l&rsquo;optimisation des campagnes de messagerie \u00e0 venir pour un impact maximal. Gr\u00e2ce \u00e0 ses tableaux de bord conviviaux et \u00e0 ses rapports personnalisables, l&rsquo;outil d&rsquo;information Google Analytics facilite facilement le suivi et l&rsquo;analyse des efforts de marketing par e-mail. Ind\u00e9pendamment de l&rsquo;objectif principal de l&rsquo;objectif principal de l&rsquo;am\u00e9lioration de l&rsquo;engagement des clients, de la conduite ou de l&rsquo;augmentation des revenus, cet outil exemplaire fournit sans effort les id\u00e9es et les donn\u00e9es indispensables n\u00e9cessaires pour prendre des d\u00e9cisions bien inform\u00e9es et atteindre efficacement ses objectifs.<\/p>\n<ul>\n<li>Suivi en temps r\u00e9el du comportement des abonn\u00e9s \u00e0 la newsletter<\/li>\n<li>Analyse compl\u00e8te des taux ouverts et de clics<\/li>\n<li>D\u00e9change d\u00e9taill\u00e9e des donn\u00e9es d\u00e9mographiques des abonn\u00e9s<\/li>\n<li>Int\u00e9gration transparente avec Google Analytics<\/li>\n<li>Rapports automatis\u00e9s et tableau de bord personnalisable<\/li>\n<li>Informations claires et exploitables pour optimiser les futures campagnes de newsletter<\/li>\n<li>Interface conviviale pour une navigation facile et des informations rapides<\/li>\n<li>Fournir des mesures pour aider les entreprises \u00e0 s&rsquo;adapter et \u00e0 cibler leur public pour de meilleures r\u00e9ponses<\/li>\n<li>Capacit\u00e9 \u00e0 suivre et \u00e0 analyser diff\u00e9rents segments d&rsquo;engagement des abonn\u00e9s<\/li>\n<li>Aider les entreprises \u00e0 comprendre comment leur newsletter correspond \u00e0 leur strat\u00e9gie marketing globale.<\/li>\n<\/ul>\n","protected":false},"excerpt":{"rendered":"<p>D\u00e9verrouillez le plein potentiel de votre analyse de newsletter en tirant parti de l&rsquo;int\u00e9gration transparente de la fonctionnalit\u00e9 Google Analytics de la newsletter de pointe de l&rsquo;entr\u00e9e. This robust and sophisticated tool goes above and beyond in furnishing you with invaluable and comprehensive insights into your subscribers, encompassing pivotal metrics such as open and click-through rates, bounce rates, and an array of other indispensable data points, all conveniently aggregated within a Tableau de bord convivial et navigable sans effort. Avec les capacit\u00e9s de contribution in\u00e9gal\u00e9es \u00e0 votre disposition, vous pouvez m\u00e9ticuleusement affiner et optimiser votre strat\u00e9gie de newsletter, la diriger vers un succ\u00e8s sans pr\u00e9c\u00e9dent et obtenir des r\u00e9sultats sans pr\u00e9c\u00e9dent gr\u00e2ce \u00e0 un processus d\u00e9cisionnel astucieux et bas\u00e9 sur les donn\u00e9es. Ne perdez pas de temps et vous lancez dans un voyage transformateur aujourd&rsquo;hui en exp\u00e9rimentant les capacit\u00e9s in\u00e9gal\u00e9es de la newsletter Google Analytics, et en t\u00e9moigne de premi\u00e8re main la diff\u00e9rence remarquable que cela peut faire pour votre newsletter estim\u00e9.<\/p>\n","protected":false},"featured_media":144731,"comment_status":"open","ping_status":"open","template":"","meta":[],"product_brand":[2602],"product_cat":[1189,1181,1186],"product_tag":[2261],"class_list":{"0":"post-119803","1":"product","2":"type-product","3":"status-publish","4":"has-post-thumbnail","6":"product_brand-newsletter","7":"product_cat-personnalisation","8":"product_cat-plugins","9":"product_cat-wordpress-plugins","10":"product_tag-newsletter","11":"member-discount","12":"discount-restricted","14":"first","15":"instock","16":"sale","17":"downloadable","18":"virtual","19":"sold-individually","20":"purchasable","21":"product-type-simple"},"_links":{"self":[{"href":"https:\/\/gpl-love.com\/fr\/wp-json\/wp\/v2\/product\/119803","targetHints":{"allow":["GET"]}}],"collection":[{"href":"https:\/\/gpl-love.com\/fr\/wp-json\/wp\/v2\/product"}],"about":[{"href":"https:\/\/gpl-love.com\/fr\/wp-json\/wp\/v2\/types\/product"}],"replies":[{"embeddable":true,"href":"https:\/\/gpl-love.com\/fr\/wp-json\/wp\/v2\/comments?post=119803"}],"wp:featuredmedia":[{"embeddable":true,"href":"https:\/\/gpl-love.com\/fr\/wp-json\/wp\/v2\/media\/144731"}],"wp:attachment":[{"href":"https:\/\/gpl-love.com\/fr\/wp-json\/wp\/v2\/media?parent=119803"}],"wp:term":[{"taxonomy":"product_brand","embeddable":true,"href":"https:\/\/gpl-love.com\/fr\/wp-json\/wp\/v2\/product_brand?post=119803"},{"taxonomy":"product_cat","embeddable":true,"href":"https:\/\/gpl-love.com\/fr\/wp-json\/wp\/v2\/product_cat?post=119803"},{"taxonomy":"product_tag","embeddable":true,"href":"https:\/\/gpl-love.com\/fr\/wp-json\/wp\/v2\/product_tag?post=119803"}],"curies":[{"name":"wp","href":"https:\/\/api.w.org\/{rel}","templated":true}]}}