{"id":119801,"date":"2025-12-23T00:00:00","date_gmt":"2025-12-22T23:00:00","guid":{"rendered":"https:\/\/gpl-love.com\/fr\/produit\/newsletter-woocommerce\/"},"modified":"2026-03-20T23:28:00","modified_gmt":"2026-03-20T22:28:00","slug":"newsletter-woocommerce","status":"publish","type":"product","link":"https:\/\/gpl-love.com\/fr\/produit\/newsletter-woocommerce\/","title":{"rendered":"Newsletter WooCommerce 2.0.1"},"content":{"rendered":"<h3>Newsletter WooCommerce Traits<\/h3>\n<p>Le plugin WooCommerce de newsletter appara\u00eet comme une ressource irrempla\u00e7able et pr\u00e9cieuse pour les entreprises qui aspirent \u00e0 rationaliser leurs efforts de marketing. Arm\u00e9 de ses capacit\u00e9s formidables, ce plugin permet aux utilisateurs de g\u00e9n\u00e9rer et de superviser sans effort des campagnes de marketing par e-mail directement \u00e0 partir de leur boutique WooCommerce. B\u00e9n\u00e9ficiant d&rsquo;une interface conviviale remplie de mod\u00e8les personnalisables, les entreprises peuvent produire rapidement des newsletters captivantes qui sont scrupuleusement adapt\u00e9es \u00e0 leur marque et \u00e0 leur message unique. De plus, ce plugin est \u00e9quip\u00e9 de fonctionnalit\u00e9s de reporting et d&rsquo;analyse sophistiqu\u00e9es, permettant aux utilisateurs de surveiller m\u00e9ticuleusement le triomphe de leurs campagnes et de prendre des d\u00e9cisions \u00e9clair\u00e9es concernant les futures initiatives de marketing. Il importe que vous soyez propri\u00e9taire d&rsquo;une entreprise minuscule ou d&rsquo;un propri\u00e9taire d&rsquo;un \u00e9tablissement de commerce \u00e9lectronique colossal, car le plugin WooCommerce de newsletter est un constituant indispensable de toute strat\u00e9gie marketing triomphante.<\/p>\n<ul>\n<li>Rationalisez votre processus de cr\u00e9ation de newsletter en l&rsquo;int\u00e9grant \u00e0 WooCommerce<\/li>\n<li>Fusionner de mani\u00e8re transparente les donn\u00e9es clients de votre boutique en ligne dans vos newsletters<\/li>\n<li>Utilisez des mod\u00e8les de newsletter pr\u00e9d\u00e9finis ou concevez vos propres newsletters uniques<\/li>\n<li>Cibler des segments de clients sp\u00e9cifiques avec du contenu personnalis\u00e9<\/li>\n<li>Automatisez votre processus d&rsquo;envoi de newsletter pour gagner du temps et augmenter l&rsquo;engagement des clients<\/li>\n<li>Augmenter les ventes et la r\u00e9tention des clients en tirant des clients inform\u00e9s des nouveaux produits ou promotions<\/li>\n<li>Suivez facilement les performances des newsletter avec des fonctionnalit\u00e9s d&rsquo;analyse et de rapport int\u00e9gr\u00e9es<\/li>\n<li>Commencez rapidement avec une interface simple et conviviale.<\/li>\n<\/ul>\n","protected":false},"excerpt":{"rendered":"<p>Le plugin WooCommerce de newsletter, qui est un outil de marketing exceptionnel pour votre boutique en ligne, offre une pl\u00e9thore de fonctionnalit\u00e9s puissantes. Ce plugin vous permet d&rsquo;acqu\u00e9rir sans effort les adresses e-mail de vos pr\u00e9cieux clients et abonn\u00e9s, vous permettant par la suite de leur envoyer des newsletters personnalis\u00e9s et des offres promotionnelles irr\u00e9sistibles. De plus, vous avez la libert\u00e9 de concevoir des mod\u00e8les de messagerie personnalis\u00e9s qui s&rsquo;alignent parfaitement avec l&rsquo;identit\u00e9 de votre marque, am\u00e9liorant ainsi la reconnaissance de votre marque. De plus, vous pouvez surveiller et \u00e9valuer efficacement l&rsquo;efficacit\u00e9 de vos campagnes de marketing gr\u00e2ce \u00e0 des analyses compl\u00e8tes fournies par le plugin. Que votre objectif principal soit de renforcer les ventes, de favoriser l&rsquo;engagement significatif des clients ou d&rsquo;\u00e9tablir une forte pr\u00e9sence de marque, le plugin WooCommerce de newsletter est la solution ultime qui r\u00e9pond \u00e0 toutes vos exigences et garantit votre succ\u00e8s.<\/p>\n","protected":false},"featured_media":144740,"comment_status":"open","ping_status":"open","template":"","meta":[],"product_brand":[2602],"product_cat":[1182,1223,1181],"product_tag":[2261],"class_list":{"0":"post-119801","1":"product","2":"type-product","3":"status-publish","4":"has-post-thumbnail","6":"product_brand-newsletter","7":"product_cat-commerce-electronique-plugins","8":"product_cat-personnalisation-commerce-electronique-plugins","9":"product_cat-plugins","10":"product_tag-newsletter","11":"member-discount","12":"discount-restricted","14":"first","15":"instock","16":"sale","17":"downloadable","18":"virtual","19":"sold-individually","20":"purchasable","21":"product-type-simple"},"_links":{"self":[{"href":"https:\/\/gpl-love.com\/fr\/wp-json\/wp\/v2\/product\/119801","targetHints":{"allow":["GET"]}}],"collection":[{"href":"https:\/\/gpl-love.com\/fr\/wp-json\/wp\/v2\/product"}],"about":[{"href":"https:\/\/gpl-love.com\/fr\/wp-json\/wp\/v2\/types\/product"}],"replies":[{"embeddable":true,"href":"https:\/\/gpl-love.com\/fr\/wp-json\/wp\/v2\/comments?post=119801"}],"wp:featuredmedia":[{"embeddable":true,"href":"https:\/\/gpl-love.com\/fr\/wp-json\/wp\/v2\/media\/144740"}],"wp:attachment":[{"href":"https:\/\/gpl-love.com\/fr\/wp-json\/wp\/v2\/media?parent=119801"}],"wp:term":[{"taxonomy":"product_brand","embeddable":true,"href":"https:\/\/gpl-love.com\/fr\/wp-json\/wp\/v2\/product_brand?post=119801"},{"taxonomy":"product_cat","embeddable":true,"href":"https:\/\/gpl-love.com\/fr\/wp-json\/wp\/v2\/product_cat?post=119801"},{"taxonomy":"product_tag","embeddable":true,"href":"https:\/\/gpl-love.com\/fr\/wp-json\/wp\/v2\/product_tag?post=119801"}],"curies":[{"name":"wp","href":"https:\/\/api.w.org\/{rel}","templated":true}]}}