{"id":119799,"date":"2026-03-06T00:00:00","date_gmt":"2026-03-05T23:00:00","guid":{"rendered":"https:\/\/gpl-love.com\/fr\/produit\/newsletter-extended-composer-blocks\/"},"modified":"2026-03-28T23:30:49","modified_gmt":"2026-03-28T22:30:49","slug":"newsletter-extended-composer-blocks","status":"publish","type":"product","link":"https:\/\/gpl-love.com\/fr\/produit\/newsletter-extended-composer-blocks\/","title":{"rendered":"Newsletter Extended Composer Blocks 1.7.1"},"content":{"rendered":"<h3>Newsletter Extended Composer Blocks Traits<\/h3>\n<p>La newsletter a \u00e9tendu les blocs de compositeurs, qui est un outil robuste et formidable, donne aux utilisateurs la possibilit\u00e9 de g\u00e9n\u00e9rer sans effort des newsletters extr\u00eamement personnalis\u00e9es. Ce produit remarquable facilite l&rsquo;incorporation transparente de divers formats de contenu tels que du texte, des images, des vid\u00e9os et d&rsquo;autres \u00e9l\u00e9ments dans les newsletters. Notamment, ces blocs poss\u00e8dent un degr\u00e9 d&rsquo;adaptabilit\u00e9 exceptionnel, permettant aux utilisateurs d&rsquo;adapter sans effort la taille, la couleur et le style de chaque bloc conform\u00e9ment \u00e0 leurs exigences de conception pr\u00e9cises. En outre, il convient de souligner que ces blocs ont \u00e9t\u00e9 ing\u00e9nieusement con\u00e7us pour assurer une r\u00e9activit\u00e9 mobile optimale, garantissant que la newsletter maintient sa splendeur visuelle sur tous les appareils. \u00c0 la lumi\u00e8re de ces caract\u00e9ristiques exceptionnelles, il devient \u00e9vident que les blocs de compositeurs \u00e9tendus des newsletter sont une ressource indispensable pour les personnes cherchant \u00e0 cr\u00e9er rapidement et efficacement des newsletters qui d\u00e9gagent une aura professionnelle.<\/p>\n<ul>\n<li>La newsletter Extended Composer Blocks permet aux utilisateurs de cr\u00e9er facilement des newsletters par e-mail personnalis\u00e9s \u00e0 l&rsquo;aide de divers blocs et mod\u00e8les.<\/li>\n<li>Avec ce produit, les utilisateurs peuvent ajouter du texte, des images, des boutons, des liens de m\u00e9dias sociaux, etc. pour cr\u00e9er une newsletter visuellement attrayante et engageante.<\/li>\n<li>Les blocs de compositeurs incluent une interface glisser-d\u00e9poser, ce qui permet aux utilisateurs d&rsquo;organiser facilement des blocs de contenu dans tout ordre qu&rsquo;ils choisissent.<\/li>\n<li>Ce produit prend en charge toutes les principales plateformes de messagerie, garantissant la compatibilit\u00e9 et la facilit\u00e9 d&rsquo;utilisation pour tous les utilisateurs.<\/li>\n<li>Les utilisateurs peuvent enregistrer et r\u00e9utiliser des mod\u00e8les personnalis\u00e9s, cr\u00e9ant un processus rationalis\u00e9 pour les futures newsletters.<\/li>\n<li>Les blocs de compositeurs sont \u00e9galement livr\u00e9s avec des mod\u00e8les pr\u00e9-con\u00e7us, offrant l&rsquo;inspiration et un point de d\u00e9part pour les nouveaux dans la conception de newsletter.<\/li>\n<li>Les utilisateurs avanc\u00e9s peuvent modifier HTML et CSS dans le produit pour des options de personnalisation suppl\u00e9mentaires.<\/li>\n<li>La newsletter Extended Composer Blocks est un outil abordable et puissant pour les entreprises, les blogueurs et les personnes qui cherchent \u00e0 am\u00e9liorer leur strat\u00e9gie de marketing par e-mail.<\/li>\n<\/ul>\n","protected":false},"excerpt":{"rendered":"<p>La newsletter Extended Composer Blocks est un outil incroyablement robuste et puissant qui a \u00e9t\u00e9 sp\u00e9cifiquement con\u00e7u dans le but de permettre aux utilisateurs de cr\u00e9er sans effort des newsletters captivantes et convaincantes. De nature remarquablement intuitive, cet outil poss\u00e8de une vaste gamme de blocs personnalisables, accordant ainsi aux utilisateurs une domination compl\u00e8te sur l&rsquo;esth\u00e9tique visuelle et l&rsquo;ambiance globale de leurs newsletters. La pl\u00e9thore des fonctionnalit\u00e9s offerte par cet outil est vraiment stup\u00e9fiante, allant de la capacit\u00e9 d&rsquo;incorporer de mani\u00e8re transparente des images frappantes et du contenu textuel \u00e9vocateur \u00e0 la cr\u00e9ation d&rsquo;\u00e9l\u00e9ments hautement interactifs qui insufflent sans effort \u00e0 votre newsletter avec un niveau d&rsquo;engagement in\u00e9branlable. Il est sans aucun doute que cet outil a la capacit\u00e9 de transformer votre newsletter d&rsquo;un simple moyen de communication en une exp\u00e9rience vraiment immersive et passionnante qui captive et accroche l&rsquo;attention de votre public cible souhait\u00e9. Que vous vous identifiiez comme un sp\u00e9cialiste du marketing, un cr\u00e9ateur de contenu ou m\u00eame un propri\u00e9taire d&rsquo;entreprise, le bulletin de bulletins \u00e9tendu des blocs promet d&rsquo;\u00e9lever votre newsletter \u00e0 de nouveaux sommets d&rsquo;excellence et de sophistication.<\/p>\n","protected":false},"featured_media":144729,"comment_status":"open","ping_status":"open","template":"","meta":[],"product_brand":[2602],"product_cat":[1189,1181,1186],"product_tag":[2261],"class_list":{"0":"post-119799","1":"product","2":"type-product","3":"status-publish","4":"has-post-thumbnail","6":"product_brand-newsletter","7":"product_cat-personnalisation","8":"product_cat-plugins","9":"product_cat-wordpress-plugins","10":"product_tag-newsletter","11":"member-discount","12":"discount-restricted","14":"first","15":"instock","16":"sale","17":"downloadable","18":"virtual","19":"sold-individually","20":"purchasable","21":"product-type-simple"},"_links":{"self":[{"href":"https:\/\/gpl-love.com\/fr\/wp-json\/wp\/v2\/product\/119799","targetHints":{"allow":["GET"]}}],"collection":[{"href":"https:\/\/gpl-love.com\/fr\/wp-json\/wp\/v2\/product"}],"about":[{"href":"https:\/\/gpl-love.com\/fr\/wp-json\/wp\/v2\/types\/product"}],"replies":[{"embeddable":true,"href":"https:\/\/gpl-love.com\/fr\/wp-json\/wp\/v2\/comments?post=119799"}],"wp:featuredmedia":[{"embeddable":true,"href":"https:\/\/gpl-love.com\/fr\/wp-json\/wp\/v2\/media\/144729"}],"wp:attachment":[{"href":"https:\/\/gpl-love.com\/fr\/wp-json\/wp\/v2\/media?parent=119799"}],"wp:term":[{"taxonomy":"product_brand","embeddable":true,"href":"https:\/\/gpl-love.com\/fr\/wp-json\/wp\/v2\/product_brand?post=119799"},{"taxonomy":"product_cat","embeddable":true,"href":"https:\/\/gpl-love.com\/fr\/wp-json\/wp\/v2\/product_cat?post=119799"},{"taxonomy":"product_tag","embeddable":true,"href":"https:\/\/gpl-love.com\/fr\/wp-json\/wp\/v2\/product_tag?post=119799"}],"curies":[{"name":"wp","href":"https:\/\/api.w.org\/{rel}","templated":true}]}}