{"id":119797,"date":"2026-02-14T00:00:00","date_gmt":"2026-02-13T23:00:00","guid":{"rendered":"https:\/\/gpl-love.com\/fr\/produit\/newsletter-amazon-ses\/"},"modified":"2026-04-10T18:33:37","modified_gmt":"2026-04-10T16:33:37","slug":"newsletter-amazon-ses","status":"publish","type":"product","link":"https:\/\/gpl-love.com\/fr\/produit\/newsletter-amazon-ses\/","title":{"rendered":"Newsletter Amazon SES 1.6.4"},"content":{"rendered":"<h3>Newsletter Amazon SES Traits<\/h3>\n<p>La newsletter Amazon SES est un outil incroyablement robuste et influent qui r\u00e9pond aux besoins des entreprises et des organisations qui ont l&rsquo;obligation d&rsquo;envoyer de grandes quantit\u00e9s de newsletters par e-mail \u00e0 leurs abonn\u00e9s. En tirant parti de ce service, les utilisateurs sont en mesure de g\u00e9n\u00e9rer et de distribuer sans effort les newsletters via une interface incroyablement conviviale, tout en r\u00e9coltant les avantages de l&rsquo;infrastructure de livraison de messagerie tr\u00e8s influente d&rsquo;Amazon qui garantit que les messages arrivent avec succ\u00e8s \u00e0 leurs destinations pr\u00e9vues. De plus, ce service accorde aux utilisateurs l&rsquo;acc\u00e8s \u00e0 une pl\u00e9thore de fonctionnalit\u00e9s avanc\u00e9es telles que le suivi et l&rsquo;analyse personnalis\u00e9es, le filtrage des spams et la manipulation du rebond, accordant ainsi aux utilisateurs un niveau de contr\u00f4le in\u00e9gal\u00e9 sur leurs campagnes de messagerie. Que vous soyez une entreprise \u00e0 petite \u00e9chelle ou une soci\u00e9t\u00e9 massive, la newsletter Amazon SES est un outil indispensable qui vous permettra de favoriser et de maintenir des connexions puissantes et robustes avec votre client\u00e8le estim\u00e9e et les abonn\u00e9s.<\/p>\n<ul>\n<li>Envoie des newsletters \u00e0 vos abonn\u00e9s \u00e0 l&rsquo;aide d&rsquo;Amazon SES.<\/li>\n<li>Fournit une interface conviviale pour cr\u00e9er et envoyer facilement des newsletters.<\/li>\n<li>Offre des mod\u00e8les personnalisables pour vos newsletters.<\/li>\n<li>G\u00e8re automatiquement les e-mails, rebonds et plaintes non livrables.<\/li>\n<li>Traces et rapports des statistiques par e-mail telles que les taux d&rsquo;ouverture et les taux de clics.<\/li>\n<li>S&rsquo;int\u00e8gre \u00e0 des services externes tels que WordPress et MailChimp.<\/li>\n<li>Prend en charge l&rsquo;envoi de courriels en vrac ou dans des segments sp\u00e9cifiques de votre liste d&rsquo;abonn\u00e9s.<\/li>\n<li>Offre des fonctionnalit\u00e9s avanc\u00e9es telles que les tests A \/ B et la personnalisation.<\/li>\n<li>Assure une livrabilit\u00e9 \u00e9lev\u00e9e avec la r\u00e9putation et les fonctionnalit\u00e9s de d\u00e9livrabilit\u00e9 d&rsquo;Amazon SES.<\/li>\n<\/ul>\n","protected":false},"excerpt":{"rendered":"<p>Notre newsletter en entr\u00e9e, Amazon SES, sert de solution de marketing par e-mail ultime qui s&rsquo;adresse aux entreprises de diff\u00e9rentes tailles. Il poss\u00e8de des capacit\u00e9s d&rsquo;envoi de courriels incroyablement robustes et un \u00e9ventail de fonctionnalit\u00e9s de rapports compl\u00e8tes, vous permettant de construire et de g\u00e9rer sans effort des campagnes de messagerie impactantes qui captivent efficacement vos abonn\u00e9s, entra\u00eenant finalement des conversions am\u00e9lior\u00e9es. De plus, l&rsquo;inclusion de nos mod\u00e8les personnalisables et de nos options de contenu dynamique assure la cr\u00e9ation transparente de newsletters visuellement attrayantes et personnalis\u00e9es, incarnant harmonieusement la proposition de valeur distinctive de votre marque. Par cons\u00e9quent, si vous aspirez \u00e0 \u00e9lever vos efforts de marketing par e-mail, nous vous implorons d&rsquo;explorer rapidement le potentiel de notre newsletter in\u00e9gal\u00e9e, Amazon SES.<\/p>\n","protected":false},"featured_media":144723,"comment_status":"open","ping_status":"open","template":"","meta":[],"product_brand":[2602],"product_cat":[1189,1181,1186],"product_tag":[2261],"class_list":{"0":"post-119797","1":"product","2":"type-product","3":"status-publish","4":"has-post-thumbnail","6":"product_brand-newsletter","7":"product_cat-personnalisation","8":"product_cat-plugins","9":"product_cat-wordpress-plugins","10":"product_tag-newsletter","11":"member-discount","12":"discount-restricted","14":"first","15":"instock","16":"sale","17":"downloadable","18":"virtual","19":"sold-individually","20":"purchasable","21":"product-type-simple"},"_links":{"self":[{"href":"https:\/\/gpl-love.com\/fr\/wp-json\/wp\/v2\/product\/119797","targetHints":{"allow":["GET"]}}],"collection":[{"href":"https:\/\/gpl-love.com\/fr\/wp-json\/wp\/v2\/product"}],"about":[{"href":"https:\/\/gpl-love.com\/fr\/wp-json\/wp\/v2\/types\/product"}],"replies":[{"embeddable":true,"href":"https:\/\/gpl-love.com\/fr\/wp-json\/wp\/v2\/comments?post=119797"}],"wp:featuredmedia":[{"embeddable":true,"href":"https:\/\/gpl-love.com\/fr\/wp-json\/wp\/v2\/media\/144723"}],"wp:attachment":[{"href":"https:\/\/gpl-love.com\/fr\/wp-json\/wp\/v2\/media?parent=119797"}],"wp:term":[{"taxonomy":"product_brand","embeddable":true,"href":"https:\/\/gpl-love.com\/fr\/wp-json\/wp\/v2\/product_brand?post=119797"},{"taxonomy":"product_cat","embeddable":true,"href":"https:\/\/gpl-love.com\/fr\/wp-json\/wp\/v2\/product_cat?post=119797"},{"taxonomy":"product_tag","embeddable":true,"href":"https:\/\/gpl-love.com\/fr\/wp-json\/wp\/v2\/product_tag?post=119797"}],"curies":[{"name":"wp","href":"https:\/\/api.w.org\/{rel}","templated":true}]}}