{"id":119795,"date":"2026-02-26T00:00:00","date_gmt":"2026-02-25T23:00:00","guid":{"rendered":"https:\/\/gpl-love.com\/fr\/produit\/newsletter-contact-form\/"},"modified":"2026-04-10T18:33:40","modified_gmt":"2026-04-10T16:33:40","slug":"newsletter-contact-form","status":"publish","type":"product","link":"https:\/\/gpl-love.com\/fr\/produit\/newsletter-contact-form\/","title":{"rendered":"Newsletter Contact Form 7 4.5.1"},"content":{"rendered":"<h3>Newsletter Contact Form 7 Traits<\/h3>\n<p>Le bulletin d&rsquo;information Contact Form 7 est un instrument incroyablement robuste et efficace qui a \u00e9t\u00e9 m\u00e9ticuleusement con\u00e7u pour faciliter la collection sans effort et la gestion efficace des abonnements \u00e0 la newsletter, directement des visiteurs de votre site Web. Ce plugin ph\u00e9nom\u00e9nal vous permet de fabriquer des formulaires personnalis\u00e9s et adaptables qui permettent aux utilisateurs de s&rsquo;inscrire de mani\u00e8re transparente \u00e0 votre newsletter, vous fournissant ainsi un atout extr\u00eamement pr\u00e9cieux dans le domaine du marketing. Le processus d&rsquo;installation et de configuration de ce plugin est un jeu d&rsquo;enfant, et il s&rsquo;int\u00e8gre de mani\u00e8re transparente dans votre site WordPress pr\u00e9existant, assurant une exp\u00e9rience harmonieuse et coh\u00e9rente pour vous et vos utilisateurs. Avec son interface remarquablement conviviale, vous pouvez fabriquer sans effort et rapidement des champs sur mesure, gouverner astucieusement vos abonn\u00e9s et diffuser sans effort les mises \u00e0 jour informatives et engageantes. Si vous vous retrouvez \u00e0 \u00e9tendre l&rsquo;\u00e9tendue et la profondeur de votre liste de diffusion, ainsi que d&rsquo;am\u00e9liorer et de fortifier le niveau d&rsquo;engagement avec votre public, l&rsquo;outil indispensable \u00e0 consid\u00e9rer n&rsquo;est autre que le formulaire de contact du newsletter 7.<\/p>\n<ul>\n<li>Permet aux utilisateurs de s&rsquo;inscrire facilement \u00e0 une newsletter<\/li>\n<li>Permet aux propri\u00e9taires de sites Web de collecter et de stocker les coordonn\u00e9es<\/li>\n<li>S&rsquo;int\u00e8gre au formulaire de contact 7, un plugin de cr\u00e9ation de formulaire populaire pour WordPress<\/li>\n<li>Champs de formulaire personnalisables pour collecter des types de donn\u00e9es sp\u00e9cifiques<\/li>\n<li>Option pour activer la double opt-in pour la confirmation par e-mail<\/li>\n<li>Exporter facilement des donn\u00e9es vers des services de marketing par e-mail populaires comme MailChimp ou un contact constant<\/li>\n<li>Fournit aux propri\u00e9taires de sites Web un moyen conforme au RGPD de collecter et de stocker le consentement des communications marketing opt-in<\/li>\n<li>Attribue des ID uniques \u00e0 chaque soumission de formulaire pour un suivi et une analyse faciles des donn\u00e9es<\/li>\n<li>Captcha et protection des spams int\u00e9gr\u00e9s pour emp\u00eacher les soumissions ind\u00e9sirables<\/li>\n<li>Interface facile \u00e0 utiliser avec des options de configuration et d&rsquo;int\u00e9gration simples<\/li>\n<\/ul>\n","protected":false},"excerpt":{"rendered":"<p>Le formulaire de contact de newsletter 7 est un plugin incroyablement polyvalent et convivial qui offre une multitude de fonctionnalit\u00e9s, permettant aux utilisateurs de cr\u00e9er et de g\u00e9rer sans effort des formulaires d&rsquo;abonnement personnalis\u00e9s sur leur site WordPress. En utilisant cet outil incroyable, les individus sont en mesure de recueillir des informations sur les abonn\u00e9s inestimables, d&rsquo;ex\u00e9cuter des campagnes de messagerie tr\u00e8s cibl\u00e9es et de maintenir une communication constante avec leur public. Que vous vous identifiiez en tant que blogueur, marketing ou propri\u00e9taire d&rsquo;entreprise, les fonctionnalit\u00e9s et la commodit\u00e9 suppl\u00e9mentaires que le formulaire de contact de newsletter fournit peut sans aucun doute \u00eatre avantageuse pour vous. Ne perdez pas de temps et prenez la d\u00e9cision d&rsquo;installer ce plugin remarquable aujourd&rsquo;hui, en vous plongeant dans un tout nouveau domaine d&rsquo;engagement des lecteurs!<\/p>\n","protected":false},"featured_media":144727,"comment_status":"open","ping_status":"open","template":"","meta":[],"product_brand":[2602],"product_cat":[1189,1181,1186],"product_tag":[2261],"class_list":{"0":"post-119795","1":"product","2":"type-product","3":"status-publish","4":"has-post-thumbnail","6":"product_brand-newsletter","7":"product_cat-personnalisation","8":"product_cat-plugins","9":"product_cat-wordpress-plugins","10":"product_tag-newsletter","11":"member-discount","12":"discount-restricted","14":"first","15":"instock","16":"sale","17":"downloadable","18":"virtual","19":"sold-individually","20":"purchasable","21":"product-type-simple"},"_links":{"self":[{"href":"https:\/\/gpl-love.com\/fr\/wp-json\/wp\/v2\/product\/119795","targetHints":{"allow":["GET"]}}],"collection":[{"href":"https:\/\/gpl-love.com\/fr\/wp-json\/wp\/v2\/product"}],"about":[{"href":"https:\/\/gpl-love.com\/fr\/wp-json\/wp\/v2\/types\/product"}],"replies":[{"embeddable":true,"href":"https:\/\/gpl-love.com\/fr\/wp-json\/wp\/v2\/comments?post=119795"}],"wp:featuredmedia":[{"embeddable":true,"href":"https:\/\/gpl-love.com\/fr\/wp-json\/wp\/v2\/media\/144727"}],"wp:attachment":[{"href":"https:\/\/gpl-love.com\/fr\/wp-json\/wp\/v2\/media?parent=119795"}],"wp:term":[{"taxonomy":"product_brand","embeddable":true,"href":"https:\/\/gpl-love.com\/fr\/wp-json\/wp\/v2\/product_brand?post=119795"},{"taxonomy":"product_cat","embeddable":true,"href":"https:\/\/gpl-love.com\/fr\/wp-json\/wp\/v2\/product_cat?post=119795"},{"taxonomy":"product_tag","embeddable":true,"href":"https:\/\/gpl-love.com\/fr\/wp-json\/wp\/v2\/product_tag?post=119795"}],"curies":[{"name":"wp","href":"https:\/\/api.w.org\/{rel}","templated":true}]}}