{"id":119793,"date":"2026-04-16T00:00:00","date_gmt":"2026-04-15T22:00:00","guid":{"rendered":"https:\/\/gpl-love.com\/fr\/produit\/newsletter-api\/"},"modified":"2026-04-17T00:30:53","modified_gmt":"2026-04-16T22:30:53","slug":"newsletter-api","status":"publish","type":"product","link":"https:\/\/gpl-love.com\/fr\/produit\/newsletter-api\/","title":{"rendered":"Newsletter API 2.5.5"},"content":{"rendered":"<h3>Newsletter API Traits<\/h3>\n<p>L&rsquo;API de newsletter se pr\u00e9sente comme un outil incroyablement puissant, con\u00e7u sp\u00e9cifiquement pour r\u00e9pondre aux d\u00e9veloppeurs \u00e0 la recherche d&rsquo;un moyen transparent et sans effort de cr\u00e9er et de g\u00e9rer des newsletters. Cependant, sa fonctionnalit\u00e9 s&rsquo;\u00e9tend bien au-del\u00e0 de la simple cr\u00e9ation et gestion des newsletters, car il permet aux utilisateurs de g\u00e9n\u00e9rer et de maintenir sans effort des mod\u00e8les personnalis\u00e9s, d&rsquo;importer et d&rsquo;exporter des listes d&rsquo;abonn\u00e9s, et m\u00eame d&rsquo;automatiser la livraison des newsletters. De plus, il poss\u00e8de une suite de fonctionnalit\u00e9s avanc\u00e9es de suivi et de rapport, permettant aux utilisateurs de surveiller de pr\u00e8s l&rsquo;engagement des abonn\u00e9s, et leur permettant ainsi d&rsquo;\u00e9valuer efficacement l&rsquo;efficacit\u00e9 de leurs campagnes. \u00c0 la lumi\u00e8re de ces capacit\u00e9s impressionnantes, il devient clairement clairement que l&rsquo;API de newsletter sert d&rsquo;atout indispensable pour les entreprises visant \u00e0 optimiser et \u00e0 rationaliser leur processus de cr\u00e9ation de newsletter, \u00e0 am\u00e9liorer l&rsquo;engagement des abonn\u00e9s et \u00e0 r\u00e9colter des r\u00e9sultats sup\u00e9rieurs de leurs efforts de marketing par e-mail. Compte tenu de son interface remarquablement intuitive et de sa gamme compl\u00e8te de fonctionnalit\u00e9s robustes, il devient \u00e9vident que l&rsquo;API de newsletter est une n\u00e9cessit\u00e9 absolue pour toute entreprise d\u00e9termin\u00e9e \u00e0 propulser ses efforts de marketing par e-mail \u00e0 l&rsquo;\u00e9chelon suivant.<\/p>\n<ul>\n<li>Int\u00e9gration facile avec les newsletters existants<\/li>\n<li>Compatible avec les principaux fournisseurs de services de messagerie<\/li>\n<li>Interface conviviale pour la gestion sans effort des donn\u00e9es de newsletter<\/li>\n<li>Les mises \u00e0 jour de donn\u00e9es fiables garantissent la pr\u00e9cision en temps r\u00e9el<\/li>\n<li>Analyse avanc\u00e9e permettant une prise de d\u00e9cision bas\u00e9e sur les donn\u00e9es<\/li>\n<li>Des mesures de s\u00e9curit\u00e9 robustes garantissant la confidentialit\u00e9 et la protection des donn\u00e9es<\/li>\n<\/ul>\n","protected":false},"excerpt":{"rendered":"<p>L&rsquo;API de newsletter, qui poss\u00e8de une puissance consid\u00e9rable, sert de ressource inestimable pour les entreprises cherchant \u00e0 am\u00e9liorer l&rsquo;efficacit\u00e9 de leurs efforts de communication client. Cette remarquable API s&rsquo;int\u00e8gre de mani\u00e8re transparente \u00e0 votre syst\u00e8me pr\u00e9existant, vous offrant ainsi le luxe de recevoir des newsletters personnalis\u00e9s qui sont m\u00e9ticuleusement adapt\u00e9s \u00e0 vos besoins uniques. En capitalisant sur sa capacit\u00e9 remarquable \u00e0 exp\u00e9dier avec pr\u00e9cision les e-mails cibl\u00e9s subordonn\u00e9s aux pr\u00e9f\u00e9rences des clients et aux mod\u00e8les de comportement individuels, vous augmentez l&rsquo;engagement des clients tout en facilitant simultan\u00e9ment l&rsquo;optimisation du taux de conversion. De plus, il convient de noter que l&rsquo;API de newsletter se caract\u00e9rise par sa nature conviviale et sa navigabilit\u00e9 sans effort, ce qui en fait une solution id\u00e9ale pour les entreprises de toutes grandeur, quelle que soit la stature.<\/p>\n","protected":false},"featured_media":144724,"comment_status":"open","ping_status":"open","template":"","meta":[],"product_brand":[2602],"product_cat":[1189,1181,1186],"product_tag":[2261],"class_list":{"0":"post-119793","1":"product","2":"type-product","3":"status-publish","4":"has-post-thumbnail","6":"product_brand-newsletter","7":"product_cat-personnalisation","8":"product_cat-plugins","9":"product_cat-wordpress-plugins","10":"product_tag-newsletter","11":"member-discount","12":"discount-restricted","14":"first","15":"instock","16":"sale","17":"downloadable","18":"virtual","19":"sold-individually","20":"purchasable","21":"product-type-simple"},"_links":{"self":[{"href":"https:\/\/gpl-love.com\/fr\/wp-json\/wp\/v2\/product\/119793","targetHints":{"allow":["GET"]}}],"collection":[{"href":"https:\/\/gpl-love.com\/fr\/wp-json\/wp\/v2\/product"}],"about":[{"href":"https:\/\/gpl-love.com\/fr\/wp-json\/wp\/v2\/types\/product"}],"replies":[{"embeddable":true,"href":"https:\/\/gpl-love.com\/fr\/wp-json\/wp\/v2\/comments?post=119793"}],"wp:featuredmedia":[{"embeddable":true,"href":"https:\/\/gpl-love.com\/fr\/wp-json\/wp\/v2\/media\/144724"}],"wp:attachment":[{"href":"https:\/\/gpl-love.com\/fr\/wp-json\/wp\/v2\/media?parent=119793"}],"wp:term":[{"taxonomy":"product_brand","embeddable":true,"href":"https:\/\/gpl-love.com\/fr\/wp-json\/wp\/v2\/product_brand?post=119793"},{"taxonomy":"product_cat","embeddable":true,"href":"https:\/\/gpl-love.com\/fr\/wp-json\/wp\/v2\/product_cat?post=119793"},{"taxonomy":"product_tag","embeddable":true,"href":"https:\/\/gpl-love.com\/fr\/wp-json\/wp\/v2\/product_tag?post=119793"}],"curies":[{"name":"wp","href":"https:\/\/api.w.org\/{rel}","templated":true}]}}