{"id":119791,"date":"2025-03-02T00:00:00","date_gmt":"2025-03-01T23:00:00","guid":{"rendered":"https:\/\/gpl-love.com\/fr\/produit\/newsletter-import\/"},"modified":"2026-04-10T18:33:44","modified_gmt":"2026-04-10T16:33:44","slug":"newsletter-import","status":"publish","type":"product","link":"https:\/\/gpl-love.com\/fr\/produit\/newsletter-import\/","title":{"rendered":"Newsletter Import 1.5.9"},"content":{"rendered":"<h3>Newsletter Import Traits<\/h3>\n<p>Le produit logiciel connu sous le nom de bulletin d&rsquo;information a \u00e9t\u00e9 m\u00e9ticuleusement con\u00e7u pour r\u00e9pondre aux besoins des entreprises \u00e0 la recherche d&rsquo;une m\u00e9thode transparente et sans tracas pour importer leur contenu de newsletter par e-mail dans un syst\u00e8me de liste de diffusion. Cette offre particuli\u00e8re est particuli\u00e8rement bien adapt\u00e9e aux entreprises qui ont un calendrier de distribution de newsletter coh\u00e9rent et fr\u00e9quente et n\u00e9cessitent une approche rationalis\u00e9e et fiable pour g\u00e9rer efficacement leurs vastes listes de diffusion. En tirant parti des capacit\u00e9s puissantes de l&rsquo;importation de newsletter, les entreprises peuvent importer sans effort leur contenu de newsletter en quelques clics, leur permettant par la suite d&rsquo;\u00e9conomiser un temps pr\u00e9cieux et d&rsquo;allouer des ressources plus efficacement. De plus, cette solution remarquable a \u00e9t\u00e9 r\u00e9fl\u00e9chie pour poss\u00e9der une interface conviviale et une fonctionnalit\u00e9 intuitive, ce qui le rend accessible et compr\u00e9hensible aux individus de diverses comp\u00e9tences techniques. Dans l&rsquo;ensemble, si vous \u00eates actuellement \u00e0 la recherche d&rsquo;un moyen simple et tr\u00e8s efficace de superviser votre liste de diffusion de newsletter, l&rsquo;importation de newsletter appara\u00eet comme le choix par excellence pour vous.<\/p>\n<ul>\n<li>Importent sans effort les newsletters de diverses sources<\/li>\n<li>Gagnez du temps en \u00e9vitant la saisie manuelle des donn\u00e9es<\/li>\n<li>Transf\u00e9rer avec pr\u00e9cision les donn\u00e9es sans erreur ni perte de donn\u00e9es<\/li>\n<li>Am\u00e9liorez vos efforts de marketing par e-mail avec un plus large \u00e9ventail de sources de contenu<\/li>\n<li>Rationalisez votre flux de travail avec des mises \u00e0 jour automatiques et une synchronisation<\/li>\n<li>Organisez et g\u00e9rez facilement vos newsletters avec notre interface intuitive<\/li>\n<li>Profitez de l&rsquo;int\u00e9gration transparente avec votre plateforme de marketing par e-mail existante<\/li>\n<li>Am\u00e9liorer l&rsquo;efficacit\u00e9 de vos campagnes de messagerie avec un contenu plus cibl\u00e9 et personnalis\u00e9<\/li>\n<li>Acc\u00e9dez \u00e0 de pr\u00e9cieuses id\u00e9es et analyses pour optimiser votre strat\u00e9gie de marketing par e-mail<\/li>\n<li>Augmentez votre retour sur investissement et d\u00e9veloppez votre base d&rsquo;abonn\u00e9s avec un marketing par e-mail plus efficace.<\/li>\n<\/ul>\n","protected":false},"excerpt":{"rendered":"<p>Notre outil d&rsquo;importation de newsletter fournit une solution transparente et conviviale pour l&rsquo;importation et la gestion efficace de votre liste d&rsquo;abonn\u00e9s par e-mail. En utilisant cet outil avanc\u00e9, vous pouvez ajouter sans effort de nouveaux abonn\u00e9s \u00e0 votre liste tout en garantissant sa pr\u00e9cision et sa pertinence continues. Le processus d&rsquo;importation de votre liste de newsletter n&rsquo;a jamais \u00e9t\u00e9 aussi simplifi\u00e9 et pratique que maintenant!<\/p>\n","protected":false},"featured_media":144732,"comment_status":"open","ping_status":"open","template":"","meta":[],"product_brand":[2602],"product_cat":[1189,1181,1186],"product_tag":[2261],"class_list":{"0":"post-119791","1":"product","2":"type-product","3":"status-publish","4":"has-post-thumbnail","6":"product_brand-newsletter","7":"product_cat-personnalisation","8":"product_cat-plugins","9":"product_cat-wordpress-plugins","10":"product_tag-newsletter","11":"member-discount","12":"discount-restricted","14":"first","15":"instock","16":"sale","17":"downloadable","18":"virtual","19":"sold-individually","20":"purchasable","21":"product-type-simple"},"_links":{"self":[{"href":"https:\/\/gpl-love.com\/fr\/wp-json\/wp\/v2\/product\/119791","targetHints":{"allow":["GET"]}}],"collection":[{"href":"https:\/\/gpl-love.com\/fr\/wp-json\/wp\/v2\/product"}],"about":[{"href":"https:\/\/gpl-love.com\/fr\/wp-json\/wp\/v2\/types\/product"}],"replies":[{"embeddable":true,"href":"https:\/\/gpl-love.com\/fr\/wp-json\/wp\/v2\/comments?post=119791"}],"wp:featuredmedia":[{"embeddable":true,"href":"https:\/\/gpl-love.com\/fr\/wp-json\/wp\/v2\/media\/144732"}],"wp:attachment":[{"href":"https:\/\/gpl-love.com\/fr\/wp-json\/wp\/v2\/media?parent=119791"}],"wp:term":[{"taxonomy":"product_brand","embeddable":true,"href":"https:\/\/gpl-love.com\/fr\/wp-json\/wp\/v2\/product_brand?post=119791"},{"taxonomy":"product_cat","embeddable":true,"href":"https:\/\/gpl-love.com\/fr\/wp-json\/wp\/v2\/product_cat?post=119791"},{"taxonomy":"product_tag","embeddable":true,"href":"https:\/\/gpl-love.com\/fr\/wp-json\/wp\/v2\/product_tag?post=119791"}],"curies":[{"name":"wp","href":"https:\/\/api.w.org\/{rel}","templated":true}]}}