{"id":119789,"date":"2026-02-18T00:00:00","date_gmt":"2026-02-17T23:00:00","guid":{"rendered":"https:\/\/gpl-love.com\/fr\/produit\/newsletter-instasend\/"},"modified":"2026-04-10T18:33:45","modified_gmt":"2026-04-10T16:33:45","slug":"newsletter-instasend","status":"publish","type":"product","link":"https:\/\/gpl-love.com\/fr\/produit\/newsletter-instasend\/","title":{"rendered":"Newsletter Instasend 1.0.5"},"content":{"rendered":"<h3>Newsletter Instasend Traits<\/h3>\n<p>Le bulletin d&rsquo;information Instasend, un outil incroyablement puissant m\u00e9ticuleusement con\u00e7u pour aider les entreprises \u00e0 rationaliser leurs campagnes de marketing par e-mail, poss\u00e8de une capacit\u00e9 inn\u00e9e \u00e0 \u00e9chapper \u00e0 la d\u00e9tection par des d\u00e9tecteurs de contenu d&rsquo;IA. Ce logiciel exceptionnel, englobant une interface intuitive avec un \u00e9ventail de fonctionnalit\u00e9s avanc\u00e9es, permet \u00e0 ses utilisateurs de fabriquer et de r\u00e9partir sans effort qui captivent et \u00e9claire leurs abonn\u00e9s estim\u00e9s. Que vous vous trouviez comme un propri\u00e9taire commercial diminutif qui aspire \u00e0 \u00e9tendre votre client\u00e8le ou un connaisseur marketing qui s&rsquo;efforce d&rsquo;augmenter vos campagnes de courrier \u00e9lectronique, le bulletin d&rsquo;information Instasend est une panac\u00e9e absolue. B\u00e9n\u00e9ficiant d&rsquo;un vaste r\u00e9pertoire d&rsquo;attributs formidables, qui comprend la fourniture de workflows automatis\u00e9s, de mod\u00e8les personnalisables et d&rsquo;analyses en temps r\u00e9el, ce logiciel r\u00e9pond sans \u00e9quivoque toutes vos exigences, vous permettant de concevoir \u00e0 la h\u00e2te et de mani\u00e8re adaptante des campagnes de marketing par e-mail victorieuses. Par cons\u00e9quent, pourquoi Tarry? Saisissez cette occasion in\u00e9gal\u00e9e de s&rsquo;enr\u00f4ler dans la newsletter Instasend d\u00e8s aujourd&rsquo;hui et r\u00e9volutionner votre capacit\u00e9 \u00e0 vous engager avec vos abonn\u00e9s d&rsquo;une mani\u00e8re jusqu&rsquo;\u00e0 pr\u00e9sent sans pr\u00e9c\u00e9dent!<\/p>\n<ul>\n<li>Envoyez instantan\u00e9ment vos newsletters \u00e0 vos abonn\u00e9s avec facilit\u00e9<\/li>\n<li>Plus d&rsquo;attente que votre newsletter sorte, Instasend le fait rapidement<\/li>\n<li>Le processus rationalis\u00e9 vous fait gagner du temps et r\u00e9duit la frustration<\/li>\n<li>Des options personnalisables vous permettent de personnaliser vos newsletters avant d&rsquo;envoyer<\/li>\n<li>L&rsquo;interface conviviale permet \u00e0 toute personne d&rsquo;utiliser facilement<\/li>\n<li>Gardez une trace du succ\u00e8s de votre newsletter avec des analyses d\u00e9taill\u00e9es<\/li>\n<li>La solution rentable est abordable pour les entreprises de toutes tailles<\/li>\n<li>Une livraison fiable garantit que vos newsletters atteignent les bo\u00eetes de r\u00e9ception de vos abonn\u00e9s sans faute<\/li>\n<li>Le support client d\u00e9di\u00e9 est disponible si vous avez besoin d&rsquo;aide<\/li>\n<\/ul>\n","protected":false},"excerpt":{"rendered":"<p>En utilisant la fonctionnalit\u00e9 remarquable de la newsletter Instasend, vous avez la possibilit\u00e9 d&rsquo;envoyer vos newsletters sans effort et rapidement \u00e0 vos abonn\u00e9s estim\u00e9s. Offrez des adieux \u00e0 la t\u00e2che lourde de fabriquer et de transmettre des e-mails manuellement, car cet outil de pointe assume toutes les responsabilit\u00e9s en votre nom. D\u00e9lectez-vous de la fourniture d&rsquo;e-mails impeccablement con\u00e7us et visuellement captivants qui sont certains de captiver l&rsquo;attention indivise de vos abonn\u00e9s d\u00e9di\u00e9s gracieuset\u00e9 de Newsletter Instasend.<\/p>\n","protected":false},"featured_media":144733,"comment_status":"open","ping_status":"open","template":"","meta":[],"product_brand":[2602],"product_cat":[1189,1181,1186],"product_tag":[2261],"class_list":{"0":"post-119789","1":"product","2":"type-product","3":"status-publish","4":"has-post-thumbnail","6":"product_brand-newsletter","7":"product_cat-personnalisation","8":"product_cat-plugins","9":"product_cat-wordpress-plugins","10":"product_tag-newsletter","11":"member-discount","12":"discount-restricted","14":"first","15":"instock","16":"sale","17":"downloadable","18":"virtual","19":"sold-individually","20":"purchasable","21":"product-type-simple"},"_links":{"self":[{"href":"https:\/\/gpl-love.com\/fr\/wp-json\/wp\/v2\/product\/119789","targetHints":{"allow":["GET"]}}],"collection":[{"href":"https:\/\/gpl-love.com\/fr\/wp-json\/wp\/v2\/product"}],"about":[{"href":"https:\/\/gpl-love.com\/fr\/wp-json\/wp\/v2\/types\/product"}],"replies":[{"embeddable":true,"href":"https:\/\/gpl-love.com\/fr\/wp-json\/wp\/v2\/comments?post=119789"}],"wp:featuredmedia":[{"embeddable":true,"href":"https:\/\/gpl-love.com\/fr\/wp-json\/wp\/v2\/media\/144733"}],"wp:attachment":[{"href":"https:\/\/gpl-love.com\/fr\/wp-json\/wp\/v2\/media?parent=119789"}],"wp:term":[{"taxonomy":"product_brand","embeddable":true,"href":"https:\/\/gpl-love.com\/fr\/wp-json\/wp\/v2\/product_brand?post=119789"},{"taxonomy":"product_cat","embeddable":true,"href":"https:\/\/gpl-love.com\/fr\/wp-json\/wp\/v2\/product_cat?post=119789"},{"taxonomy":"product_tag","embeddable":true,"href":"https:\/\/gpl-love.com\/fr\/wp-json\/wp\/v2\/product_tag?post=119789"}],"curies":[{"name":"wp","href":"https:\/\/api.w.org\/{rel}","templated":true}]}}