{"id":119787,"date":"2026-03-06T00:00:00","date_gmt":"2026-03-05T23:00:00","guid":{"rendered":"https:\/\/gpl-love.com\/fr\/produit\/newsletter-archive\/"},"modified":"2026-04-10T18:33:38","modified_gmt":"2026-04-10T16:33:38","slug":"newsletter-archive","status":"publish","type":"product","link":"https:\/\/gpl-love.com\/fr\/produit\/newsletter-archive\/","title":{"rendered":"Newsletter Archive 4.2.2"},"content":{"rendered":"<h3>Newsletter Archive Traits<\/h3>\n<p>The Newsletter Archive, un outil incroyablement complet, offre aux utilisateurs la capacit\u00e9 transparente pour naviguer sans effort dans une vaste gamme de newsletters pass\u00e9s. Gr\u00e2ce \u00e0 une utilisation simple d&rsquo;un mot-cl\u00e9 sp\u00e9cifi\u00e9, d&rsquo;une plage de dates d\u00e9sign\u00e9e ou m\u00eame d&rsquo;un sujet d&rsquo;int\u00e9r\u00eat particulier, les utilisateurs sont rapidement en mesure de se procurer leur newsletter souhait\u00e9e \u00e0 partir des vastes archives. Le r\u00e9sultat? Une exposition impeccablement organis\u00e9e de newsletters historiques, ce qui en fait une entreprise sans effort pour que les utilisateurs se r\u00e9f\u00e9rent et parcourent sans effort par contenu pr\u00e9c\u00e9dent, garantissant ainsi leur conscience et leur immersion continue dans les \u00e9v\u00e9nements actuels. Comprenant un \u00e9ventail diversifi\u00e9 d&rsquo;utilisateurs, notamment des entreprises, des organisations et des individus, cet outil inestimable se r\u00e9v\u00e8le \u00eatre une ressource indispensable pour ceux qui cherchent \u00e0 maintenir un enregistrement ind\u00e9l\u00e9bile et bien document\u00e9 de leurs efforts de communication. En fin de compte, l&rsquo;archive de newsletter sert d&rsquo;outil inestimable, rationalisant efficacement le processus de recherche autrement ardu tout en offrant simultan\u00e9ment sur les utilisateurs une avenue tr\u00e8s pratique pour acc\u00e9der et parcourir de mani\u00e8re transparente et parcourir les newsletters pass\u00e9s avec la plus grande facilit\u00e9 et l&rsquo;efficacit\u00e9.<\/p>\n<ul>\n<li>Archives compl\u00e8tes des newsletters ant\u00e9rieures accessibles \u00e0 tout moment<\/li>\n<li>Fonctionnalit\u00e9s de navigation et de recherche faciles pour trouver des sujets ou des \u00e9ditions sp\u00e9cifiques<\/li>\n<li>Un moyen pratique pour les abonn\u00e9s de rattraper tout contenu manqu\u00e9<\/li>\n<li>Ressource pr\u00e9cieuse \u00e0 des fins de recherche et de marketing<\/li>\n<li>Options de mise en page et de conception personnalisables pour correspondre \u00e0 l&rsquo;image de marque<\/li>\n<li>Interface conviviale pour un acc\u00e8s sur le pouce<\/li>\n<li>Int\u00e9gration avec des plateformes de marketing par e-mail pour la gestion transparente des campagnes de newsletter<\/li>\n<li>Option pour restreindre l&rsquo;acc\u00e8s \u00e0 s\u00e9lectionner les abonn\u00e9s ou les membres pour des raisons de confidentialit\u00e9<\/li>\n<li>Capacit\u00e9 \u00e0 suivre et \u00e0 analyser l&rsquo;engagement avec les newsletters pass\u00e9s pour \u00e9clairer les strat\u00e9gies de contenu futures.<\/li>\n<\/ul>\n","protected":false},"excerpt":{"rendered":"<p>La fourniture d&rsquo;une base de donn\u00e9es consultable, remplie d&rsquo;un assortiment de newsletters pass\u00e9es dans divers formats, offre aux utilisateurs un moyen sans couture et sans effort de r\u00e9cup\u00e9rer et de r\u00e9f\u00e9rencer les \u00e9ditions ant\u00e9rieures. Le r\u00e9sultat souhait\u00e9 est une archive qui est non seulement conviviale mais aussi m\u00e9ticuleusement organis\u00e9e, ce qui le rend facilement accessible sur un site Web ou une plate-forme d\u00e9sign\u00e9. Ce recueil de newsletters, en fait, assume la forme d&rsquo;une ressource inestimable pour un assortiment d&rsquo;entit\u00e9s, y compris des entreprises, des institutions ou m\u00eame des individus cherchant \u00e0 chroniquez m\u00e9ticuleusement leurs chroniques communicatives et \u00e0 rester au courant des occurrences, des progressions et des reportages.<\/p>\n","protected":false},"featured_media":144725,"comment_status":"open","ping_status":"open","template":"","meta":[],"product_brand":[2602],"product_cat":[1189,1181,1186],"product_tag":[2261],"class_list":{"0":"post-119787","1":"product","2":"type-product","3":"status-publish","4":"has-post-thumbnail","6":"product_brand-newsletter","7":"product_cat-personnalisation","8":"product_cat-plugins","9":"product_cat-wordpress-plugins","10":"product_tag-newsletter","11":"member-discount","12":"discount-restricted","14":"first","15":"instock","16":"sale","17":"downloadable","18":"virtual","19":"sold-individually","20":"purchasable","21":"product-type-simple"},"_links":{"self":[{"href":"https:\/\/gpl-love.com\/fr\/wp-json\/wp\/v2\/product\/119787","targetHints":{"allow":["GET"]}}],"collection":[{"href":"https:\/\/gpl-love.com\/fr\/wp-json\/wp\/v2\/product"}],"about":[{"href":"https:\/\/gpl-love.com\/fr\/wp-json\/wp\/v2\/types\/product"}],"replies":[{"embeddable":true,"href":"https:\/\/gpl-love.com\/fr\/wp-json\/wp\/v2\/comments?post=119787"}],"wp:featuredmedia":[{"embeddable":true,"href":"https:\/\/gpl-love.com\/fr\/wp-json\/wp\/v2\/media\/144725"}],"wp:attachment":[{"href":"https:\/\/gpl-love.com\/fr\/wp-json\/wp\/v2\/media?parent=119787"}],"wp:term":[{"taxonomy":"product_brand","embeddable":true,"href":"https:\/\/gpl-love.com\/fr\/wp-json\/wp\/v2\/product_brand?post=119787"},{"taxonomy":"product_cat","embeddable":true,"href":"https:\/\/gpl-love.com\/fr\/wp-json\/wp\/v2\/product_cat?post=119787"},{"taxonomy":"product_tag","embeddable":true,"href":"https:\/\/gpl-love.com\/fr\/wp-json\/wp\/v2\/product_tag?post=119787"}],"curies":[{"name":"wp","href":"https:\/\/api.w.org\/{rel}","templated":true}]}}