{"id":119785,"date":"2025-03-27T00:00:00","date_gmt":"2025-03-26T23:00:00","guid":{"rendered":"https:\/\/gpl-love.com\/fr\/produit\/newsletter-locked-content\/"},"modified":"2026-04-10T18:33:46","modified_gmt":"2026-04-10T16:33:46","slug":"newsletter-locked-content","status":"publish","type":"product","link":"https:\/\/gpl-love.com\/fr\/produit\/newsletter-locked-content\/","title":{"rendered":"Newsletter Locked Content 1.2.1"},"content":{"rendered":"<h3>Newsletter Locked Content Traits<\/h3>\n<p>La fonctionnalit\u00e9 du contenu verrouill\u00e9 des newsletter s&rsquo;av\u00e8re \u00eatre un outil tr\u00e8s puissant pour les entreprises et les organisations visant \u00e0 amplifier l&rsquo;engagement et \u00e0 optimiser la valeur de leurs campagnes de marketing par e-mail. Cet attribut particulier vous permet de fabriquer un contenu exquis qui reste exclusivement accessible aux abonn\u00e9s qui se consacrent volontiers pour recevoir votre newsletter. En \u00e9tendant une incitation pr\u00e9cieuse, vous avez la possibilit\u00e9 de favoriser la confiance et la d\u00e9votion parmi votre public tout en les motivant simultan\u00e9ment \u00e0 rester abonn\u00e9s et \u00e0 diffuser facilement votre contenu sur leurs r\u00e9seaux personnels. Gr\u00e2ce \u00e0 l&rsquo;utilisation du contenu verrouill\u00e9 des newsletter, vous avez la capacit\u00e9 de g\u00e9n\u00e9rer un plus grand nombre de prospects, d&rsquo;augmenter les conversions et, finalement, de propulser l&rsquo;expansion de votre entreprise en \u00e9quipant vos abonn\u00e9s de ressources inestimables indispensables \u00e0 leur prosp\u00e9rit\u00e9.<\/p>\n<ul>\n<li>Contenu exclusif pour les abonn\u00e9s uniquement<\/li>\n<li>Encourage une augmentation de l&rsquo;engagement et de la loyaut\u00e9 des abonn\u00e9s<\/li>\n<li>Aide \u00e0 construire un sentiment de communaut\u00e9 parmi les abonn\u00e9s<\/li>\n<li>Fournit une valeur ajout\u00e9e aux abonnements \u00e0 la newsletter<\/li>\n<li>Peut inclure une vari\u00e9t\u00e9 de contenus tels que des articles, des vid\u00e9os et des t\u00e9l\u00e9chargements<\/li>\n<li>Facile \u00e0 mettre en \u0153uvre et \u00e0 g\u00e9rer dans les syst\u00e8mes de newsletter existants<\/li>\n<li>Peut \u00eatre utilis\u00e9 pour promouvoir des offres ou des \u00e9v\u00e9nements sp\u00e9ciaux aux abonn\u00e9s<\/li>\n<li>Aide \u00e0 \u00e9tablir la newsletter en tant que source de confiance d&rsquo;informations et de ressources.<\/li>\n<\/ul>\n","protected":false},"excerpt":{"rendered":"<p>Acc\u00e9dez \u00e0 une pl\u00e9thore de contenu exclusif et tr\u00e8s recherch\u00e9 nich\u00e9 dans une newsletter m\u00e9ticuleusement organis\u00e9e, m\u00e9ticuleusement assembl\u00e9e pour \u00eatre accessible uniquement par ceux qui poss\u00e8dent la cl\u00e9 insaisissable d&rsquo;un mot de passe ou d&rsquo;un abonnement. Immergez-vous dans un monde de connaissances et restez inform\u00e9 des derniers d\u00e9veloppements r\u00e9volutionnaires et des id\u00e9es profondes concernant vos sujets les plus chers, tous m\u00e9ticuleusement sauvegard\u00e9s par notre fonctionnalit\u00e9 de newsletter verrouill\u00e9e. \u00c9vitez de n\u00e9gliger ou de n\u00e9gliger des informations vitales et potentiellement qui changent la vie et de prendre la mesure affirmative de vous inscrire aujourd&rsquo;hui, de renoncer \u00e0 toute chance de regret.<\/p>\n","protected":false},"featured_media":144734,"comment_status":"open","ping_status":"open","template":"","meta":[],"product_brand":[2602],"product_cat":[1189,1181,1186],"product_tag":[2261],"class_list":{"0":"post-119785","1":"product","2":"type-product","3":"status-publish","4":"has-post-thumbnail","6":"product_brand-newsletter","7":"product_cat-personnalisation","8":"product_cat-plugins","9":"product_cat-wordpress-plugins","10":"product_tag-newsletter","11":"member-discount","12":"discount-restricted","14":"first","15":"instock","16":"sale","17":"downloadable","18":"virtual","19":"sold-individually","20":"purchasable","21":"product-type-simple"},"_links":{"self":[{"href":"https:\/\/gpl-love.com\/fr\/wp-json\/wp\/v2\/product\/119785","targetHints":{"allow":["GET"]}}],"collection":[{"href":"https:\/\/gpl-love.com\/fr\/wp-json\/wp\/v2\/product"}],"about":[{"href":"https:\/\/gpl-love.com\/fr\/wp-json\/wp\/v2\/types\/product"}],"replies":[{"embeddable":true,"href":"https:\/\/gpl-love.com\/fr\/wp-json\/wp\/v2\/comments?post=119785"}],"wp:featuredmedia":[{"embeddable":true,"href":"https:\/\/gpl-love.com\/fr\/wp-json\/wp\/v2\/media\/144734"}],"wp:attachment":[{"href":"https:\/\/gpl-love.com\/fr\/wp-json\/wp\/v2\/media?parent=119785"}],"wp:term":[{"taxonomy":"product_brand","embeddable":true,"href":"https:\/\/gpl-love.com\/fr\/wp-json\/wp\/v2\/product_brand?post=119785"},{"taxonomy":"product_cat","embeddable":true,"href":"https:\/\/gpl-love.com\/fr\/wp-json\/wp\/v2\/product_cat?post=119785"},{"taxonomy":"product_tag","embeddable":true,"href":"https:\/\/gpl-love.com\/fr\/wp-json\/wp\/v2\/product_tag?post=119785"}],"curies":[{"name":"wp","href":"https:\/\/api.w.org\/{rel}","templated":true}]}}