{"id":119783,"date":"2023-03-25T00:00:00","date_gmt":"2023-03-24T23:00:00","guid":{"rendered":"https:\/\/gpl-love.com\/fr\/produit\/advanced-amp-ads\/"},"modified":"2026-03-20T22:53:30","modified_gmt":"2026-03-20T21:53:30","slug":"advanced-amp-ads","status":"publish","type":"product","link":"https:\/\/gpl-love.com\/fr\/produit\/advanced-amp-ads\/","title":{"rendered":"Advanced AMP ADS 1.19.35"},"content":{"rendered":"<h3>Advanced AMP ADS Traits<\/h3>\n<p>Advanced AMP Ads est un outil robuste et puissant qui permet aux entreprises de g\u00e9n\u00e9rer et de distribuer des publicit\u00e9s tr\u00e8s efficaces sur une pl\u00e9thore d&rsquo;appareils mobiles. Tirant parti de la technologie de pointe, il optimise l&rsquo;exp\u00e9rience publicitaire en r\u00e9duisant consid\u00e9rablement les temps de chargement et en augmentant les niveaux d&rsquo;engagement. Gr\u00e2ce \u00e0 l&rsquo;utilisation d&rsquo;annonces AMP avanc\u00e9es, les entreprises peuvent atteindre efficacement leur public cible cible et propulser les taux de conversion en hauteurs sans pr\u00e9c\u00e9dent. De plus, cette plate-forme poss\u00e8de la convivialit\u00e9 des utilisateurs et un large \u00e9ventail d&rsquo;options de personnalisation, permettant ainsi aux entreprises d&rsquo;adapter leurs publicit\u00e9s pour r\u00e9pondre impeccablement \u00e0 leurs exigences sp\u00e9cifiques. Que vous aspirez \u00e0 lancer un nouveau produit, \u00e0 la promotion d&rsquo;une vente attrayante ou \u00e0 am\u00e9liorer la reconnaissance de la marque, les annonces AMP avanc\u00e9es servent de solution ultime pour \u00e9lever vos efforts publicitaires mobiles \u00e0 des hauteurs in\u00e9gal\u00e9es.<\/p>\n<ul>\n<li>Offre des performances audio de haute qualit\u00e9 pour une exp\u00e9rience d&rsquo;\u00e9coute optimale<\/li>\n<li>Offre un contr\u00f4le de gain r\u00e9glable pour correspondre aux niveaux d&rsquo;entr\u00e9e de diverses sources<\/li>\n<li>\u00c9quip\u00e9 d&rsquo;une architecture interne sophistiqu\u00e9e pour une qualit\u00e9 sonore sup\u00e9rieure<\/li>\n<li>Permet diverses options de sortie, y compris les sorties \u00e9quilibr\u00e9es et d\u00e9s\u00e9quilibr\u00e9es<\/li>\n<li>Prend en charge plusieurs sources d&rsquo;entr\u00e9e, notamment XLR, RCA et Minijack et -5 mm<\/li>\n<li>Conception compacte et robuste pour un transport et une durabilit\u00e9 faciles<\/li>\n<li>Offre un son coh\u00e9rent et pr\u00e9cis dans diff\u00e9rents genres de musique et de contenu audio<\/li>\n<li>Interface conviviale et intuitive pour un fonctionnement et une configuration faciles<\/li>\n<li>Livr\u00e9 avec une documentation compl\u00e8te et un support client pour la tranquillit\u00e9 d&rsquo;esprit.<\/li>\n<\/ul>\n","protected":false},"excerpt":{"rendered":"<p>L&rsquo;AMP ADS avanc\u00e9e est une innovation r\u00e9volutionnaire dans l&rsquo;am\u00e9lioration de l&rsquo;audio, utilisant une technologie audio de pointe pour am\u00e9liorer consid\u00e9rablement la sortie de votre syst\u00e8me audio. Ce produit de pointe offre une qualit\u00e9 sonore vierge gr\u00e2ce \u00e0 un signal audio sans distorsion, atteignant une performance audio in\u00e9gal\u00e9e.<\/p>\n<p>D\u00e9bordant de fonctionnalit\u00e9s audio sophistiqu\u00e9es, les publicit\u00e9s AMP avanc\u00e9es ne sont pas seulement une sortie de haute qualit\u00e9; Il propose \u00e9galement des commandes audio conviviales, vous permettant de r\u00e9gler la qualit\u00e9 sonore avec pr\u00e9cision et facilit\u00e9. Cela garantit une exp\u00e9rience d&rsquo;\u00e9coute immacul\u00e9e qui incarne la perfection elle-m\u00eame.<\/p>\n<p>L&rsquo;un des attributs remarquables de cet appareil audio professionnel est la compatibilit\u00e9 avanc\u00e9e des annonces AMP, ce qui le rend adapt\u00e9 aux syst\u00e8mes audio domestiques et aux configurations professionnelles. Il r\u00e9pond \u00e0 divers besoins audio, ce qui en fait un favori parmi les professionnels et les utilisateurs \u00e0 domicile.<\/p>\n<p>Avec les annonces AMP avanc\u00e9es, vous pouvez vous plonger dans les d\u00e9tails de la musique complexe comme jamais auparavant. Sa clart\u00e9 sonore impressionnante et sa qualit\u00e9 audio fascinante vous permettent d&rsquo;appr\u00e9cier toutes les nuances de votre musique ch\u00e9ris d&rsquo;une mani\u00e8re vraiment captivante. Ce produit remarquable<\/p>\n","protected":false},"featured_media":143055,"comment_status":"open","ping_status":"open","template":"","meta":[],"product_brand":[2447],"product_cat":[1189,1181,1186],"product_tag":[2279],"class_list":{"0":"post-119783","1":"product","2":"type-product","3":"status-publish","4":"has-post-thumbnail","6":"product_brand-amp-wp","7":"product_cat-personnalisation","8":"product_cat-plugins","9":"product_cat-wordpress-plugins","10":"product_tag-amp-wp","11":"member-discount","12":"discount-restricted","14":"first","15":"instock","16":"sale","17":"downloadable","18":"virtual","19":"sold-individually","20":"purchasable","21":"product-type-simple"},"_links":{"self":[{"href":"https:\/\/gpl-love.com\/fr\/wp-json\/wp\/v2\/product\/119783","targetHints":{"allow":["GET"]}}],"collection":[{"href":"https:\/\/gpl-love.com\/fr\/wp-json\/wp\/v2\/product"}],"about":[{"href":"https:\/\/gpl-love.com\/fr\/wp-json\/wp\/v2\/types\/product"}],"replies":[{"embeddable":true,"href":"https:\/\/gpl-love.com\/fr\/wp-json\/wp\/v2\/comments?post=119783"}],"wp:featuredmedia":[{"embeddable":true,"href":"https:\/\/gpl-love.com\/fr\/wp-json\/wp\/v2\/media\/143055"}],"wp:attachment":[{"href":"https:\/\/gpl-love.com\/fr\/wp-json\/wp\/v2\/media?parent=119783"}],"wp:term":[{"taxonomy":"product_brand","embeddable":true,"href":"https:\/\/gpl-love.com\/fr\/wp-json\/wp\/v2\/product_brand?post=119783"},{"taxonomy":"product_cat","embeddable":true,"href":"https:\/\/gpl-love.com\/fr\/wp-json\/wp\/v2\/product_cat?post=119783"},{"taxonomy":"product_tag","embeddable":true,"href":"https:\/\/gpl-love.com\/fr\/wp-json\/wp\/v2\/product_tag?post=119783"}],"curies":[{"name":"wp","href":"https:\/\/api.w.org\/{rel}","templated":true}]}}