{"id":119781,"date":"2025-04-17T00:00:00","date_gmt":"2025-04-16T22:00:00","guid":{"rendered":"https:\/\/gpl-love.com\/fr\/produit\/learndash-course-grid\/"},"modified":"2026-03-20T23:21:53","modified_gmt":"2026-03-20T22:21:53","slug":"learndash-course-grid","status":"publish","type":"product","link":"https:\/\/gpl-love.com\/fr\/produit\/learndash-course-grid\/","title":{"rendered":"LearnDash LMS Course Grid 2.0.11"},"content":{"rendered":"<h3>LearnDash LMS Course Grid Traits<\/h3>\n<p>La grille de cours Learndash LMS offre une solution tr\u00e8s efficace et efficiente pour pr\u00e9senter efficacement vos cours sur votre plate-forme LMS. Avec ce plugin, vous avez la possibilit\u00e9 de cr\u00e9er sans effort une grille de cours enti\u00e8rement personnalisable, ce qui permet \u00e0 vos utilisateurs de localiser rapidement le cours sp\u00e9cifique qu&rsquo;ils recherchent. Notamment, la grille peut \u00eatre commod\u00e9ment organis\u00e9e de plusieurs fa\u00e7ons, allant de la cat\u00e9gorisation au marquage, et m\u00eame au suivi des progr\u00e8s des utilisateurs. En outre, ce plugin poss\u00e8de une impressionnante gamme de mod\u00e8les pr\u00e9-con\u00e7us pour s\u00e9lectionner, vous permettant de fabriquer sans effort un catalogue de cours visuellement \u00e9tonnant et professionnel. Sans aucun doute, la grille de cours Learndash LMS repr\u00e9sente non seulement un ajout pr\u00e9cieux \u00e0 toute plate-forme LMS, mais sert \u00e9galement d&rsquo;outil inestimable pour augmenter l&rsquo;exp\u00e9rience utilisateur globale de vos apprenants estim\u00e9s.<\/p>\n<ul>\n<li>Fournit une disposition de grille de cours visuellement attrayante pour vos cours Learndash<\/li>\n<li>Options de conception personnalisables pour correspondre \u00e0 la marque de votre site Web<\/li>\n<li>Permet une navigation et un filtrage faciles \u00e0 cours pour les utilisateurs<\/li>\n<li>Peut afficher les descriptions de cours, les instructeurs et les informations sur les prix<\/li>\n<li>Compatible avec les fonctions de progr\u00e8s et de suivi des cours de Learndash<\/li>\n<li>Conception r\u00e9active pour une visualisation optimale sur le bureau et les appareils mobiles<\/li>\n<li>Installation et int\u00e9gration faciles avec la plateforme Learndash LMS<\/li>\n<li>Fournit une interface conviviale pour les administrateurs et les utilisateurs<\/li>\n<li>Aide \u00e0 accro\u00eetre l&rsquo;engagement des utilisateurs et les taux de r\u00e9tention avec sa conception intuitive<\/li>\n<li>Gagasse du temps et des efforts sur l&rsquo;organisation des cours et la navigation pour les administrateurs.<\/li>\n<\/ul>\n","protected":false},"excerpt":{"rendered":"<p>La grille de cours Learndash LMS, une ressource incroyablement robuste, vous offre la possibilit\u00e9 de pr\u00e9senter vos cours dans une disposition de grille visuellement captivante. En utilisant ce plugin extraordinaire, vous avez la capacit\u00e9 d&rsquo;exposer sans effort vos cours, avec des images captivantes, des descriptions compl\u00e8tes et des d\u00e9tails complexes de cours. De plus, la conception r\u00e9active garantit que votre grille de cours conservera son apparence attrayante sur n&rsquo;importe quel appareil, simplifiant par la suite le processus de navigation et d&rsquo;inscription \u00e0 vos \u00e9tudiants. Si vous \u00eates \u00e0 la recherche d&rsquo;une approche polie et contemporaine pour pr\u00e9senter votre catalogue de cours, ne cherchez pas plus loin que la grille de cours Learndash LMS, car elle repr\u00e9sente sans \u00e9quivoque la solution id\u00e9ale.<\/p>\n","protected":false},"featured_media":144337,"comment_status":"open","ping_status":"open","template":"","meta":[],"product_brand":[2579],"product_cat":[1189,1181,1186],"product_tag":[1295],"class_list":{"0":"post-119781","1":"product","2":"type-product","3":"status-publish","4":"has-post-thumbnail","6":"product_brand-learndash","7":"product_cat-personnalisation","8":"product_cat-plugins","9":"product_cat-wordpress-plugins","10":"product_tag-learndash","11":"member-discount","12":"discount-restricted","14":"first","15":"instock","16":"sale","17":"downloadable","18":"virtual","19":"sold-individually","20":"purchasable","21":"product-type-simple"},"_links":{"self":[{"href":"https:\/\/gpl-love.com\/fr\/wp-json\/wp\/v2\/product\/119781","targetHints":{"allow":["GET"]}}],"collection":[{"href":"https:\/\/gpl-love.com\/fr\/wp-json\/wp\/v2\/product"}],"about":[{"href":"https:\/\/gpl-love.com\/fr\/wp-json\/wp\/v2\/types\/product"}],"replies":[{"embeddable":true,"href":"https:\/\/gpl-love.com\/fr\/wp-json\/wp\/v2\/comments?post=119781"}],"wp:featuredmedia":[{"embeddable":true,"href":"https:\/\/gpl-love.com\/fr\/wp-json\/wp\/v2\/media\/144337"}],"wp:attachment":[{"href":"https:\/\/gpl-love.com\/fr\/wp-json\/wp\/v2\/media?parent=119781"}],"wp:term":[{"taxonomy":"product_brand","embeddable":true,"href":"https:\/\/gpl-love.com\/fr\/wp-json\/wp\/v2\/product_brand?post=119781"},{"taxonomy":"product_cat","embeddable":true,"href":"https:\/\/gpl-love.com\/fr\/wp-json\/wp\/v2\/product_cat?post=119781"},{"taxonomy":"product_tag","embeddable":true,"href":"https:\/\/gpl-love.com\/fr\/wp-json\/wp\/v2\/product_tag?post=119781"}],"curies":[{"name":"wp","href":"https:\/\/api.w.org\/{rel}","templated":true}]}}