{"id":119779,"date":"2023-07-21T00:00:00","date_gmt":"2023-07-20T22:00:00","guid":{"rendered":"https:\/\/gpl-love.com\/fr\/produit\/baza-creative-multipurpose-wordpress-theme\/"},"modified":"2026-03-20T22:55:56","modified_gmt":"2026-03-20T21:55:56","slug":"baza-creative-multipurpose-wordpress-theme","status":"publish","type":"product","link":"https:\/\/gpl-love.com\/fr\/produit\/baza-creative-multipurpose-wordpress-theme\/","title":{"rendered":"Baza Creative MultiPurpose WordPress Theme 1.26"},"content":{"rendered":"<h3>Baza Creative MultiPurpose WordPress Theme Traits<\/h3>\n<p>Le th\u00e8me WordPress polyvalent Baza Creative, un th\u00e8me extr\u00eamement polyvalent et puissant, poss\u00e8de la capacit\u00e9 remarquable de r\u00e9pondre \u00e0 une pl\u00e9thore de types de sites Web. B\u00e9n\u00e9ficiant d&rsquo;un design contemporain et \u00e9pur\u00e9, il se r\u00e9v\u00e8le \u00eatre le choix par excellence pour les entreprises, les agences, les pigistes et les professionnels ing\u00e9nieux aspirant \u00e0 exposer leur travail et leurs services. Embrassant la r\u00e9activit\u00e9 compl\u00e8te, ce th\u00e8me d\u00e9gage l&rsquo;excellence sur tous les appareils, et il englobe un \u00e9ventail d&rsquo;options de personnalisation, englobant des couleurs et des polices sans limites, des dispositions de page d&rsquo;accueil du collecteur et un assortiment de mod\u00e8les de pages. De plus, Baza affiche un constructeur de page impressionnant qui vous permet de fabriquer des pages et des dispositions personnalis\u00e9es sans tout sens du codage. Notamment, ce th\u00e8me incarne la simplicit\u00e9 en termes d&rsquo;installation et d&rsquo;utilisation, tout en optimisant simultan\u00e9ment la vitesse et le r\u00e9f\u00e9rencement, garantissant un chargement de page Web rapide et un classement de moteur de recherche louable. Arm\u00e9 d&rsquo;un ensemble robuste de fonctionnalit\u00e9s et d&rsquo;une flexibilit\u00e9 in\u00e9gal\u00e9e, le th\u00e8me WordPress polyvalent Baza Creative sert ind\u00e9niablement un choix impeccable pour les individus aspirant \u00e0 fa\u00e7onner une pr\u00e9sence en ligne sophistiqu\u00e9e et captivante.<\/p>\n<ul>\n<li>Th\u00e8me WordPress enti\u00e8rement personnalisable et polyvalent adapt\u00e9 \u00e0 un large \u00e9ventail d&rsquo;industries et d&rsquo;applications<\/li>\n<li>Livr\u00e9 avec divers mod\u00e8les de d\u00e9monstration pr\u00e9d\u00e9finis pour une configuration rapide et facile<\/li>\n<li>Comprend un puissant constructeur de pages glisser-d\u00e9poser pour la cr\u00e9ation et la personnalisation de contenu sans effort<\/li>\n<li>Prend en charge plusieurs formats de publication, notamment audio, vid\u00e9o, galerie et citation<\/li>\n<li>Mega menu et options de navigation int\u00e9gr\u00e9es pour une meilleure exp\u00e9rience utilisateur et une navigation sur le site Web<\/li>\n<li>Conception enti\u00e8rement r\u00e9active qui s&rsquo;adapte \u00e0 toutes les tailles et appareils d&rsquo;\u00e9cran, assurant une exp\u00e9rience de visualisation optimale pour votre public<\/li>\n<li>Comprend des plugins premium tels que Slider Revolution, Visual Composer et Contact Form 7, ajoutant des fonctionnalit\u00e9s et fonctions polyvalentes \u00e0 votre site Web<\/li>\n<li>Compatible avec les plugins WordPress populaires tels que WooCommerce, Yoast SEO et WPML, offrant encore plus d&rsquo;options et de fonctionnalit\u00e9s de personnalisation<\/li>\n<li>Support \u00e0 vie et mises \u00e0 jour r\u00e9guli\u00e8res pour assurer des performances optimales et une exp\u00e9rience utilisateur.<\/li>\n<\/ul>\n","protected":false},"excerpt":{"rendered":"<p>D\u00e9couvrez la polyvalence du th\u00e8me WordPress polyvalent Baza Creative &#8211; un m\u00e9lange parfait de conception et de fonctionnalit\u00e9. Que vous soyez un artiste ind\u00e9pendant, dirigez une agence num\u00e9rique ou g\u00e9rez une entreprise d&rsquo;entreprise, ce th\u00e8me est con\u00e7u pour r\u00e9pondre \u00e0 tous vos besoins. Baza propose une mise en page propre, une conception r\u00e9active et une interface conviviale, ce qui en fait un choix id\u00e9al pour tout site Web.<\/p>\n<p>Construit sur la derni\u00e8re technologie WordPress, Baza est livr\u00e9 avec un puissant panneau d&rsquo;administration qui fournit un contr\u00f4le total sur l&rsquo;apparence et les fonctions de votre site Web. Le th\u00e8me est optimis\u00e9 en SEO, garantissant que votre site gagne une meilleure visibilit\u00e9 sur les moteurs de recherche. Il dispose \u00e9galement d&rsquo;une importation de d\u00e9monstration en un clic pour une configuration facile et est compatible avec des plugins populaires tels que WooCommerce et Elementor.<\/p>\n<p>Le th\u00e8me de Baza int\u00e8gre une vari\u00e9t\u00e9 de pages pr\u00e9-con\u00e7ues, de dispositions personnalisables et d&rsquo;options de couleurs illimit\u00e9es pour refl\u00e9ter l&rsquo;identit\u00e9 de votre marque. Il prend \u00e9galement en charge le contenu multim\u00e9dia comme les vid\u00e9os et les images, am\u00e9liorant votre capacit\u00e9 \u00e0 engager les utilisateurs.<\/p>\n<p>Avec le th\u00e8me WordPress polyvalent Baza Creative, vous obtenez un support premium et des mises \u00e0 jour r\u00e9guli\u00e8res<\/p>\n","protected":false},"featured_media":143219,"comment_status":"open","ping_status":"open","template":"","meta":[],"product_brand":[2433],"product_cat":[1214,1212,1213],"product_tag":[1366],"class_list":{"0":"post-119779","1":"product","2":"type-product","3":"status-publish","4":"has-post-thumbnail","6":"product_brand-themeforest","7":"product_cat-polyvalent","8":"product_cat-themes","9":"product_cat-wordpress-themes","10":"product_tag-themeforest","11":"member-discount","12":"discount-restricted","14":"first","15":"instock","16":"sale","17":"downloadable","18":"virtual","19":"sold-individually","20":"purchasable","21":"product-type-simple"},"_links":{"self":[{"href":"https:\/\/gpl-love.com\/fr\/wp-json\/wp\/v2\/product\/119779","targetHints":{"allow":["GET"]}}],"collection":[{"href":"https:\/\/gpl-love.com\/fr\/wp-json\/wp\/v2\/product"}],"about":[{"href":"https:\/\/gpl-love.com\/fr\/wp-json\/wp\/v2\/types\/product"}],"replies":[{"embeddable":true,"href":"https:\/\/gpl-love.com\/fr\/wp-json\/wp\/v2\/comments?post=119779"}],"wp:featuredmedia":[{"embeddable":true,"href":"https:\/\/gpl-love.com\/fr\/wp-json\/wp\/v2\/media\/143219"}],"wp:attachment":[{"href":"https:\/\/gpl-love.com\/fr\/wp-json\/wp\/v2\/media?parent=119779"}],"wp:term":[{"taxonomy":"product_brand","embeddable":true,"href":"https:\/\/gpl-love.com\/fr\/wp-json\/wp\/v2\/product_brand?post=119779"},{"taxonomy":"product_cat","embeddable":true,"href":"https:\/\/gpl-love.com\/fr\/wp-json\/wp\/v2\/product_cat?post=119779"},{"taxonomy":"product_tag","embeddable":true,"href":"https:\/\/gpl-love.com\/fr\/wp-json\/wp\/v2\/product_tag?post=119779"}],"curies":[{"name":"wp","href":"https:\/\/api.w.org\/{rel}","templated":true}]}}