{"id":119777,"date":"2025-06-12T00:00:00","date_gmt":"2025-06-11T22:00:00","guid":{"rendered":"https:\/\/gpl-love.com\/fr\/produit\/kadence-conversions-popups\/"},"modified":"2026-03-20T23:21:21","modified_gmt":"2026-03-20T22:21:21","slug":"kadence-conversions-popups","status":"publish","type":"product","link":"https:\/\/gpl-love.com\/fr\/produit\/kadence-conversions-popups\/","title":{"rendered":"Kadence Conversions Popups 1.1.4"},"content":{"rendered":"<h3>Kadence Conversions Popups Traits<\/h3>\n<p>Kadence Conversions Popups poss\u00e8de un formidable ensemble de fonctionnalit\u00e9s qui permet aux propri\u00e9taires de sites Web en augmentant leurs taux de conversion en fabriquant des popups captivants et cibl\u00e9s avec pr\u00e9cision. Ce plugin facilite les utilisateurs dans la fabrication sans effort des fen\u00eatres personnalis\u00e9es qui peuvent \u00eatre invit\u00e9es sans effort en fonction des actions ou des comportements des utilisateurs distincts, y compris l&rsquo;intention de sortie, le d\u00e9lai, la profondeur de d\u00e9filement, etc. Ces popups peuvent englober un \u00e9ventail diversifi\u00e9 de contenu, englobant, mais sans s&rsquo;y limiter, des offres sp\u00e9ciales, des formulaires d&rsquo;abonnement, des enqu\u00eates et au-del\u00e0. Les popups de conversions de Kadence augmentent encore son utilit\u00e9 en dominant les utilisateurs d&rsquo;options de ciblage avanc\u00e9es, permettant l&rsquo;affichage exclusif de fen\u00eatres contextuelles \u00e0 un public sp\u00e9cifique, tels que des visiteurs nouveaux ou de retour, et m\u00eame des personnes qui se sont autrefois engag\u00e9es avec une page ou un produit sp\u00e9cifique. Avec son interface hautement intuitive et sa suite robuste de fonctionnalit\u00e9s, l&rsquo;indispensabilit\u00e9 des popups de conversions de Kadence devient \u00e9vidente pour toute personne cherchant \u00e0 augmenter les taux de conversion de leur site Web.<\/p>\n<ul>\n<li>Des popups de haute qualit\u00e9 qui aident les entreprises \u00e0 augmenter les conversions et les ventes<\/li>\n<li>Mod\u00e8les contextuels enti\u00e8rement personnalisables qui peuvent \u00eatre adapt\u00e9s \u00e0 la marque et \u00e0 la messagerie d&rsquo;une entreprise<\/li>\n<li>Une vari\u00e9t\u00e9 de d\u00e9clencheurs contextuels, y compris un d\u00e9lai intentionnel, un retard chronom\u00e9tr\u00e9, un d\u00e9filement et plus<\/li>\n<li>Des options de ciblage avanc\u00e9es, telles que le ciblage au niveau de la page et le ciblage sp\u00e9cifique \u00e0 l&rsquo;appareil, pour s&rsquo;assurer que les fen\u00eatres contextuelles sont affich\u00e9es au bon public au bon moment<\/li>\n<li>Capacit\u00e9s de test A \/ B pour optimiser les performances de la fen\u00eatre contextuelle et maximiser les r\u00e9sultats<\/li>\n<li>Suivre et analyser facilement les performances popup avec des fonctions d&rsquo;analyse et de rapport int\u00e9gr\u00e9es<\/li>\n<li>S&rsquo;int\u00e8gre \u00e0 des outils de marketing populaires comme MailChimp, HubSpot, et plus encore pour la g\u00e9n\u00e9ration de leads sans couture et le d\u00e9veloppement des clients<\/li>\n<li>La conception r\u00e9active garantit que les popups sont superbes sur n&rsquo;importe quel appareil, du bureau au mobile<\/li>\n<li>L&rsquo;\u00e9diteur de glisser-d\u00e9poser facile \u00e0 utiliser permet aux entreprises de cr\u00e9er et de d\u00e9ployer des popups rapidement et efficacement<\/li>\n<li>Support client et ressources de pointe pour aider les entreprises \u00e0 tirer le meilleur parti de leurs popups et \u00e0 augmenter les conversions.<\/li>\n<\/ul>\n","protected":false},"excerpt":{"rendered":"<p>Kadence Conversions Popups, un outil tr\u00e8s efficace m\u00e9ticuleusement con\u00e7u pour optimiser le potentiel de g\u00e9n\u00e9ration de leads et de conversion de votre site Web, poss\u00e8de des prouesses in\u00e9gal\u00e9es. Gr\u00e2ce \u00e0 son interface remarquablement intuitive et m\u00e9ticuleusement personnalisable, vous \u00eates autoris\u00e9 \u00e0 fabriquer sans effort des fen\u00eatres populaires visuellement captivantes, des diapositives et un \u00e9ventail d&rsquo;opt-ins con\u00e7us pour saisir l&rsquo;attention de vos visiteurs estim\u00e9s et les obliger \u00e0 prendre des mesures rapides. Avec un vaste arsenal de fonctionnalit\u00e9s polyvalentes, allant de la cr\u00e9ation de listes de diffusion \u00e0 la promotion d&rsquo;offres sp\u00e9ciales s\u00e9duisantes, Kadence Conversions Popups pr\u00e9sente un vaste spectre de possibilit\u00e9s de galvaniser et de revigorer les efforts marketing de votre site Web. Que vous vous identifiiez comme un sp\u00e9cialiste du marketing chevronn\u00e9, un blogueur prolifique ou un propri\u00e9taire d&rsquo;entreprise visionnaire, cet outil indispensable est sans \u00e9quivoque indispensable pour catapulter votre pr\u00e9sence en ligne \u00e0 des hauteurs sans pr\u00e9c\u00e9dent.<\/p>\n","protected":false},"featured_media":144302,"comment_status":"open","ping_status":"open","template":"","meta":[],"product_brand":[2460],"product_cat":[1189,1181,1186],"product_tag":[1845],"class_list":{"0":"post-119777","1":"product","2":"type-product","3":"status-publish","4":"has-post-thumbnail","6":"product_brand-kadence-wp","7":"product_cat-personnalisation","8":"product_cat-plugins","9":"product_cat-wordpress-plugins","10":"product_tag-kadence-wp","11":"member-discount","12":"discount-restricted","14":"first","15":"instock","16":"sale","17":"downloadable","18":"virtual","19":"sold-individually","20":"purchasable","21":"product-type-simple"},"_links":{"self":[{"href":"https:\/\/gpl-love.com\/fr\/wp-json\/wp\/v2\/product\/119777","targetHints":{"allow":["GET"]}}],"collection":[{"href":"https:\/\/gpl-love.com\/fr\/wp-json\/wp\/v2\/product"}],"about":[{"href":"https:\/\/gpl-love.com\/fr\/wp-json\/wp\/v2\/types\/product"}],"replies":[{"embeddable":true,"href":"https:\/\/gpl-love.com\/fr\/wp-json\/wp\/v2\/comments?post=119777"}],"wp:featuredmedia":[{"embeddable":true,"href":"https:\/\/gpl-love.com\/fr\/wp-json\/wp\/v2\/media\/144302"}],"wp:attachment":[{"href":"https:\/\/gpl-love.com\/fr\/wp-json\/wp\/v2\/media?parent=119777"}],"wp:term":[{"taxonomy":"product_brand","embeddable":true,"href":"https:\/\/gpl-love.com\/fr\/wp-json\/wp\/v2\/product_brand?post=119777"},{"taxonomy":"product_cat","embeddable":true,"href":"https:\/\/gpl-love.com\/fr\/wp-json\/wp\/v2\/product_cat?post=119777"},{"taxonomy":"product_tag","embeddable":true,"href":"https:\/\/gpl-love.com\/fr\/wp-json\/wp\/v2\/product_tag?post=119777"}],"curies":[{"name":"wp","href":"https:\/\/api.w.org\/{rel}","templated":true}]}}