{"id":119767,"date":"2024-02-13T00:00:00","date_gmt":"2024-02-12T23:00:00","guid":{"rendered":"https:\/\/gpl-love.com\/fr\/produit\/envira-gallery-zoom-addon\/"},"modified":"2026-03-20T23:04:29","modified_gmt":"2026-03-20T22:04:29","slug":"envira-gallery-zoom-addon","status":"publish","type":"product","link":"https:\/\/gpl-love.com\/fr\/produit\/envira-gallery-zoom-addon\/","title":{"rendered":"Envira Gallery Zoom Addon 1.4.1"},"content":{"rendered":"<h3>Envira Gallery Zoom Addon Traits<\/h3>\n<p>L&rsquo;addon Zoom Gallery Envira est un plugin incroyablement puissant qui a \u00e9t\u00e9 m\u00e9ticuleusement con\u00e7u pour \u00e9lever la fonctionnalit\u00e9 globale de votre site Web WordPress. Son objectif principal est d&rsquo;augmenter de mani\u00e8re transparente vos galeries d&rsquo;images en les inspirant de la capacit\u00e9 remarquable de zoom, permettant ainsi \u00e0 vos visiteurs estim\u00e9s de s&rsquo;immerger dans les nuances complexes et les subtilit\u00e9s exquises pr\u00e9sentes dans vos images de haute r\u00e9solution resplendissantes. De plus, ce plugin offre un niveau de personnalisation in\u00e9gal\u00e9, vous offrant l&rsquo;occasion sans pr\u00e9c\u00e9dent pour affiner divers aspects tels que le niveau de zoom, les dimensions de la fen\u00eatre de zoom et m\u00eame l&rsquo;int\u00e9gration de boutons de zoom personnalis\u00e9s. Sans aucun doute, l&rsquo;addon Zoom Gallery Envira Gallery est le choix par excellence pour les entreprises exigeantes et les cr\u00e9atifs visionnaires qui aspirent fervent \u00e0 montrer leur fabrication exceptionnelle et leurs prouesses artistiques de la mani\u00e8re la plus captivante, assurant une exp\u00e9rience utilisateur inoubliable et impressionnante pour tous ceux qui traversent la travers leurs domaines virtuels.<\/p>\n<ul>\n<li>Am\u00e9liore l&rsquo;exp\u00e9rience utilisateur en offrant la possibilit\u00e9 de zoomer et de sortir des images dans les galeries Envira<\/li>\n<li>Int\u00e9gration simple avec le plugin de la galerie Envira<\/li>\n<li>Compatible avec divers appareils et r\u00e9solutions d&rsquo;\u00e9cran<\/li>\n<li>Aspect de fen\u00eatre de zoom \u00e9l\u00e9gant et personnalisable<\/li>\n<li>Niveau de zoom r\u00e9glable pour une exp\u00e9rience de visualisation optimale<\/li>\n<li>Comprend la fonction PAN pour explorer les images haute r\u00e9solution<\/li>\n<li>Prend en charge les gestes tactiles et la roue de la souris pour le zoom<\/li>\n<li>Performances de zoom rapide et lisse<\/li>\n<li>Fournit des fl\u00e8ches de navigation pour une navigation facile \u00e0 travers des images<\/li>\n<\/ul>\n","protected":false},"excerpt":{"rendered":"<p>L&rsquo;Addon Zoom Gallery Envira Gallery est un outil incroyablement robuste et efficace qui offre aux utilisateurs la possibilit\u00e9 d&rsquo;am\u00e9liorer leurs galeries de photos en int\u00e9grant de mani\u00e8re transparente la fonctionnalit\u00e9 Zoom pour leurs images. Cet addon ing\u00e9nieux permet aux individus de zoomer sans effort sur leurs images, leur permettant d&rsquo;examiner et d&rsquo;appr\u00e9cier de pr\u00e8s m\u00eame les plus petits d\u00e9tails de leur art. Peu importe que vous vous classiez comme artiste, photographe ou blogueur qui pr\u00e9sente leurs produits, cet addon exceptionnel sert de solution ultime pour tous vos besoins. Il n&rsquo;est plus n\u00e9cessaire de retarder &#8211; saisir l&rsquo;opportunit\u00e9 d&rsquo;acheter l&rsquo;addon zoom de la galerie Envira aujourd&rsquo;hui et de voir comment il am\u00e8ne votre galerie d&rsquo;images \u00e0 de nouveaux sommets d&rsquo;excellence!<\/p>\n","protected":false},"featured_media":143778,"comment_status":"open","ping_status":"open","template":"","meta":[],"product_brand":[2538],"product_cat":[1189,1181,1186],"product_tag":[2281],"class_list":{"0":"post-119767","1":"product","2":"type-product","3":"status-publish","4":"has-post-thumbnail","6":"product_brand-envira-gallery","7":"product_cat-personnalisation","8":"product_cat-plugins","9":"product_cat-wordpress-plugins","10":"product_tag-envira-gallery","11":"member-discount","12":"discount-restricted","14":"first","15":"instock","16":"sale","17":"downloadable","18":"virtual","19":"sold-individually","20":"purchasable","21":"product-type-simple"},"_links":{"self":[{"href":"https:\/\/gpl-love.com\/fr\/wp-json\/wp\/v2\/product\/119767","targetHints":{"allow":["GET"]}}],"collection":[{"href":"https:\/\/gpl-love.com\/fr\/wp-json\/wp\/v2\/product"}],"about":[{"href":"https:\/\/gpl-love.com\/fr\/wp-json\/wp\/v2\/types\/product"}],"replies":[{"embeddable":true,"href":"https:\/\/gpl-love.com\/fr\/wp-json\/wp\/v2\/comments?post=119767"}],"wp:featuredmedia":[{"embeddable":true,"href":"https:\/\/gpl-love.com\/fr\/wp-json\/wp\/v2\/media\/143778"}],"wp:attachment":[{"href":"https:\/\/gpl-love.com\/fr\/wp-json\/wp\/v2\/media?parent=119767"}],"wp:term":[{"taxonomy":"product_brand","embeddable":true,"href":"https:\/\/gpl-love.com\/fr\/wp-json\/wp\/v2\/product_brand?post=119767"},{"taxonomy":"product_cat","embeddable":true,"href":"https:\/\/gpl-love.com\/fr\/wp-json\/wp\/v2\/product_cat?post=119767"},{"taxonomy":"product_tag","embeddable":true,"href":"https:\/\/gpl-love.com\/fr\/wp-json\/wp\/v2\/product_tag?post=119767"}],"curies":[{"name":"wp","href":"https:\/\/api.w.org\/{rel}","templated":true}]}}