{"id":119765,"date":"2024-02-13T00:00:00","date_gmt":"2024-02-12T23:00:00","guid":{"rendered":"https:\/\/gpl-love.com\/fr\/produit\/envira-gallery-zip-importer-addon\/"},"modified":"2026-03-20T23:04:29","modified_gmt":"2026-03-20T22:04:29","slug":"envira-gallery-zip-importer-addon","status":"publish","type":"product","link":"https:\/\/gpl-love.com\/fr\/produit\/envira-gallery-zip-importer-addon\/","title":{"rendered":"Envira Gallery ZIP Importer Addon 1.2.6"},"content":{"rendered":"<h3>Envira Gallery ZIP Importer Addon Traits<\/h3>\n<p>L&rsquo;addon de l&rsquo;importateur Zip Importation de l&rsquo;environnement s&rsquo;av\u00e8re \u00eatre un atout incroyablement pr\u00e9cieux pour les photographes et les designers, en particulier ceux qui ont besoin d&rsquo;importer efficacement et rapidement une quantit\u00e9 abondante d&rsquo;images dans leurs galeries WordPress. Cet addon extraordinaire accorde \u00e0 ses utilisateurs la possibilit\u00e9 de t\u00e9l\u00e9charger sans effort et facilement un dossier compress\u00e9 d\u00e9bordant d&rsquo;images, engendrant par la suite une toute nouvelle galerie abritant chaque image individuelle enferm\u00e9e dans ledit dossier. L&rsquo;addon d&rsquo;importateur Zip Importation de l&rsquo;environnement poss\u00e8de un tableau de fonctionnalit\u00e9s impressionnantes, y compris la g\u00e9n\u00e9ration automatique de miniatures, l&rsquo;option de personnaliser les mod\u00e8les de galerie en fonction de ses pr\u00e9f\u00e9rences et une fonction de glisser-d\u00e9poser par l&rsquo;utilisateur pour r\u00e9organiser sans effort l&rsquo;ordre des images. Avec ces capacit\u00e9s exceptionnelles, il devient clair que l&rsquo;addon de l&rsquo;importateur Zip Gallery Envira Gallery fait la t\u00e2che d&rsquo;organiser et de pr\u00e9senter des images sur votre site Web une brise absolue. Il va sans dire que cet addon est une n\u00e9cessit\u00e9 absolue pour quiconque se retrouve responsable de la gestion et de l&rsquo;exposition d&rsquo;un vaste catalogue d&rsquo;images sur leur site WordPress.<\/p>\n<ul>\n<li>Importent sans effort de grands lots d&rsquo;images dans la galerie Envira<\/li>\n<li>Prend en charge l&rsquo;importation d&rsquo;images au format de fichier zip<\/li>\n<li>Gagnez du temps avec des importations de lots rapides et faciles<\/li>\n<li>Cr\u00e9e automatiquement une galerie avec des images import\u00e9es<\/li>\n<li>Capacit\u00e9 \u00e0 personnaliser les titres et l\u00e9gendes de l&rsquo;image pendant l&rsquo;importation<\/li>\n<li>Prend en charge plusieurs fichiers zip pour l&rsquo;importation de grands projets<\/li>\n<li>Fonctionne de mani\u00e8re transparente avec l&rsquo;interface simple et conviviale d&rsquo;Envira Gallery<\/li>\n<li>Boostez votre flux de travail avec un processus d&rsquo;importation d&rsquo;images efficace et rationalis\u00e9<\/li>\n<li>Efficacit\u00e9 et organisation am\u00e9lior\u00e9es pour les photographes, les concepteurs de sites Web et les professionnels de la cr\u00e9ation<\/li>\n<li>Importations sans tracas sans aucune connaissance de codage requise<\/li>\n<\/ul>\n","protected":false},"excerpt":{"rendered":"<p>L&rsquo;addon d&rsquo;importateur Zip Importation de la galerie Envira, un outil incroyablement robuste, a pour objectif de rationaliser le processus typiquement complexe d&rsquo;importation de photos et de galeries dans le plugin WordPress de la galerie Envira largement renomm\u00e9e. En utilisant cet addon, les utilisateurs ont la commodit\u00e9 de t\u00e9l\u00e9charger sans effort un fichier zip qui englobe leur collection de photographies, aboutissant \u00e0 la conversion automatique desdites images en galeries visuellement \u00e9tonnantes et r\u00e9activement adaptables. Cela, \u00e0 son tour, optimise non seulement l&rsquo;efficacit\u00e9 et permet de gagner un temps et des efforts pr\u00e9cieux, mais garantit \u00e9galement la perp\u00e9tuation d&rsquo;une pr\u00e9sence Web professionnelle et raffin\u00e9e. Que l&rsquo;on s&rsquo;identifie comme un blogueur, un photographe ou un concepteur, il devient sans \u00e9quivoque \u00e9vident que l&rsquo;addon de l&rsquo;importateur zip de la galerie Envira est un atout indispensable pour garantir que les efforts artistiques de la mani\u00e8re artistique sont possibles de mani\u00e8re la plus exemplaire et superlative.<\/p>\n","protected":false},"featured_media":143777,"comment_status":"open","ping_status":"open","template":"","meta":[],"product_brand":[2538],"product_cat":[1189,1181,1186],"product_tag":[2281],"class_list":{"0":"post-119765","1":"product","2":"type-product","3":"status-publish","4":"has-post-thumbnail","6":"product_brand-envira-gallery","7":"product_cat-personnalisation","8":"product_cat-plugins","9":"product_cat-wordpress-plugins","10":"product_tag-envira-gallery","11":"member-discount","12":"discount-restricted","14":"first","15":"instock","16":"sale","17":"downloadable","18":"virtual","19":"sold-individually","20":"purchasable","21":"product-type-simple"},"_links":{"self":[{"href":"https:\/\/gpl-love.com\/fr\/wp-json\/wp\/v2\/product\/119765","targetHints":{"allow":["GET"]}}],"collection":[{"href":"https:\/\/gpl-love.com\/fr\/wp-json\/wp\/v2\/product"}],"about":[{"href":"https:\/\/gpl-love.com\/fr\/wp-json\/wp\/v2\/types\/product"}],"replies":[{"embeddable":true,"href":"https:\/\/gpl-love.com\/fr\/wp-json\/wp\/v2\/comments?post=119765"}],"wp:featuredmedia":[{"embeddable":true,"href":"https:\/\/gpl-love.com\/fr\/wp-json\/wp\/v2\/media\/143777"}],"wp:attachment":[{"href":"https:\/\/gpl-love.com\/fr\/wp-json\/wp\/v2\/media?parent=119765"}],"wp:term":[{"taxonomy":"product_brand","embeddable":true,"href":"https:\/\/gpl-love.com\/fr\/wp-json\/wp\/v2\/product_brand?post=119765"},{"taxonomy":"product_cat","embeddable":true,"href":"https:\/\/gpl-love.com\/fr\/wp-json\/wp\/v2\/product_cat?post=119765"},{"taxonomy":"product_tag","embeddable":true,"href":"https:\/\/gpl-love.com\/fr\/wp-json\/wp\/v2\/product_tag?post=119765"}],"curies":[{"name":"wp","href":"https:\/\/api.w.org\/{rel}","templated":true}]}}