{"id":119763,"date":"2025-12-23T00:00:00","date_gmt":"2025-12-22T23:00:00","guid":{"rendered":"https:\/\/gpl-love.com\/fr\/produit\/envira-gallery-wordpress-plugin\/"},"modified":"2026-03-20T23:04:28","modified_gmt":"2026-03-20T22:04:28","slug":"envira-gallery-wordpress-plugin","status":"publish","type":"product","link":"https:\/\/gpl-love.com\/fr\/produit\/envira-gallery-wordpress-plugin\/","title":{"rendered":"Envira Gallery WordPress Plugin 1.13.1"},"content":{"rendered":"<h3>Envira Gallery WordPress Plugin Traits<\/h3>\n<p>Envira Gallery, un plugin WordPress tr\u00e8s puissant, offre aux utilisateurs la possibilit\u00e9 de g\u00e9n\u00e9rer sans effort des galeries d&rsquo;images captivantes et r\u00e9actives visuellement. Son interface est con\u00e7ue pour \u00eatre conviviale, garantissant que les individus peuvent rapidement des galeries de mode qui s&rsquo;alignent parfaitement avec leur style et leurs exigences distinctifs. De plus, Envira Gallery pr\u00e9sente un \u00e9ventail d&rsquo;options de personnalisation, ce qui permet aux utilisateurs davantage d&rsquo;adapter leurs galeries \u00e0 leur go\u00fbt. Le plugin poss\u00e8de \u00e9galement un assortiment de fonctionnalit\u00e9s suppl\u00e9mentaires, y compris la commodit\u00e9 du t\u00e9l\u00e9chargement d&rsquo;images glisser-d\u00e9poser, l&rsquo;option d&rsquo;appliquer des filigranes et l&rsquo;int\u00e9gration transparente avec diverses plateformes de m\u00e9dias sociaux, ce qui simplifie le processus de pr\u00e9sentation de ses efforts cr\u00e9atifs. Notamment, Envira Gallery pr\u00e9sente des temps de chargement exceptionnels et a \u00e9t\u00e9 optimis\u00e9 pour l&rsquo;optimisation des moteurs de recherche (SEO), ce qui en fait une solution id\u00e9ale pour les photographes, les artistes et les entreprises d\u00e9sireuses de pr\u00e9senter leur contenu visuel d&rsquo;une mani\u00e8re extr\u00eamement professionnelle et captivante.<\/p>\n<ul>\n<li>Un plugin WordPress facile \u00e0 utiliser pour cr\u00e9er de superbes galeries photo et vid\u00e9o<\/li>\n<li>Offre une large gamme de mod\u00e8les et de styles de galerie personnalisables \u00e0 choisir<\/li>\n<li>Fournit un g\u00e9n\u00e9rateur de glisser-d\u00e9poser pour la cr\u00e9ation de galerie rapide<\/li>\n<li>Fonctionne l&rsquo;int\u00e9gration avec les plateformes de m\u00e9dias sociaux populaires, telles que Instagram et Facebook<\/li>\n<li>Vous permet d&rsquo;ajouter des filigranes \u00e0 vos images pour prot\u00e9ger votre propri\u00e9t\u00e9 intellectuelle<\/li>\n<li>Prend en charge plusieurs tailles d&rsquo;image et r\u00e9solutions pour des performances optimis\u00e9es<\/li>\n<li>Offre une prise en charge des galeries vid\u00e9o avec des options de lecture et de boucle automatique<\/li>\n<li>Fournit des param\u00e8tres de galerie avanc\u00e9s pour le r\u00e9glage fin de votre affichage de la galerie, tels que la pagination et les options de Lightbox<\/li>\n<li>Offre une conception r\u00e9active \u00e0 vos galeries pour vous assurer qu&rsquo;ils ont l&rsquo;air super sur n&rsquo;importe quel appareil<\/li>\n<li>Fournit des fonctionnalit\u00e9s d&rsquo;optimisation d&rsquo;image puissantes pour am\u00e9liorer les temps de chargement des pages et les performances.<\/li>\n<\/ul>\n","protected":false},"excerpt":{"rendered":"<p>Le plugin WordPress de la galerie Envira est un outil extraordinaire qui offre une solution exceptionnelle pour pr\u00e9senter votre diversit\u00e9 de collection de photos et de vid\u00e9os captivantes. Arm\u00e9 d&rsquo;un \u00e9ventail de mod\u00e8les de conception extr\u00eamement et d&rsquo;une pl\u00e9thore de fonctionnalit\u00e9s robustes, ce plugin ing\u00e9nieux facilite la cr\u00e9ation de galeries visuellement frappantes qui s&rsquo;adaptent sans effort \u00e0 n&rsquo;importe quel appareil, ce qui les rend enti\u00e8rement r\u00e9actifs et remarquablement adapt\u00e9s aux mobiles. En adoptant les capacit\u00e9s remarquables de la galerie Envira, vous pourrez g\u00e9n\u00e9rer et organiser rapidement et organiser votre vaste assortiment d&rsquo;images et de vid\u00e9os captivantes, en garantissant une exp\u00e9rience de navigation sans faille et conviviale pour vos pr\u00e9cieux visiteurs. De plus, ce plugin remarquable poss\u00e8de une vaste gamme d&rsquo;options de personnalisation, vous permettant d&rsquo;adapter m\u00e9ticuleusement votre galerie \u00e0 s&rsquo;aligner impeccablement avec le style et l&rsquo;identit\u00e9 distinctifs de votre marque. Cette polyvalence in\u00e9gal\u00e9e fait de la galerie Envira un ajout indispensable \u00e0 l&rsquo;arsenal num\u00e9rique des photographes, des blogueurs et des entrepreneurs, solidifiant son statut de n\u00e9cessit\u00e9 absolue pour tout site WordPress.<\/p>\n","protected":false},"featured_media":143776,"comment_status":"open","ping_status":"open","template":"","meta":[],"product_brand":[2538],"product_cat":[1189,1181,1186],"product_tag":[2281],"class_list":{"0":"post-119763","1":"product","2":"type-product","3":"status-publish","4":"has-post-thumbnail","6":"product_brand-envira-gallery","7":"product_cat-personnalisation","8":"product_cat-plugins","9":"product_cat-wordpress-plugins","10":"product_tag-envira-gallery","11":"member-discount","12":"discount-restricted","14":"first","15":"instock","16":"sale","17":"downloadable","18":"virtual","19":"sold-individually","20":"purchasable","21":"product-type-simple"},"_links":{"self":[{"href":"https:\/\/gpl-love.com\/fr\/wp-json\/wp\/v2\/product\/119763","targetHints":{"allow":["GET"]}}],"collection":[{"href":"https:\/\/gpl-love.com\/fr\/wp-json\/wp\/v2\/product"}],"about":[{"href":"https:\/\/gpl-love.com\/fr\/wp-json\/wp\/v2\/types\/product"}],"replies":[{"embeddable":true,"href":"https:\/\/gpl-love.com\/fr\/wp-json\/wp\/v2\/comments?post=119763"}],"wp:featuredmedia":[{"embeddable":true,"href":"https:\/\/gpl-love.com\/fr\/wp-json\/wp\/v2\/media\/143776"}],"wp:attachment":[{"href":"https:\/\/gpl-love.com\/fr\/wp-json\/wp\/v2\/media?parent=119763"}],"wp:term":[{"taxonomy":"product_brand","embeddable":true,"href":"https:\/\/gpl-love.com\/fr\/wp-json\/wp\/v2\/product_brand?post=119763"},{"taxonomy":"product_cat","embeddable":true,"href":"https:\/\/gpl-love.com\/fr\/wp-json\/wp\/v2\/product_cat?post=119763"},{"taxonomy":"product_tag","embeddable":true,"href":"https:\/\/gpl-love.com\/fr\/wp-json\/wp\/v2\/product_tag?post=119763"}],"curies":[{"name":"wp","href":"https:\/\/api.w.org\/{rel}","templated":true}]}}