{"id":119761,"date":"2024-04-03T00:00:00","date_gmt":"2024-04-02T22:00:00","guid":{"rendered":"https:\/\/gpl-love.com\/fr\/produit\/envira-gallery-woocommerce-addon\/"},"modified":"2026-03-20T23:04:27","modified_gmt":"2026-03-20T22:04:27","slug":"envira-gallery-woocommerce-addon","status":"publish","type":"product","link":"https:\/\/gpl-love.com\/fr\/produit\/envira-gallery-woocommerce-addon\/","title":{"rendered":"Envira Gallery WooCommerce Addon 1.5.10"},"content":{"rendered":"<h3>Envira Gallery WooCommerce Addon Traits<\/h3>\n<p>L&rsquo;Addon WooCommerce de la galerie Envira se pr\u00e9sente comme un instrument incroyablement puissant et influent pour les \u00e9tablissements virtuels cherchant \u00e0 montrer leur marchandise de mani\u00e8re visuellement spectaculaire. En int\u00e9grant sans effort avec WooCommerce, ce plugin accorde \u00e0 ses utilisateurs la possibilit\u00e9 d&rsquo;incorporer sans effort des galeries agr\u00e9ables esth\u00e9tique dans leurs pages de produits. Cet addon poss\u00e8de une vaste gamme de fonctionnalit\u00e9s, englobant le t\u00e9l\u00e9chargement transparent des images via des fonctionnalit\u00e9s de glisser-d\u00e9poser, la possibilit\u00e9 de personnaliser les dispositions de galerie en fonction des pr\u00e9f\u00e9rences individuelles et m\u00eame de prendre en charge l&rsquo;inclusion de fichiers vid\u00e9o et audio. Par cons\u00e9quent, cette int\u00e9gration remarquable permet aux propri\u00e9taires de magasins en ligne de fabriquer des galeries dynamiques et passionnantes qui sont tenues de captiver leur client\u00e8le et de favoriser une trajectoire \u00e0 la hausse dans leurs chiffres de vente.<\/p>\n<ul>\n<li>Int\u00e8gre de mani\u00e8re transparente Envira Gallery avec votre boutique WooCommerce<\/li>\n<li>Vous permet d&rsquo;afficher vos superbes galeries d&rsquo;images en tant que produits dans votre boutique WooCommerce<\/li>\n<li>Cr\u00e9e automatiquement un produit pour chaque galerie de votre galerie Envira<\/li>\n<li>Vous permet de g\u00e9rer et de vendre plusieurs galeries comme un produit avec la possibilit\u00e9 d&rsquo;ajouter plusieurs variations<\/li>\n<li>Fournit une interface simple et conviviale pour g\u00e9rer et personnaliser vos listes de produits<\/li>\n<li>Vous aide \u00e0 augmenter les ventes et les conversions en pr\u00e9sentant vos superbes galeries d&rsquo;images en tant que produits<\/li>\n<li>Compatible avec la galerie Envira et les derni\u00e8res versions WooCommerce<\/li>\n<li>Livr\u00e9 avec des mises \u00e0 jour illimit\u00e9es et un support client 24\/7 pour la tranquillit\u00e9 d&rsquo;esprit.<\/li>\n<\/ul>\n","protected":false},"excerpt":{"rendered":"<p>L&rsquo;Addon WooCommerce de la galerie Envira, un outil robuste et puissant, a \u00e9t\u00e9 m\u00e9ticuleusement con\u00e7u avec l&rsquo;intention d&rsquo;\u00e9lever les performances de votre emporium virtuel. Ses capacit\u00e9s exceptionnelles vous permettent de fusionner de mani\u00e8re transparente votre galerie Envira avec vos offres WooCommerce, offrant ainsi une exp\u00e9rience rationalis\u00e9e et sans effort pour les acheteurs potentiels lorsqu&rsquo;ils parcourent et se procurent votre marchandise exquise. B\u00e9n\u00e9ficiant d&rsquo;une interface conviviale et instinctive, cet addon extraordinaire vous permet de fa\u00e7onner les galeries de produits impressionnantes qui servent de v\u00e9ritable f\u00eate pour les yeux, pr\u00e9sentant efficacement vos marchandises de la mani\u00e8re la plus impeccable imaginable. Avec sa myriade de caract\u00e9ristiques et de fonctionnalit\u00e9s, cet addon stellaire est vraiment une aubaine pour quiconque aspire \u00e0 catapulter sa boutique en ligne \u00e0 des sommets sans pr\u00e9c\u00e9dent en exploitant l&rsquo;attrait inh\u00e9rent d&rsquo;une imagerie de produits visuellement \u00e9poustouflante et de haut niveau.<\/p>\n","protected":false},"featured_media":143775,"comment_status":"open","ping_status":"open","template":"","meta":[],"product_brand":[2538],"product_cat":[1182,1223,1181],"product_tag":[2281],"class_list":{"0":"post-119761","1":"product","2":"type-product","3":"status-publish","4":"has-post-thumbnail","6":"product_brand-envira-gallery","7":"product_cat-commerce-electronique-plugins","8":"product_cat-personnalisation-commerce-electronique-plugins","9":"product_cat-plugins","10":"product_tag-envira-gallery","11":"member-discount","12":"discount-restricted","14":"first","15":"instock","16":"sale","17":"downloadable","18":"virtual","19":"sold-individually","20":"purchasable","21":"product-type-simple"},"_links":{"self":[{"href":"https:\/\/gpl-love.com\/fr\/wp-json\/wp\/v2\/product\/119761","targetHints":{"allow":["GET"]}}],"collection":[{"href":"https:\/\/gpl-love.com\/fr\/wp-json\/wp\/v2\/product"}],"about":[{"href":"https:\/\/gpl-love.com\/fr\/wp-json\/wp\/v2\/types\/product"}],"replies":[{"embeddable":true,"href":"https:\/\/gpl-love.com\/fr\/wp-json\/wp\/v2\/comments?post=119761"}],"wp:featuredmedia":[{"embeddable":true,"href":"https:\/\/gpl-love.com\/fr\/wp-json\/wp\/v2\/media\/143775"}],"wp:attachment":[{"href":"https:\/\/gpl-love.com\/fr\/wp-json\/wp\/v2\/media?parent=119761"}],"wp:term":[{"taxonomy":"product_brand","embeddable":true,"href":"https:\/\/gpl-love.com\/fr\/wp-json\/wp\/v2\/product_brand?post=119761"},{"taxonomy":"product_cat","embeddable":true,"href":"https:\/\/gpl-love.com\/fr\/wp-json\/wp\/v2\/product_cat?post=119761"},{"taxonomy":"product_tag","embeddable":true,"href":"https:\/\/gpl-love.com\/fr\/wp-json\/wp\/v2\/product_tag?post=119761"}],"curies":[{"name":"wp","href":"https:\/\/api.w.org\/{rel}","templated":true}]}}