{"id":119759,"date":"2024-02-13T00:00:00","date_gmt":"2024-02-12T23:00:00","guid":{"rendered":"https:\/\/gpl-love.com\/fr\/produit\/envira-gallery-watermarking-addon\/"},"modified":"2026-03-20T23:04:26","modified_gmt":"2026-03-20T22:04:26","slug":"envira-gallery-watermarking-addon","status":"publish","type":"product","link":"https:\/\/gpl-love.com\/fr\/produit\/envira-gallery-watermarking-addon\/","title":{"rendered":"Envira Gallery Watermarking Addon 1.4.6"},"content":{"rendered":"<h3>Envira Gallery Watermarking Addon Traits<\/h3>\n<p>L&rsquo;addon de filigrane de la galerie Envira est un outil extr\u00eamement robuste et efficace qui vous offre la capacit\u00e9 d&rsquo;incorporer sans effort un filigrane dans vos images directement dans la plate-forme de la galerie Envira. Cet addon incroyable vous permet de prot\u00e9ger vos pr\u00e9cieuses images contre le vol ou une utilisation non autoris\u00e9e, tout en vous permettant de montrer fi\u00e8rement et de pr\u00e9senter votre travail remarquable au public mondial. Le processus de filigrane lui-m\u00eame est remarquablement rapide et sans tracas, vous offrant la libert\u00e9 d&rsquo;adapter le filigrane selon vos sp\u00e9cifications et pr\u00e9f\u00e9rences exactes. De plus, vous avez la flexibilit\u00e9 de d\u00e9signer le placement pr\u00e9cis du filigrane sur vos images et affinez son niveau d&rsquo;opacit\u00e9, garantissant qu&rsquo;il s&rsquo;int\u00e8gre de mani\u00e8re transparente \u00e0 votre contenu d&rsquo;origine sans nuire \u00e0 son \u00e9clat inh\u00e9rent. Il va sans dire que cet addon remarquable est une n\u00e9cessit\u00e9 absolue pour les photographes, les artistes et les blogueurs qui cherchent \u00e0 prot\u00e9ger leurs actifs num\u00e9riques inestimables tout en maintenant simultan\u00e9ment une esth\u00e9tique vraiment professionnelle.<\/p>\n<ul>\n<li>Ajoutez facilement des filigranes \u00e0 vos images de galerie Envira pour prot\u00e9ger votre propri\u00e9t\u00e9 intellectuelle<\/li>\n<li>Choisissez parmi des filigranes de texte ou d&rsquo;image en fonction de votre marque et de vos pr\u00e9f\u00e9rences<\/li>\n<li>Contr\u00f4lez l&rsquo;opacit\u00e9 et la position de votre filigrane pour s&rsquo;adapter au mieux \u00e0 vos images<\/li>\n<li>Batch filigraner plusieurs images \u00e0 la fois pour gagner du temps et des tracas<\/li>\n<li>Prot\u00e9gez vos images contre l&rsquo;utilisation et la distribution non autoris\u00e9es avec cet addon essentiel<\/li>\n<li>Int\u00e9grez de mani\u00e8re transparente le filigrane dans votre flux de travail de votre Envira Gallery pour plus d&rsquo;efficacit\u00e9<\/li>\n<li>Profitez de la tranquillit\u00e9 d&rsquo;esprit et ajoutez la s\u00e9curit\u00e9 pour vos pr\u00e9cieux actifs d&rsquo;image<\/li>\n<\/ul>\n","protected":false},"excerpt":{"rendered":"<p>L&rsquo;Addon de la galerie Envira Gallery, un outil indispensable pour les photographes et les artistes cherchant \u00e0 prot\u00e9ger leurs pr\u00e9cieuses images contre l&rsquo;utilisation illicite, poss\u00e8de un \u00e9ventail de caract\u00e9ristiques remarquables. Cet addon puissant permet aux utilisateurs de modeler des filigranes personnalis\u00e9s, qui peuvent \u00eatre int\u00e9gr\u00e9s sans effort dans l&rsquo;int\u00e9gralit\u00e9 de leur portefeuille de galeries. Arm\u00e9 d&rsquo;attributs r\u00e9glables tels que l&rsquo;opacit\u00e9, la position et la taille, on peut fusionner de mani\u00e8re transparente leur filigrane avec leurs images, dissuadant simultan\u00e9ment les infractions potentielles sans compromettre la visibilit\u00e9. La nature conviviale et tr\u00e8s adaptable de l&rsquo;addon de filigrane de la galerie Envira le rend un choix optimal pour prot\u00e9ger sa propri\u00e9t\u00e9 intellectuelle.<\/p>\n","protected":false},"featured_media":143774,"comment_status":"open","ping_status":"open","template":"","meta":[],"product_brand":[2538],"product_cat":[1189,1181,1186],"product_tag":[2281],"class_list":{"0":"post-119759","1":"product","2":"type-product","3":"status-publish","4":"has-post-thumbnail","6":"product_brand-envira-gallery","7":"product_cat-personnalisation","8":"product_cat-plugins","9":"product_cat-wordpress-plugins","10":"product_tag-envira-gallery","11":"member-discount","12":"discount-restricted","14":"first","15":"instock","16":"sale","17":"downloadable","18":"virtual","19":"sold-individually","20":"purchasable","21":"product-type-simple"},"_links":{"self":[{"href":"https:\/\/gpl-love.com\/fr\/wp-json\/wp\/v2\/product\/119759","targetHints":{"allow":["GET"]}}],"collection":[{"href":"https:\/\/gpl-love.com\/fr\/wp-json\/wp\/v2\/product"}],"about":[{"href":"https:\/\/gpl-love.com\/fr\/wp-json\/wp\/v2\/types\/product"}],"replies":[{"embeddable":true,"href":"https:\/\/gpl-love.com\/fr\/wp-json\/wp\/v2\/comments?post=119759"}],"wp:featuredmedia":[{"embeddable":true,"href":"https:\/\/gpl-love.com\/fr\/wp-json\/wp\/v2\/media\/143774"}],"wp:attachment":[{"href":"https:\/\/gpl-love.com\/fr\/wp-json\/wp\/v2\/media?parent=119759"}],"wp:term":[{"taxonomy":"product_brand","embeddable":true,"href":"https:\/\/gpl-love.com\/fr\/wp-json\/wp\/v2\/product_brand?post=119759"},{"taxonomy":"product_cat","embeddable":true,"href":"https:\/\/gpl-love.com\/fr\/wp-json\/wp\/v2\/product_cat?post=119759"},{"taxonomy":"product_tag","embeddable":true,"href":"https:\/\/gpl-love.com\/fr\/wp-json\/wp\/v2\/product_tag?post=119759"}],"curies":[{"name":"wp","href":"https:\/\/api.w.org\/{rel}","templated":true}]}}