{"id":119757,"date":"2024-02-13T00:00:00","date_gmt":"2024-02-12T23:00:00","guid":{"rendered":"https:\/\/gpl-love.com\/fr\/produit\/envira-gallery-videos-addon\/"},"modified":"2026-03-20T23:04:24","modified_gmt":"2026-03-20T22:04:24","slug":"envira-gallery-videos-addon","status":"publish","type":"product","link":"https:\/\/gpl-love.com\/fr\/produit\/envira-gallery-videos-addon\/","title":{"rendered":"Envira Gallery Videos Addon 1.6.10"},"content":{"rendered":"<h3>Envira Gallery Videos Addon Traits<\/h3>\n<p>L&rsquo;addon de vid\u00e9os de la galerie Envira est un ajout crucial et indispensable au plugin WordPress de la galerie Envira, conf\u00e9rant une solution de galerie vid\u00e9o robuste et puissante aux sites Web. Gr\u00e2ce \u00e0 l&rsquo;utilisation de cet addon, les utilisateurs sont autoris\u00e9s \u00e0 fabriquer de magnifiques galeries vid\u00e9o qui pr\u00e9sentent une r\u00e9activit\u00e9 compl\u00e8te, une compatibilit\u00e9 avec les appareils mobiles et un penchant pour l&rsquo;optimisation des moteurs de recherche. L&rsquo;addon de vid\u00e9os de la galerie Envira est \u00e9quip\u00e9 de la possibilit\u00e9 de soutenir efficacement un vaste \u00e9ventail de formats vid\u00e9o, englobant des vid\u00e9os YouTube, Vimeo, Wistia et auto-h\u00e9berg\u00e9es. Pour augmenter davantage l&rsquo;exp\u00e9rience utilisateur, les individus sont meubl\u00e9s avec la flexibilit\u00e9 de personnaliser leurs galeries vid\u00e9o au moyen d&rsquo;un assortiment d&rsquo;alternatives de mise en page, d&rsquo;effets Lightbox et de l&rsquo;inclusion de l\u00e9gendes, facilitant ainsi la cr\u00e9ation transparente d&rsquo;une galerie vid\u00e9o distinctive et captivante qui s&rsquo;harmonise ainsi avec la conception globale de leur site Web. De plus, l&rsquo;addon s&rsquo;int\u00e8gre parfaitement aux plateformes de m\u00e9dias sociaux populaires, dominant les utilisateurs des moyens sans effort de diffuser et de partager leurs galeries vid\u00e9o. En r\u00e9sum\u00e9, l&rsquo;addon de vid\u00e9os de la galerie Envira est un outil exemplaire et louable pour les propri\u00e9taires de sites Web qui aspirent \u00e0 pr\u00e9senter leurs vid\u00e9os de mani\u00e8re professionnelle et esth\u00e9tique.<\/p>\n<ul>\n<li>Permet aux utilisateurs d&rsquo;ajouter et d&rsquo;afficher des vid\u00e9os dans leur galerie Envira<\/li>\n<li>Compatible avec YouTube, Vimeo, Wistia et des vid\u00e9os d&rsquo;auto-h\u00e9bergement<\/li>\n<li>G\u00e9n\u00e8re automatiquement des vignettes pour les vid\u00e9os<\/li>\n<li>Fournit des options pour personnaliser la lecture vid\u00e9o telle que le jeu automatique, la boucle et la muette<\/li>\n<li>Comprend un lecteur vid\u00e9o l\u00e9ger pour les temps de chargement rapide<\/li>\n<li>Conception r\u00e9active pour assurer un affichage appropri\u00e9 sur tous les appareils<\/li>\n<li>Capacit\u00e9 \u00e0 d\u00e9finir les dimensions vid\u00e9o et \u00e0 r\u00e9gler le rapport d&rsquo;aspect<\/li>\n<li>INTRESSE SEMBLABLEMENT DU BUILLEUR DE DRAGINE ENVIRA DE LA GALLES ENVIRA pour une personnalisation facile<\/li>\n<li>Prise en charge int\u00e9gr\u00e9e pour HTTPS \/ SSL pour assurer la lecture vid\u00e9o s\u00e9curis\u00e9e<\/li>\n<li>Mises \u00e0 jour r\u00e9guli\u00e8res et soutien fournis par l&rsquo;\u00e9quipe de Gallery Envira.<\/li>\n<\/ul>\n","protected":false},"excerpt":{"rendered":"<p>L&rsquo;addon de vid\u00e9os de la galerie Envira, un ajout remarquable \u00e0 votre galerie WordPress, vous offre la commodit\u00e9 de pr\u00e9senter sans effort des vid\u00e9os de votre compte YouTube ou Vimeo. Son interface conviviale vous permet de construire rapidement et sans effort sans effort des galeries vid\u00e9o exquises qui mettent efficacement votre contenu de la mani\u00e8re la plus favorable imaginable. Que vous vous identifiiez comme un blogueur ou un propri\u00e9taire commercial, l&rsquo;addon de vid\u00e9os de la galerie Envira est un instrument indispensable pour les personnes aspirant \u00e0 \u00e9lever leur importance en ligne \u00e0 des hauteurs sans pr\u00e9c\u00e9dent. Par cons\u00e9quent, pourquoi en retarder davantage? Commencez aujourd&rsquo;hui la cr\u00e9ation de splendides galeries vid\u00e9o et commencez \u00e0 \u00eatre t\u00e9moin de la fruit de vos aspirations de longue date.<\/p>\n","protected":false},"featured_media":143773,"comment_status":"open","ping_status":"open","template":"","meta":[],"product_brand":[2538],"product_cat":[1189,1181,1186],"product_tag":[2281],"class_list":{"0":"post-119757","1":"product","2":"type-product","3":"status-publish","4":"has-post-thumbnail","6":"product_brand-envira-gallery","7":"product_cat-personnalisation","8":"product_cat-plugins","9":"product_cat-wordpress-plugins","10":"product_tag-envira-gallery","11":"member-discount","12":"discount-restricted","14":"first","15":"instock","16":"sale","17":"downloadable","18":"virtual","19":"sold-individually","20":"purchasable","21":"product-type-simple"},"_links":{"self":[{"href":"https:\/\/gpl-love.com\/fr\/wp-json\/wp\/v2\/product\/119757","targetHints":{"allow":["GET"]}}],"collection":[{"href":"https:\/\/gpl-love.com\/fr\/wp-json\/wp\/v2\/product"}],"about":[{"href":"https:\/\/gpl-love.com\/fr\/wp-json\/wp\/v2\/types\/product"}],"replies":[{"embeddable":true,"href":"https:\/\/gpl-love.com\/fr\/wp-json\/wp\/v2\/comments?post=119757"}],"wp:featuredmedia":[{"embeddable":true,"href":"https:\/\/gpl-love.com\/fr\/wp-json\/wp\/v2\/media\/143773"}],"wp:attachment":[{"href":"https:\/\/gpl-love.com\/fr\/wp-json\/wp\/v2\/media?parent=119757"}],"wp:term":[{"taxonomy":"product_brand","embeddable":true,"href":"https:\/\/gpl-love.com\/fr\/wp-json\/wp\/v2\/product_brand?post=119757"},{"taxonomy":"product_cat","embeddable":true,"href":"https:\/\/gpl-love.com\/fr\/wp-json\/wp\/v2\/product_cat?post=119757"},{"taxonomy":"product_tag","embeddable":true,"href":"https:\/\/gpl-love.com\/fr\/wp-json\/wp\/v2\/product_tag?post=119757"}],"curies":[{"name":"wp","href":"https:\/\/api.w.org\/{rel}","templated":true}]}}