{"id":119753,"date":"2024-02-13T00:00:00","date_gmt":"2024-02-12T23:00:00","guid":{"rendered":"https:\/\/gpl-love.com\/fr\/produit\/envira-gallery-slideshow-addon\/"},"modified":"2026-03-20T23:04:23","modified_gmt":"2026-03-20T22:04:23","slug":"envira-gallery-slideshow-addon","status":"publish","type":"product","link":"https:\/\/gpl-love.com\/fr\/produit\/envira-gallery-slideshow-addon\/","title":{"rendered":"Envira Gallery Slideshow Addon 1.3.9"},"content":{"rendered":"<h3>Envira Gallery Slideshow Addon Traits<\/h3>\n<p>L&rsquo;addon de diaporama de la galerie Envira, un plugin remarquablement puissant, a \u00e9t\u00e9 con\u00e7u de mani\u00e8re complexe pour convertir efficacement vos galeries de photos en diaporamas visuellement frappants. En utilisant cet addon remarquable, vous pourrez sans effort g\u00e9n\u00e9rer des diaporamas exceptionnellement magnifiques et dynamiques qui pr\u00e9sentent impeccablement vos images d&rsquo;une mani\u00e8re absolument captivante. De plus, il offre une vaste gamme d&rsquo;options de personnalisation, vous accordant ainsi la possibilit\u00e9 d&rsquo;ajuster parfaitement la vitesse, les effets de transition et diverses autres fonctionnalit\u00e9s de votre diaporama en fonction de vos pr\u00e9f\u00e9rences pr\u00e9cises. En plus de ses fonctionnalit\u00e9s remarquables, l&rsquo;addon de diaporama de la galerie Envira est \u00e9galement remarquablement conviviale, avec une interface de glisser-d\u00e9poser remarquablement intuitive qui vous permet de cr\u00e9er et de modifier sans effort votre diaporama avec la plus grande facilit\u00e9 et la plus grande commodit\u00e9. Que vous soyez un photographe professionnel ou que vous cherchiez simplement \u00e0 ajouter une touche de panache visuel \u00e0 votre site Web, l&rsquo;addon de diaporama de la galerie Envira se distingue sans \u00e9quivoque comme un outil in\u00e9gal\u00e9 qui permet la cr\u00e9ation transparente de galeries de photos vraiment \u00e0 couper le souffle.<\/p>\n<ul>\n<li>Addon de diaporama facile \u00e0 utiliser pour la galerie Envira<\/li>\n<li>Cr\u00e9ez de beaux diaporamas personnalisables pour votre site Web<\/li>\n<li>Choisissez parmi plusieurs effets de transition de diapositive<\/li>\n<li>Ajouter des l\u00e9gendes et des descriptions \u00e0 chaque diapositive<\/li>\n<li>Option pour afficher ou masquer les contr\u00f4les de pagination et de navigation<\/li>\n<li>Conception enti\u00e8rement r\u00e9active pour les utilisateurs de mobiles et de tablettes<\/li>\n<li>Compatible avec les th\u00e8mes WordPress les plus populaires<\/li>\n<li>Int\u00e9grer facilement les diaporamas \u00e0 l&rsquo;aide de shortcodes ou de blocs Gutenberg<\/li>\n<li>Options de personnalisation avanc\u00e9es pour les d\u00e9veloppeurs<\/li>\n<li>\u00c9quipe de support d\u00e9di\u00e9e disponible pour tous les clients<\/li>\n<\/ul>\n","protected":false},"excerpt":{"rendered":"<p>L&rsquo;addon de diaporama de la galerie Envira se pr\u00e9sente comme un instrument exceptionnel dans le but de fabriquer des diaporamas d&rsquo;image remarquables sur votre site Web WordPress. Cet outil particulier offre des proc\u00e9dures d&rsquo;installation simples et une large gamme d&rsquo;options personnalisables, vous permettant ainsi de pr\u00e9senter vos images de mani\u00e8re polie et sophistiqu\u00e9e. En outre, vous avez la possibilit\u00e9 de choisir un assortiment diversifi\u00e9 d&rsquo;effets d&rsquo;animation, de d\u00e9terminer la vitesse \u00e0 laquelle le diaporama progresse et d&rsquo;exercer un contr\u00f4le sur les aspects de navigation, qui contribueront tous \u00e0 la cr\u00e9ation d&rsquo;un diaporama distinctif et captivant qui sera ind\u00e9niablement \u00c9levez l&rsquo;attrait visuel de votre site Web. De plus, cet addon ph\u00e9nom\u00e9nal est con\u00e7u pour \u00eatre adapt\u00e9 \u00e0 l&rsquo;optimisation des moteurs et garantit des performances optimales en termes de vitesse, garantissant ainsi que votre site Web soutient sa rapidit\u00e9 et reste convivial. Commencez le processus de captivation des visiteurs de votre site Web aujourd&rsquo;hui en incorporant l&rsquo;addon de diaporama remarquable de la galerie Envira dans votre site Web.<\/p>\n","protected":false},"featured_media":143771,"comment_status":"open","ping_status":"open","template":"","meta":[],"product_brand":[2538],"product_cat":[1189,1181,1186],"product_tag":[2281],"class_list":{"0":"post-119753","1":"product","2":"type-product","3":"status-publish","4":"has-post-thumbnail","6":"product_brand-envira-gallery","7":"product_cat-personnalisation","8":"product_cat-plugins","9":"product_cat-wordpress-plugins","10":"product_tag-envira-gallery","11":"member-discount","12":"discount-restricted","14":"first","15":"instock","16":"sale","17":"downloadable","18":"virtual","19":"sold-individually","20":"purchasable","21":"product-type-simple"},"_links":{"self":[{"href":"https:\/\/gpl-love.com\/fr\/wp-json\/wp\/v2\/product\/119753","targetHints":{"allow":["GET"]}}],"collection":[{"href":"https:\/\/gpl-love.com\/fr\/wp-json\/wp\/v2\/product"}],"about":[{"href":"https:\/\/gpl-love.com\/fr\/wp-json\/wp\/v2\/types\/product"}],"replies":[{"embeddable":true,"href":"https:\/\/gpl-love.com\/fr\/wp-json\/wp\/v2\/comments?post=119753"}],"wp:featuredmedia":[{"embeddable":true,"href":"https:\/\/gpl-love.com\/fr\/wp-json\/wp\/v2\/media\/143771"}],"wp:attachment":[{"href":"https:\/\/gpl-love.com\/fr\/wp-json\/wp\/v2\/media?parent=119753"}],"wp:term":[{"taxonomy":"product_brand","embeddable":true,"href":"https:\/\/gpl-love.com\/fr\/wp-json\/wp\/v2\/product_brand?post=119753"},{"taxonomy":"product_cat","embeddable":true,"href":"https:\/\/gpl-love.com\/fr\/wp-json\/wp\/v2\/product_cat?post=119753"},{"taxonomy":"product_tag","embeddable":true,"href":"https:\/\/gpl-love.com\/fr\/wp-json\/wp\/v2\/product_tag?post=119753"}],"curies":[{"name":"wp","href":"https:\/\/api.w.org\/{rel}","templated":true}]}}