{"id":119751,"date":"2024-02-13T00:00:00","date_gmt":"2024-02-12T23:00:00","guid":{"rendered":"https:\/\/gpl-love.com\/fr\/produit\/envira-gallery-schedule-addon\/"},"modified":"2026-03-20T23:04:22","modified_gmt":"2026-03-20T22:04:22","slug":"envira-gallery-schedule-addon","status":"publish","type":"product","link":"https:\/\/gpl-love.com\/fr\/produit\/envira-gallery-schedule-addon\/","title":{"rendered":"Envira Gallery Schedule Addon 1.2.6"},"content":{"rendered":"<h3>Envira Gallery Schedule Addon Traits<\/h3>\n<p>L&rsquo;addon de calendrier de la galerie Envira est un outil extr\u00eamement puissant qui vous accorde la possibilit\u00e9 de planifier m\u00e9ticuleusement l&rsquo;exposition de vos images et galeries captivantes \u00e0 des moments sp\u00e9cifiquement d\u00e9sign\u00e9s. Cet addon ing\u00e9nieux vous permet sans effort de construire un calendrier complet pour vos galeries m\u00e9ticuleusement organis\u00e9es, garantissant ainsi que les visiteurs de votre site Web estim\u00e9s sont perp\u00e9tuellement pr\u00e9sent\u00e9s avec un flux constant de contenu nouveau et passionnant. Que votre objectif ultime implique de pr\u00e9senter les versions de produits les plus r\u00e9centes et les plus innovantes, le d\u00e9voilement des promotions exclusives de l&rsquo;attrait exceptionnel ou le comm\u00e9morant des \u00e9v\u00e9nements saisonniers joyeux, assurez-vous que l&rsquo;addon de la galerie Envira Galler -Date Site Web. Pr\u00e9sentant une interface navigable sans effort et avec un \u00e9ventail d&rsquo;options de planification remarquablement flexibles, cet addon extraordinaire sert de solution par excellence \u00e0 toute personne cherchant \u00e0 \u00e9lever sa pr\u00e9sence virtuelle et \u00e0 dessiner sans effort un afflux augment\u00e9 de visiteurs \u00e0 son site estim\u00e9.<\/p>\n<ul>\n<li>Planifiez de mani\u00e8re transparente vos images de galerie, vous permettant de g\u00e9rer facilement votre contenu<\/li>\n<li>Planifiez les galeries pour publier automatiquement des dates ou des heures sp\u00e9cifiques, en garantissant des versions en temps opportun et une augmentation de l&rsquo;engagement des utilisateurs<\/li>\n<li>Aper\u00e7u sans effort les galeries planifi\u00e9es pour v\u00e9rifier tous les ajustements ou modifications n\u00e9cessaires avant la publication<\/li>\n<li>Personnalisez le calendrier pour r\u00e9pondre \u00e0 vos besoins sp\u00e9cifiques, avec des options flexibles pour les versions quotidiennes, hebdomadaires ou mensuelles<\/li>\n<li>Gagnez du temps et augmentez la productivit\u00e9 avec cet outil de planification puissant, vous permettant de vous concentrer sur d&rsquo;autres aspects de votre site Web ou de votre entreprise.<\/li>\n<\/ul>\n","protected":false},"excerpt":{"rendered":"<p>L&rsquo;Addon de la galerie Envira Gallery, un outil indispensable r\u00e9pondant aux besoins des photographes et des propri\u00e9taires de sites Web, offre une exp\u00e9rience transparente dans la gestion et l&rsquo;optimisation des galeries d&rsquo;images. Gr\u00e2ce \u00e0 l&rsquo;utilisation de cet addon, les utilisateurs aiment la commodit\u00e9 de planifier sans effort leurs galeries d&rsquo;images bien \u00e0 l&rsquo;avance, garantissant que leurs sites Web restent dynamiques et actuels. De plus, cet addon polyvalent permet aux utilisateurs d&rsquo;\u00e9tablir des dates de d\u00e9but et de fin pr\u00e9cises pour chaque galerie individuelle, en plus de faciliter la cr\u00e9ation de calendriers r\u00e9currents pour les galeries qui n\u00e9cessitent des mises \u00e0 jour r\u00e9guli\u00e8res. L&rsquo;addon de calendrier de la galerie Envira se r\u00e9v\u00e8le sans aucun doute \u00eatre une ressource inestimable pour les personnes cherchant \u00e0 rationaliser leur flux de travail et \u00e0 r\u00e9volutionner leurs pratiques de gestion de la galerie, ce qui leur a finalement fait gagner beaucoup de temps et permettant l&rsquo;automatisation de leurs efforts de gestion de galerie.<\/p>\n","protected":false},"featured_media":143770,"comment_status":"open","ping_status":"open","template":"","meta":[],"product_brand":[2538],"product_cat":[1189,1181,1186],"product_tag":[2281],"class_list":{"0":"post-119751","1":"product","2":"type-product","3":"status-publish","4":"has-post-thumbnail","6":"product_brand-envira-gallery","7":"product_cat-personnalisation","8":"product_cat-plugins","9":"product_cat-wordpress-plugins","10":"product_tag-envira-gallery","11":"member-discount","12":"discount-restricted","14":"first","15":"instock","16":"sale","17":"downloadable","18":"virtual","19":"sold-individually","20":"purchasable","21":"product-type-simple"},"_links":{"self":[{"href":"https:\/\/gpl-love.com\/fr\/wp-json\/wp\/v2\/product\/119751","targetHints":{"allow":["GET"]}}],"collection":[{"href":"https:\/\/gpl-love.com\/fr\/wp-json\/wp\/v2\/product"}],"about":[{"href":"https:\/\/gpl-love.com\/fr\/wp-json\/wp\/v2\/types\/product"}],"replies":[{"embeddable":true,"href":"https:\/\/gpl-love.com\/fr\/wp-json\/wp\/v2\/comments?post=119751"}],"wp:featuredmedia":[{"embeddable":true,"href":"https:\/\/gpl-love.com\/fr\/wp-json\/wp\/v2\/media\/143770"}],"wp:attachment":[{"href":"https:\/\/gpl-love.com\/fr\/wp-json\/wp\/v2\/media?parent=119751"}],"wp:term":[{"taxonomy":"product_brand","embeddable":true,"href":"https:\/\/gpl-love.com\/fr\/wp-json\/wp\/v2\/product_brand?post=119751"},{"taxonomy":"product_cat","embeddable":true,"href":"https:\/\/gpl-love.com\/fr\/wp-json\/wp\/v2\/product_cat?post=119751"},{"taxonomy":"product_tag","embeddable":true,"href":"https:\/\/gpl-love.com\/fr\/wp-json\/wp\/v2\/product_tag?post=119751"}],"curies":[{"name":"wp","href":"https:\/\/api.w.org\/{rel}","templated":true}]}}