{"id":119749,"date":"2024-08-03T00:00:00","date_gmt":"2024-08-02T22:00:00","guid":{"rendered":"https:\/\/gpl-love.com\/fr\/produit\/envira-gallery-protection-addon\/"},"modified":"2026-03-20T23:04:21","modified_gmt":"2026-03-20T22:04:21","slug":"envira-gallery-protection-addon","status":"publish","type":"product","link":"https:\/\/gpl-love.com\/fr\/produit\/envira-gallery-protection-addon\/","title":{"rendered":"Envira Gallery Protection Addon 1.3.8"},"content":{"rendered":"<h3>Envira Gallery Protection Addon Traits<\/h3>\n<p>L&rsquo;addon de protection de la galerie Envira sert d&rsquo;outil fondamental pour les personnes cherchant \u00e0 prot\u00e9ger leurs images en ligne, offrant une gamme de fonctionnalit\u00e9s pour fortifier leurs actifs num\u00e9riques. Cet addon permet aux utilisateurs d&rsquo;\u00e9tablir des galeries prot\u00e9g\u00e9es par mot de passe qui garantissent la plus grande s\u00e9curit\u00e9 et entravent tout acc\u00e8s non autoris\u00e9. Notamment, l&rsquo;interface conviviale rend le processus de configuration une brise, permettant aux utilisateurs de configurer rapidement leurs galeries en quelques minutes. De plus, l&rsquo;invite de mot de passe peut \u00eatre personnalis\u00e9e sans effort pour s&rsquo;aligner parfaitement sur la marque de leur site Web, am\u00e9liorant ainsi l&rsquo;exp\u00e9rience utilisateur globale. De plus, l&rsquo;addon de protection de la galerie Envira s&rsquo;int\u00e8gre de mani\u00e8re transparente aux plugins d&rsquo;adh\u00e9sion populaires, dominant ainsi les utilisateurs d&rsquo;un contr\u00f4le amplifi\u00e9 sur le public autoris\u00e9 \u00e0 voir leurs images. Que vous soyez un photographe exigeant qui s&rsquo;efforce de prot\u00e9ger vos efforts cr\u00e9atifs ou un propri\u00e9taire d&rsquo;entreprise astucieux d\u00e9sireux de pr\u00e9server les images confidentielles et sensibles, l&rsquo;addon de protection de la galerie Envira appara\u00eet comme la solution par excellence pour r\u00e9pondre \u00e0 vos besoins.<\/p>\n<ul>\n<li>Prot\u00e9gea votre galerie Envira contre l&rsquo;acc\u00e8s et la copie non autoris\u00e9s.<\/li>\n<li>Restreint l&rsquo;acc\u00e8s \u00e0 vos photos et galeries aux utilisateurs autoris\u00e9s uniquement.<\/li>\n<li>Ajoute une couche suppl\u00e9mentaire de s\u00e9curit\u00e9 \u00e0 votre site Web WordPress.<\/li>\n<li>Affaire un filigrane solidement vos images pour emp\u00eacher le vol et l&rsquo;utilisation non autoris\u00e9e.<\/li>\n<li>Prot\u00e8ge vos images de la partage ou du t\u00e9l\u00e9chargement sans autorisation.<\/li>\n<li>Facile \u00e0 installer et \u00e0 configurer pour plus de tranquillit\u00e9 d&rsquo;esprit.<\/li>\n<li>Compatible avec la galerie Envira et d&rsquo;autres plugins WordPress pour am\u00e9liorer la fonctionnalit\u00e9 de votre site.<\/li>\n<li>Des prix abordables pr\u00e9voient d&rsquo;adapter tous les budgets.<\/li>\n<li>Support client 24\/7 pour toutes vos questions et pr\u00e9occupations.<\/li>\n<li>Un incontournable pour les photographes, les artistes et les entreprises qui cherchent \u00e0 prot\u00e9ger leurs images et galeries en ligne.<\/li>\n<\/ul>\n","protected":false},"excerpt":{"rendered":"<p>L&rsquo;addon de protection de la galerie Envira, un plugin crucial, sert \u00e0 augmenter la s\u00e9curit\u00e9 de votre galerie de photos, renfor\u00e7ant ainsi sa d\u00e9fense contre tout acc\u00e8s ou diffusion illicite de vos photographies. En offrant une gamme de fonctionnalit\u00e9s remarquables, y compris, mais sans s&rsquo;y limiter, le filigrane, l&#8217;empilement des fonctionnalit\u00e9s du clic droit et la sauvegarde des images, cet addon vous rassure que vos pr\u00e9cieux visuels restent prot\u00e9g\u00e9es de toute forme de d\u00e9tournement. De plus, cet addon garantit une exp\u00e9rience utilisateur sans effort en raison de son interface conviviale, des options de personnalisation approfondies et de son int\u00e9gration transparente avec d&rsquo;autres plugins. Ne tardez pas plus loin; Saisissez l&rsquo;opportunit\u00e9 de s\u00e9curiser vos pr\u00e9cieuses images en vous profitant de l&rsquo;addon de protection de la galerie Envira in\u00e9gal\u00e9e.<\/p>\n","protected":false},"featured_media":143769,"comment_status":"open","ping_status":"open","template":"","meta":[],"product_brand":[2538],"product_cat":[1189,1181,1186],"product_tag":[2281],"class_list":{"0":"post-119749","1":"product","2":"type-product","3":"status-publish","4":"has-post-thumbnail","6":"product_brand-envira-gallery","7":"product_cat-personnalisation","8":"product_cat-plugins","9":"product_cat-wordpress-plugins","10":"product_tag-envira-gallery","11":"member-discount","12":"discount-restricted","14":"first","15":"instock","16":"sale","17":"downloadable","18":"virtual","19":"sold-individually","20":"purchasable","21":"product-type-simple"},"_links":{"self":[{"href":"https:\/\/gpl-love.com\/fr\/wp-json\/wp\/v2\/product\/119749","targetHints":{"allow":["GET"]}}],"collection":[{"href":"https:\/\/gpl-love.com\/fr\/wp-json\/wp\/v2\/product"}],"about":[{"href":"https:\/\/gpl-love.com\/fr\/wp-json\/wp\/v2\/types\/product"}],"replies":[{"embeddable":true,"href":"https:\/\/gpl-love.com\/fr\/wp-json\/wp\/v2\/comments?post=119749"}],"wp:featuredmedia":[{"embeddable":true,"href":"https:\/\/gpl-love.com\/fr\/wp-json\/wp\/v2\/media\/143769"}],"wp:attachment":[{"href":"https:\/\/gpl-love.com\/fr\/wp-json\/wp\/v2\/media?parent=119749"}],"wp:term":[{"taxonomy":"product_brand","embeddable":true,"href":"https:\/\/gpl-love.com\/fr\/wp-json\/wp\/v2\/product_brand?post=119749"},{"taxonomy":"product_cat","embeddable":true,"href":"https:\/\/gpl-love.com\/fr\/wp-json\/wp\/v2\/product_cat?post=119749"},{"taxonomy":"product_tag","embeddable":true,"href":"https:\/\/gpl-love.com\/fr\/wp-json\/wp\/v2\/product_tag?post=119749"}],"curies":[{"name":"wp","href":"https:\/\/api.w.org\/{rel}","templated":true}]}}