{"id":119747,"date":"2024-11-18T00:00:00","date_gmt":"2024-11-17T23:00:00","guid":{"rendered":"https:\/\/gpl-love.com\/fr\/produit\/envira-gallery-proofing-addon\/"},"modified":"2026-03-20T23:04:20","modified_gmt":"2026-03-20T22:04:20","slug":"envira-gallery-proofing-addon","status":"publish","type":"product","link":"https:\/\/gpl-love.com\/fr\/produit\/envira-gallery-proofing-addon\/","title":{"rendered":"Envira Gallery Proofing Addon 2.0.8"},"content":{"rendered":"<h3>Envira Gallery Proofing Addon Traits<\/h3>\n<p>L&rsquo;addon de l&rsquo;\u00e9preuvation de la galerie Envira, un outil tr\u00e8s puissant sp\u00e9cialement con\u00e7u pour les photographes et les artistes, offre une solution transparente et efficace pour le processus de preuve de leur travail cr\u00e9atif. Gr\u00e2ce \u00e0 l&rsquo;utilisation de cet addon, les utilisateurs ont la possibilit\u00e9 d&rsquo;\u00e9tablir sans effort des galeries personnalis\u00e9es et exclusives pour leurs clients, leur permettant ainsi de parcourir et de s\u00e9lectionner soigneusement leurs images les plus ch\u00e8res. L&rsquo;interface exceptionnellement conviviale facilite en outre le marquage des images comme approuv\u00e9, rejet\u00e9 ou n\u00e9cessitant des modifications, permettant ainsi un processus d&rsquo;\u00e9valuation rationalis\u00e9 et simple. En outre, l&rsquo;addon poss\u00e8de \u00e9galement un syst\u00e8me de commentaires int\u00e9gr\u00e9 remarquable, ce qui permet aux clients de fournir des commentaires et des suggestions inestimables directement sur les images elles-m\u00eames. Cette caract\u00e9ristique inestimable non seulement permet d&rsquo;\u00e9conomiser une abondance de temps, mais garantit \u00e9galement que le client et l&rsquo;artiste sont en parfait alignement et harmonie tout au long du voyage de preuve. Sans l&rsquo;ombre d&rsquo;un doute, l&rsquo;addon de l&rsquo;\u00e9preuve de la galerie Envira est un outil indispensable et indispensable pour tous ceux qui cherchent \u00e0 optimiser et \u00e0 am\u00e9liorer leur flux de travail, tout en offrant simultan\u00e9ment une exp\u00e9rience impeccablement professionnelle et in\u00e9gal\u00e9e \u00e0 leur client\u00e8le estim\u00e9e.<\/p>\n<ul>\n<li>L&rsquo;addon de l&rsquo;\u00e9preuvation de la galerie Envira permet aux utilisateurs de preuve d&rsquo;images dans leurs galeries avant d&rsquo;\u00eatre imprim\u00e9es ou publi\u00e9es en ligne.<\/li>\n<li>Avec des fonctionnalit\u00e9s telles que le filigrane, la protection des mots de passe et les commentaires des clients, les utilisateurs peuvent s&rsquo;assurer que leurs images sont s\u00e9curis\u00e9es et pr\u00eates pour l&rsquo;approbation du client.<\/li>\n<li>Cet addon est facile \u00e0 utiliser, avec une interface conviviale qui rend la prestation d&rsquo;images un jeu d&rsquo;enfant.<\/li>\n<li>Il est compatible avec le plugin de la galerie Envira et s&rsquo;int\u00e8gre parfaitement aux th\u00e8mes WordPress populaires, afin que les utilisateurs puissent conserver leurs dispositions de galerie existantes.<\/li>\n<li>Avec des e-mails personnalisables, les utilisateurs peuvent s&rsquo;assurer qu&rsquo;ils restent en contact avec les clients tout au long du processus de prestation.<\/li>\n<li>L&rsquo;addon de l&rsquo;\u00e9preuvation de la galerie Envira comprend \u00e9galement des outils d&rsquo;analyse et de rapports, ce qui facilite le suivi et la gestion des approbations, des commentaires et des commentaires des clients.<\/li>\n<li>Que les utilisateurs soient des photographes, des concepteurs ou des entreprises professionnels qui cherchent \u00e0 rationaliser leur processus d&rsquo;\u00e9preuves d&rsquo;image, l&rsquo;addon de l&rsquo;\u00e9preuvation de la galerie Envira permet de pr\u00e9senter facilement votre travail et d&rsquo;obtenir l&rsquo;approbation du client.<\/li>\n<\/ul>\n","protected":false},"excerpt":{"rendered":"<p>L&rsquo;Addon de l&rsquo;\u00e9preuvation de la galerie Envira, un outil robuste m\u00e9ticuleusement con\u00e7u pour acc\u00e9l\u00e9rer le processus d&rsquo;approbation de l&rsquo;image pour l&rsquo;utilisation du projet, se pr\u00e9sente comme un module compl\u00e9mentaire instrumental englobant une interface conviviale et des fonctionnalit\u00e9s sophistiqu\u00e9es. Cette extension remarquable facilite la gestion transparente des compilations d&rsquo;images approfondies, permettant une lecture rapide et sans effort, une annotation et une approbation ou un licenciement de chaque image individuelle \u00e0 travers une poign\u00e9e de clics de souris. Que vous soyez absorb\u00e9 dans une entreprise personnelle ou charg\u00e9 de l&rsquo;administration d&rsquo;une entreprise de photographie pro\u00e9minente, l&rsquo;addon de la galerie Envira assume sans aucun doute un r\u00f4le indispensable dans l&rsquo;arsenal de toute cr\u00e9ation aspirante.<\/p>\n","protected":false},"featured_media":143768,"comment_status":"open","ping_status":"open","template":"","meta":[],"product_brand":[2538],"product_cat":[1189,1181,1186],"product_tag":[2281],"class_list":{"0":"post-119747","1":"product","2":"type-product","3":"status-publish","4":"has-post-thumbnail","6":"product_brand-envira-gallery","7":"product_cat-personnalisation","8":"product_cat-plugins","9":"product_cat-wordpress-plugins","10":"product_tag-envira-gallery","11":"member-discount","12":"discount-restricted","14":"first","15":"instock","16":"sale","17":"downloadable","18":"virtual","19":"sold-individually","20":"purchasable","21":"product-type-simple"},"_links":{"self":[{"href":"https:\/\/gpl-love.com\/fr\/wp-json\/wp\/v2\/product\/119747","targetHints":{"allow":["GET"]}}],"collection":[{"href":"https:\/\/gpl-love.com\/fr\/wp-json\/wp\/v2\/product"}],"about":[{"href":"https:\/\/gpl-love.com\/fr\/wp-json\/wp\/v2\/types\/product"}],"replies":[{"embeddable":true,"href":"https:\/\/gpl-love.com\/fr\/wp-json\/wp\/v2\/comments?post=119747"}],"wp:featuredmedia":[{"embeddable":true,"href":"https:\/\/gpl-love.com\/fr\/wp-json\/wp\/v2\/media\/143768"}],"wp:attachment":[{"href":"https:\/\/gpl-love.com\/fr\/wp-json\/wp\/v2\/media?parent=119747"}],"wp:term":[{"taxonomy":"product_brand","embeddable":true,"href":"https:\/\/gpl-love.com\/fr\/wp-json\/wp\/v2\/product_brand?post=119747"},{"taxonomy":"product_cat","embeddable":true,"href":"https:\/\/gpl-love.com\/fr\/wp-json\/wp\/v2\/product_cat?post=119747"},{"taxonomy":"product_tag","embeddable":true,"href":"https:\/\/gpl-love.com\/fr\/wp-json\/wp\/v2\/product_tag?post=119747"}],"curies":[{"name":"wp","href":"https:\/\/api.w.org\/{rel}","templated":true}]}}